{"id":57,"date":"2011-12-21T19:49:06","date_gmt":"2011-12-21T18:49:06","guid":{"rendered":"http:\/\/www.viatel.se\/dk\/?page_id=57"},"modified":"2024-12-04T10:54:53","modified_gmt":"2024-12-04T09:54:53","slug":"sms-utskick","status":"publish","type":"page","link":"https:\/\/www.viatel.se\/dk\/sms-utskick\/","title":{"rendered":"SMS"},"content":{"rendered":"<div class=\"fusion-fullwidth fullwidth-box fusion-builder-row-1 nonhundred-percent-fullwidth non-hundred-percent-height-scrolling\" style=\"background-color: rgba(255,255,255,0);background-position: left top;background-repeat: no-repeat;padding-top:20px;padding-right:0px;padding-bottom:20px;padding-left:0px;margin-bottom: 0px;margin-top: 0px;border-width: 0px 0px 0px 0px;border-color:#eae9e9;border-style:solid;\" ><div class=\"fusion-builder-row fusion-row\"><div class=\"fusion-layout-column fusion_builder_column fusion-builder-column-0 fusion_builder_column_2_3 2_3 fusion-two-third fusion-column-first preamble\" style=\"width:65.3333%; margin-right: 4%;margin-top:0px;margin-bottom:20px;\"><div class=\"fusion-column-wrapper fusion-flex-column-wrapper-legacy\" style=\"background-position:left top;background-repeat:no-repeat;-webkit-background-size:cover;-moz-background-size:cover;-o-background-size:cover;background-size:cover;padding: 0px 0px 0px 0px;\"><div class=\"fusion-text fusion-text-1\"><h1>SMS afsendelse<\/h1>\n<p>At sende SMS er en enkel og pr\u00e6cis m\u00e5de at kommunikere med dine kunder p\u00e5. Du kan bruge tjenesten til at udsende tilbud, information eller p\u00e5mindelser. Med SMS n\u00e5r du den rigtige person p\u00e5 det rigtige tidspunkt, til en lav pris.<\/p>\n<\/div><ul class=\"fusion-checklist fusion-checklist-1\" style=\"font-size:14px;line-height:23.8px;\"><li class=\"fusion-li-item\"><span style=\"background-color:#8bc34a;font-size:12.32px;height:23.8px;width:23.8px;margin-right:9.8px;\" class=\"icon-wrapper circle-yes\"><i class=\"fusion-li-icon fa fa-check\" style=\"color:#ffffff;\" aria-hidden=\"true\"><\/i><\/span><div class=\"fusion-li-item-content\" style=\"margin-left:33.6px;\">\n<p>Det er enkelt og bekvemt at sende SMS via kundeweb<\/p>\n<\/div><\/li><li class=\"fusion-li-item\"><span style=\"background-color:#8bc34a;font-size:12.32px;height:23.8px;width:23.8px;margin-right:9.8px;\" class=\"icon-wrapper circle-yes\"><i class=\"fusion-li-icon fa fa-check\" style=\"color:#ffffff;\" aria-hidden=\"true\"><\/i><\/span><div class=\"fusion-li-item-content\" style=\"margin-left:33.6px;\">\n<p>Send SMS via API<\/p>\n<\/div><\/li><li class=\"fusion-li-item\"><span style=\"background-color:#8bc34a;font-size:12.32px;height:23.8px;width:23.8px;margin-right:9.8px;\" class=\"icon-wrapper circle-yes\"><i class=\"fusion-li-icon fa fa-check\" style=\"color:#ffffff;\" aria-hidden=\"true\"><\/i><\/span><div class=\"fusion-li-item-content\" style=\"margin-left:33.6px;\">\n<p>Du kan selv s\u00e6tte afsender p\u00e5 SMS&#8217;en<\/p>\n<\/div><\/li><li class=\"fusion-li-item\"><span style=\"background-color:#8bc34a;font-size:12.32px;height:23.8px;width:23.8px;margin-right:9.8px;\" class=\"icon-wrapper circle-yes\"><i class=\"fusion-li-icon fa fa-check\" style=\"color:#ffffff;\" aria-hidden=\"true\"><\/i><\/span><div class=\"fusion-li-item-content\" style=\"margin-left:33.6px;\">\n<p>Dokumenteret, effektiv og pr\u00e6cis kommunikation<\/p>\n<\/div><\/li><\/ul><div class=\"fusion-clearfix\"><\/div><\/div><\/div><div class=\"fusion-layout-column fusion_builder_column fusion-builder-column-1 fusion_builder_column_1_3 1_3 fusion-one-third fusion-column-last\" style=\"width:30.6666%;margin-top:0px;margin-bottom:20px;\"><div class=\"fusion-column-wrapper fusion-flex-column-wrapper-legacy\" style=\"background-position:left top;background-repeat:no-repeat;-webkit-background-size:cover;-moz-background-size:cover;-o-background-size:cover;background-size:cover;padding: 0px 0px 0px 0px;\"><span class=\" fusion-imageframe imageframe-none imageframe-1 hover-type-none\"><img decoding=\"async\" width=\"210\" height=\"261\" title=\"SMS\" src=\"data:image\/svg+xml,%3Csvg%20xmlns%3D%27http%3A%2F%2Fwww.w3.org%2F2000%2Fsvg%27%20width%3D%27210%27%20height%3D%27261%27%20viewBox%3D%270%200%20210%20261%27%3E%3Crect%20width%3D%27210%27%20height%3D%27261%27%20fill-opacity%3D%220%22%2F%3E%3C%2Fsvg%3E\" data-orig-src=\"https:\/\/www.viatel.se\/dk\/wp-content\/uploads\/sites\/4\/Produktsida_SendBySMS.jpg\" class=\"lazyload img-responsive wp-image-3891\"\/><\/span><div class=\"fusion-clearfix\"><\/div><\/div><\/div><div class=\"fusion-layout-column fusion_builder_column fusion-builder-column-2 fusion_builder_column_1_2 1_2 fusion-one-half fusion-column-first\" style=\"width:48%; margin-right: 4%;margin-top:0px;margin-bottom:20px;\"><div class=\"fusion-column-wrapper fusion-flex-column-wrapper-legacy\" style=\"background-position:left top;background-repeat:no-repeat;-webkit-background-size:cover;-moz-background-size:cover;-o-background-size:cover;background-size:cover;padding: 0px 0px 0px 0px;\"><div class=\"fusion-text fusion-text-2\"><h2>Let at komme i gang<\/h2>\n<p>Du kan v\u00e6lge at sende SMS via vores webgr\u00e6nseflade eller via vores API. Med vores webinterface kommer du hurtigt og nemt i gang, helt uden din egen teknologi. Gennem vores API kan du koble tjenesten direkte til dit CRM-system.<\/p>\n<h2>At n\u00e5 ud lokalt og globalt<\/h2>\n<p>Med tjenesten kan du sende SMS til en enkelt modtager eller tusindvis af modtagere p\u00e5 samme tid. Din SMS n\u00e5r dig uanset hvor dine kunder er, det er lige s\u00e5 nemt at sende SMS lokalt som globalt.<\/p>\n<h2>Webgr\u00e6nseflade eller API<\/h2>\n<p>Du kan v\u00e6lge at sende SMS via vores webgr\u00e6nseflade eller via vores API. Sender du SMS via webgr\u00e6nsefladen, kr\u00e6ves ingen teknologi fra din side. \u00d8nsker du at integrere tjenesten med f.eks. dit CRM-system, bruger du vores API. Uanset hvad du v\u00e6lger, leverer vi en p\u00e5lidelig service, der hj\u00e6lper dig med at n\u00e5 dine kunder.<\/p>\n<h2>Leveringsrapport<\/h2>\n<p>N\u00e5r en SMS er blevet leveret til en modtager, informerer operat\u00f8ren normalt om det. Det er ogs\u00e5 muligt at modtage leveringsrapporter fra os, som blandt andet indeholder status p\u00e5 den afsendte SMS og tidspunktet for, hvorn\u00e5r SMS&#8217;en blev leveret.<\/p>\n<\/div><div class=\"fusion-clearfix\"><\/div><\/div><\/div><div class=\"fusion-layout-column fusion_builder_column fusion-builder-column-3 fusion_builder_column_1_2 1_2 fusion-one-half fusion-column-last\" style=\"width:48%;margin-top:0px;margin-bottom:20px;\"><div class=\"fusion-column-wrapper fusion-flex-column-wrapper-legacy\" style=\"background-position:left top;background-repeat:no-repeat;-webkit-background-size:cover;-moz-background-size:cover;-o-background-size:cover;background-size:cover;padding: 0px 0px 0px 0px;\"><div class=\"fusion-text fusion-text-3\"><h2>Planlagte sms-afsendelser<\/h2>\n<p>Du kan planl\u00e6gge dine udsendelser, uanset om du sender SMS via webgr\u00e6nsefladen eller vores API. Du angiver blot et tidspunkt for, hvorn\u00e5r forsendelsen skal g\u00e5; SMS&#8217;en sendes s\u00e5 automatisk p\u00e5 det angivne tidspunkt.<\/p>\n<h2>Lange tekstbeskeder<\/h2>\n<p>En enkelt SMS kan maksimalt indeholde 160 tegn, men hvis du \u00f8nsker at sende l\u00e6ngere beskeder, er det muligt at knytte flere SMS&#8217;er sammen. Det giver dig mulighed for at sende lange SMS&#8217;er p\u00e5 op til 918 tegn.<\/p>\n<h2>Indstil afsender<\/h2>\n<p>Du kan v\u00e6lge at indstille din egen afsender p\u00e5 dine SMS-beskeder, f.eks. dit firmanavn eller et mobiltelefonnummer. Den angivne afsender kan udskrives med maksimalt 11 tegn. Hvis du \u00f8nsker, at modtageren skal kunne svare p\u00e5 SMS&#8217;en, skal du angive et mobiltelefonnummer som afsender.<\/p>\n<h2>API<\/h2>\n<p>Med vores API kan du nemt integrere tjenesten i f.eks. dit CRM-system. Vores API er baseret p\u00e5 HTTP-kommunikation og er let at implementere. Opkald til os foretages via HTTP GET eller HTTP POST, parametre som f.eks. brugernavn, adgangskode, modtager og selve beskeden. Du kan ogs\u00e5 indtaste valgfrie parametre som f.eks et planlagt tidspunkt for afsendelse og afsender.<\/p>\n<p><a href=\"#sidebar\">For prisoplysninger\u00a0kan du kontakte os via sideformularen<\/a>.<\/p>\n<\/div><div class=\"fusion-clearfix\"><\/div><\/div><\/div><\/div><\/div>\n","protected":false},"excerpt":{"rendered":"","protected":false},"author":1,"featured_media":0,"parent":0,"menu_order":0,"comment_status":"closed","ping_status":"closed","template":"","meta":{"footnotes":""},"class_list":["post-57","page","type-page","status-publish","hentry"],"yoast_head":"<!-- This site is optimized with the Yoast SEO plugin v25.1 - https:\/\/yoast.com\/wordpress\/plugins\/seo\/ -->\n<title>Effektiv marknadsf\u00f6ring med SMS utskick | Viatel<\/title>\n<meta name=\"description\" content=\"Med SMS utskick n\u00e5r du r\u00e4tt person vid r\u00e4tt tillf\u00e4lle, till ett l\u00e5gt pris. Viatels SMS-tj\u00e4nst \u00e4r ett enkelt och tr\u00e4ffs\u00e4kert s\u00e4tt att kommunicera med era kunder\" \/>\n<meta name=\"robots\" content=\"index, follow, max-snippet:-1, max-image-preview:large, max-video-preview:-1\" \/>\n<link rel=\"canonical\" href=\"https:\/\/www.viatel.se\/dk\/sms-utskick\/\" \/>\n<meta property=\"og:locale\" content=\"sv_SE\" \/>\n<meta property=\"og:type\" content=\"article\" \/>\n<meta property=\"og:title\" content=\"Effektiv marknadsf\u00f6ring med SMS utskick | Viatel\" \/>\n<meta property=\"og:description\" content=\"Med SMS utskick n\u00e5r du r\u00e4tt person vid r\u00e4tt tillf\u00e4lle, till ett l\u00e5gt pris. Viatels SMS-tj\u00e4nst \u00e4r ett enkelt och tr\u00e4ffs\u00e4kert s\u00e4tt att kommunicera med era kunder\" \/>\n<meta property=\"og:url\" content=\"https:\/\/www.viatel.se\/dk\/sms-utskick\/\" \/>\n<meta property=\"og:site_name\" content=\"Viatel DK\" \/>\n<meta property=\"article:modified_time\" content=\"2024-12-04T09:54:53+00:00\" \/>\n<meta property=\"og:image\" content=\"https:\/\/www.viatel.se\/dk\/wp-content\/uploads\/sites\/4\/Produktsida_SendBySMS.jpg\" \/>\n<meta name=\"twitter:card\" content=\"summary_large_image\" \/>\n<meta name=\"twitter:label1\" content=\"Ber\u00e4knad l\u00e4stid\" \/>\n\t<meta name=\"twitter:data1\" content=\"5 minuter\" \/>\n<script type=\"application\/ld+json\" class=\"yoast-schema-graph\">{\"@context\":\"https:\/\/schema.org\",\"@graph\":[{\"@type\":\"WebPage\",\"@id\":\"https:\/\/www.viatel.se\/dk\/sms-utskick\/\",\"url\":\"https:\/\/www.viatel.se\/dk\/sms-utskick\/\",\"name\":\"Effektiv marknadsf\u00f6ring med SMS utskick | Viatel\",\"isPartOf\":{\"@id\":\"https:\/\/www.viatel.se\/dk\/#website\"},\"primaryImageOfPage\":{\"@id\":\"https:\/\/www.viatel.se\/dk\/sms-utskick\/#primaryimage\"},\"image\":{\"@id\":\"https:\/\/www.viatel.se\/dk\/sms-utskick\/#primaryimage\"},\"thumbnailUrl\":\"https:\/\/www.viatel.se\/dk\/wp-content\/uploads\/sites\/4\/Produktsida_SendBySMS.jpg\",\"datePublished\":\"2011-12-21T18:49:06+00:00\",\"dateModified\":\"2024-12-04T09:54:53+00:00\",\"description\":\"Med SMS utskick n\u00e5r du r\u00e4tt person vid r\u00e4tt tillf\u00e4lle, till ett l\u00e5gt pris. Viatels SMS-tj\u00e4nst \u00e4r ett enkelt och tr\u00e4ffs\u00e4kert s\u00e4tt att kommunicera med era kunder\",\"breadcrumb\":{\"@id\":\"https:\/\/www.viatel.se\/dk\/sms-utskick\/#breadcrumb\"},\"inLanguage\":\"sv-SE\",\"potentialAction\":[{\"@type\":\"ReadAction\",\"target\":[\"https:\/\/www.viatel.se\/dk\/sms-utskick\/\"]}]},{\"@type\":\"ImageObject\",\"inLanguage\":\"sv-SE\",\"@id\":\"https:\/\/www.viatel.se\/dk\/sms-utskick\/#primaryimage\",\"url\":\"https:\/\/www.viatel.se\/dk\/wp-content\/uploads\/sites\/4\/Produktsida_SendBySMS.jpg\",\"contentUrl\":\"https:\/\/www.viatel.se\/dk\/wp-content\/uploads\/sites\/4\/Produktsida_SendBySMS.jpg\",\"width\":210,\"height\":261},{\"@type\":\"BreadcrumbList\",\"@id\":\"https:\/\/www.viatel.se\/dk\/sms-utskick\/#breadcrumb\",\"itemListElement\":[{\"@type\":\"ListItem\",\"position\":1,\"name\":\"Hem\",\"item\":\"https:\/\/www.viatel.se\/dk\/\"},{\"@type\":\"ListItem\",\"position\":2,\"name\":\"SMS\"}]},{\"@type\":\"WebSite\",\"@id\":\"https:\/\/www.viatel.se\/dk\/#website\",\"url\":\"https:\/\/www.viatel.se\/dk\/\",\"name\":\"Viatel DK\",\"description\":\"Betalnummer i Sverige, Norge och Finland\",\"potentialAction\":[{\"@type\":\"SearchAction\",\"target\":{\"@type\":\"EntryPoint\",\"urlTemplate\":\"https:\/\/www.viatel.se\/dk\/?s={search_term_string}\"},\"query-input\":{\"@type\":\"PropertyValueSpecification\",\"valueRequired\":true,\"valueName\":\"search_term_string\"}}],\"inLanguage\":\"sv-SE\"}]}<\/script>\n<!-- \/ Yoast SEO plugin. -->","yoast_head_json":{"title":"Effektiv marknadsf\u00f6ring med SMS utskick | Viatel","description":"Med SMS utskick n\u00e5r du r\u00e4tt person vid r\u00e4tt tillf\u00e4lle, till ett l\u00e5gt pris. Viatels SMS-tj\u00e4nst \u00e4r ett enkelt och tr\u00e4ffs\u00e4kert s\u00e4tt att kommunicera med era kunder","robots":{"index":"index","follow":"follow","max-snippet":"max-snippet:-1","max-image-preview":"max-image-preview:large","max-video-preview":"max-video-preview:-1"},"canonical":"https:\/\/www.viatel.se\/dk\/sms-utskick\/","og_locale":"sv_SE","og_type":"article","og_title":"Effektiv marknadsf\u00f6ring med SMS utskick | Viatel","og_description":"Med SMS utskick n\u00e5r du r\u00e4tt person vid r\u00e4tt tillf\u00e4lle, till ett l\u00e5gt pris. Viatels SMS-tj\u00e4nst \u00e4r ett enkelt och tr\u00e4ffs\u00e4kert s\u00e4tt att kommunicera med era kunder","og_url":"https:\/\/www.viatel.se\/dk\/sms-utskick\/","og_site_name":"Viatel DK","article_modified_time":"2024-12-04T09:54:53+00:00","og_image":[{"url":"https:\/\/www.viatel.se\/dk\/wp-content\/uploads\/sites\/4\/Produktsida_SendBySMS.jpg","type":"","width":"","height":""}],"twitter_card":"summary_large_image","twitter_misc":{"Ber\u00e4knad l\u00e4stid":"5 minuter"},"schema":{"@context":"https:\/\/schema.org","@graph":[{"@type":"WebPage","@id":"https:\/\/www.viatel.se\/dk\/sms-utskick\/","url":"https:\/\/www.viatel.se\/dk\/sms-utskick\/","name":"Effektiv marknadsf\u00f6ring med SMS utskick | Viatel","isPartOf":{"@id":"https:\/\/www.viatel.se\/dk\/#website"},"primaryImageOfPage":{"@id":"https:\/\/www.viatel.se\/dk\/sms-utskick\/#primaryimage"},"image":{"@id":"https:\/\/www.viatel.se\/dk\/sms-utskick\/#primaryimage"},"thumbnailUrl":"https:\/\/www.viatel.se\/dk\/wp-content\/uploads\/sites\/4\/Produktsida_SendBySMS.jpg","datePublished":"2011-12-21T18:49:06+00:00","dateModified":"2024-12-04T09:54:53+00:00","description":"Med SMS utskick n\u00e5r du r\u00e4tt person vid r\u00e4tt tillf\u00e4lle, till ett l\u00e5gt pris. Viatels SMS-tj\u00e4nst \u00e4r ett enkelt och tr\u00e4ffs\u00e4kert s\u00e4tt att kommunicera med era kunder","breadcrumb":{"@id":"https:\/\/www.viatel.se\/dk\/sms-utskick\/#breadcrumb"},"inLanguage":"sv-SE","potentialAction":[{"@type":"ReadAction","target":["https:\/\/www.viatel.se\/dk\/sms-utskick\/"]}]},{"@type":"ImageObject","inLanguage":"sv-SE","@id":"https:\/\/www.viatel.se\/dk\/sms-utskick\/#primaryimage","url":"https:\/\/www.viatel.se\/dk\/wp-content\/uploads\/sites\/4\/Produktsida_SendBySMS.jpg","contentUrl":"https:\/\/www.viatel.se\/dk\/wp-content\/uploads\/sites\/4\/Produktsida_SendBySMS.jpg","width":210,"height":261},{"@type":"BreadcrumbList","@id":"https:\/\/www.viatel.se\/dk\/sms-utskick\/#breadcrumb","itemListElement":[{"@type":"ListItem","position":1,"name":"Hem","item":"https:\/\/www.viatel.se\/dk\/"},{"@type":"ListItem","position":2,"name":"SMS"}]},{"@type":"WebSite","@id":"https:\/\/www.viatel.se\/dk\/#website","url":"https:\/\/www.viatel.se\/dk\/","name":"Viatel DK","description":"Betalnummer i Sverige, Norge och Finland","potentialAction":[{"@type":"SearchAction","target":{"@type":"EntryPoint","urlTemplate":"https:\/\/www.viatel.se\/dk\/?s={search_term_string}"},"query-input":{"@type":"PropertyValueSpecification","valueRequired":true,"valueName":"search_term_string"}}],"inLanguage":"sv-SE"}]}},"_links":{"self":[{"href":"https:\/\/www.viatel.se\/dk\/wp-json\/wp\/v2\/pages\/57","targetHints":{"allow":["GET"]}}],"collection":[{"href":"https:\/\/www.viatel.se\/dk\/wp-json\/wp\/v2\/pages"}],"about":[{"href":"https:\/\/www.viatel.se\/dk\/wp-json\/wp\/v2\/types\/page"}],"author":[{"embeddable":true,"href":"https:\/\/www.viatel.se\/dk\/wp-json\/wp\/v2\/users\/1"}],"replies":[{"embeddable":true,"href":"https:\/\/www.viatel.se\/dk\/wp-json\/wp\/v2\/comments?post=57"}],"version-history":[{"count":105,"href":"https:\/\/www.viatel.se\/dk\/wp-json\/wp\/v2\/pages\/57\/revisions"}],"predecessor-version":[{"id":5431,"href":"https:\/\/www.viatel.se\/dk\/wp-json\/wp\/v2\/pages\/57\/revisions\/5431"}],"wp:attachment":[{"href":"https:\/\/www.viatel.se\/dk\/wp-json\/wp\/v2\/media?parent=57"}],"curies":[{"name":"wp","href":"https:\/\/api.w.org\/{rel}","templated":true}]}}