{"id":5437,"date":"2025-07-02T21:24:29","date_gmt":"2025-07-02T19:24:29","guid":{"rendered":"https:\/\/www.viatel.se\/dk\/?page_id=5437"},"modified":"2025-07-03T10:33:00","modified_gmt":"2025-07-03T08:33:00","slug":"premium-sms","status":"publish","type":"page","link":"https:\/\/www.viatel.se\/dk\/premium-sms\/","title":{"rendered":"Premium SMS"},"content":{"rendered":"<p><div class=\"fusion-fullwidth fullwidth-box fusion-builder-row-1 fusion-flex-container nonhundred-percent-fullwidth non-hundred-percent-height-scrolling\" style=\"background-color: rgba(255,255,255,0);background-position: center center;background-repeat: no-repeat;border-width: 0px 0px 0px 0px;border-color:#eae9e9;border-style:solid;\" ><div class=\"fusion-builder-row fusion-row fusion-flex-align-items-flex-start\" style=\"max-width:1144px;margin-left: calc(-4% \/ 2 );margin-right: calc(-4% \/ 2 );\"><div class=\"fusion-layout-column fusion_builder_column fusion-builder-column-0 fusion_builder_column_2_3 2_3 fusion-flex-column\"><div class=\"fusion-column-wrapper fusion-flex-justify-content-flex-start fusion-content-layout-column\" style=\"background-position:left top;background-repeat:no-repeat;-webkit-background-size:cover;-moz-background-size:cover;-o-background-size:cover;background-size:cover;padding: 0px 0px 0px 0px;\"><div class=\"fusion-text fusion-text-1\"><h1>Premium SMS<br \/>\n<span style=\"color: #000000;\">&#8211; Betal via telefonregningen<\/span><\/h1>\n<p>Med Premium SMS kan du nemt og hurtigt tage betaling fra dine kunder. Kunden sender en SMS og bliver derefter opkr\u00e6vet via telefonregningen. Det kan ikke blive nemmere \u2013 hverken for dig eller kunden.<\/p>\n<\/div><ul class=\"fusion-checklist fusion-checklist-1\" style=\"font-size:14px;line-height:23.8px;\"><li class=\"fusion-li-item\"><span style=\"background-color:#8bc34a;font-size:12.32px;height:23.8px;width:23.8px;margin-right:9.8px;\" class=\"icon-wrapper circle-yes\"><i class=\"fusion-li-icon fa fa-check\" style=\"color:#ffffff;\" aria-hidden=\"true\"><\/i><\/span><div class=\"fusion-li-item-content\" style=\"margin-left:33.6px;\">\n<p>Virker i Sverige, Danmark, Norge og Finland<\/p>\n<\/div><\/li><li class=\"fusion-li-item\"><span style=\"background-color:#8bc34a;font-size:12.32px;height:23.8px;width:23.8px;margin-right:9.8px;\" class=\"icon-wrapper circle-yes\"><i class=\"fusion-li-icon fa fa-check\" style=\"color:#ffffff;\" aria-hidden=\"true\"><\/i><\/span><div class=\"fusion-li-item-content\" style=\"margin-left:33.6px;\">\n<p>Nem teknisk integration gennem vores offentlige API\u2019er<\/p>\n<\/div><\/li><li class=\"fusion-li-item\"><span style=\"background-color:#8bc34a;font-size:12.32px;height:23.8px;width:23.8px;margin-right:9.8px;\" class=\"icon-wrapper circle-yes\"><i class=\"fusion-li-icon fa fa-check\" style=\"color:#ffffff;\" aria-hidden=\"true\"><\/i><\/span><div class=\"fusion-li-item-content\" style=\"margin-left:33.6px;\">\n<p>Et API uanset land<\/p>\n<\/div><\/li><\/ul><\/div><style type=\"text\/css\">.fusion-body .fusion-builder-column-0{width:66.666666666667% !important;margin-top : 0px;margin-bottom : 0px;}.fusion-builder-column-0 > .fusion-column-wrapper {padding-top : 0px !important;padding-right : 0px !important;margin-right : 3.84%;padding-bottom : 0px !important;padding-left : 0px !important;margin-left : 2.88%;}@media only screen and (max-width:1024px) {.fusion-body .fusion-builder-column-0{width:100% !important;}.fusion-builder-column-0 > .fusion-column-wrapper {margin-right : 1.92%;margin-left : 1.92%;}}@media only screen and (max-width:640px) {.fusion-body .fusion-builder-column-0{width:100% !important;}.fusion-builder-column-0 > .fusion-column-wrapper {margin-right : 1.92%;margin-left : 1.92%;}}<\/style><\/div><div class=\"fusion-layout-column fusion_builder_column fusion-builder-column-1 fusion_builder_column_1_3 1_3 fusion-flex-column\"><div class=\"fusion-column-wrapper fusion-flex-justify-content-flex-start fusion-content-layout-column\" style=\"background-position:left top;background-repeat:no-repeat;-webkit-background-size:cover;-moz-background-size:cover;-o-background-size:cover;background-size:cover;padding: 0px 0px 0px 0px;\"><div class=\"fusion-separator fusion-full-width-sep\" style=\"align-self: center;margin-left: auto;margin-right: auto;flex-grow:10;margin-top:100px;margin-bottom:10px;width:100%;\"><div class=\"fusion-separator-border sep-double\" style=\"border-color:#e0dede;border-top-width:0px;border-bottom-width:0px;\"><\/div><\/div><div ><span class=\" fusion-imageframe imageframe-none imageframe-1 hover-type-none\"><img decoding=\"async\" src=\"data:image\/gif;base64,R0lGODlhAQABAAAAACH5BAEKAAEALAAAAAABAAEAAAICTAEAOw==\" data-orig-src=\"https:\/\/www.viatel.se\/wp-content\/uploads\/Produktsida_SendBySMS.jpg\" class=\"lazyload img-responsive\"\/><\/span><\/div><\/div><style type=\"text\/css\">.fusion-body .fusion-builder-column-1{width:33.333333333333% !important;margin-top : 0px;margin-bottom : 20px;}.fusion-builder-column-1 > .fusion-column-wrapper {padding-top : 0px !important;padding-right : 0px !important;margin-right : 5.76%;padding-bottom : 0px !important;padding-left : 0px !important;margin-left : 3.84%;}@media only screen and (max-width:1024px) {.fusion-body .fusion-builder-column-1{width:100% !important;}.fusion-builder-column-1 > .fusion-column-wrapper {margin-right : 1.92%;margin-left : 1.92%;}}@media only screen and (max-width:640px) {.fusion-body .fusion-builder-column-1{width:100% !important;}.fusion-builder-column-1 > .fusion-column-wrapper {margin-right : 1.92%;margin-left : 1.92%;}}<\/style><\/div><\/div><style type=\"text\/css\">.fusion-body .fusion-flex-container.fusion-builder-row-1{ padding-top : 0px;margin-top : 0px;padding-right : 0px;padding-bottom : 0px;margin-bottom : 0px;padding-left : 0px;}<\/style><\/div><div class=\"fusion-fullwidth fullwidth-box fusion-builder-row-2 fusion-flex-container nonhundred-percent-fullwidth non-hundred-percent-height-scrolling\" style=\"background-color: rgba(255,255,255,0);background-position: center center;background-repeat: no-repeat;border-width: 0px 0px 0px 0px;border-color:#eae9e9;border-style:solid;\" ><div class=\"fusion-builder-row fusion-row fusion-flex-align-items-flex-start\" style=\"max-width:1144px;margin-left: calc(-4% \/ 2 );margin-right: calc(-4% \/ 2 );\"><div class=\"fusion-layout-column fusion_builder_column fusion-builder-column-2 fusion_builder_column_1_1 1_1 fusion-flex-column\"><div class=\"fusion-column-wrapper fusion-flex-justify-content-flex-start fusion-content-layout-column\" style=\"background-position:left top;background-repeat:no-repeat;-webkit-background-size:cover;-moz-background-size:cover;-o-background-size:cover;background-size:cover;padding: 0px 0px 0px 0px;\"><div class=\"fusion-text fusion-text-2\"><h2 data-start=\"61\" data-end=\"93\">Fordele ved Premium SMS:<\/h2>\n<ol data-start=\"94\" data-end=\"797\">\n<li data-start=\"94\" data-end=\"218\">\n<p data-start=\"74\" data-end=\"188\"><strong data-start=\"74\" data-end=\"90\">Nem betaling<\/strong><br data-start=\"90\" data-end=\"93\" \/>\u2013 Brugere kan betale direkte via deres mobilregning uden at skulle registrere kort eller konti.<\/p>\n<p data-start=\"190\" data-end=\"283\">\n<\/li>\n<li data-start=\"94\" data-end=\"218\">\n<p data-start=\"190\" data-end=\"283\"><strong data-start=\"190\" data-end=\"208\">Tilg\u00e6ngelighed<\/strong><br data-start=\"208\" data-end=\"211\" \/>\u2013 Alle mobilbrugere kan benytte SMS, uanset hvilken type telefon de har.<\/p>\n<p data-start=\"285\" data-end=\"406\">\n<\/li>\n<li data-start=\"94\" data-end=\"218\">\n<p data-start=\"285\" data-end=\"406\"><strong data-start=\"285\" data-end=\"307\">Hurtig transaktion<\/strong><br data-start=\"307\" data-end=\"310\" \/>\u2013 Betalingen sker med det samme, hvilket g\u00f8r det ideelt til spontane k\u00f8b eller engangstjenester.<\/p>\n<p data-start=\"408\" data-end=\"535\">\n<\/li>\n<li data-start=\"94\" data-end=\"218\">\n<p data-start=\"408\" data-end=\"535\"><strong data-start=\"408\" data-end=\"427\">Bred anvendelse<\/strong><br data-start=\"427\" data-end=\"430\" \/>\u2013 Almindeligt brugt til konkurrencer, donationer, offentlig transport, billetk\u00f8b, digitale tjenester m.m.<\/p>\n<p data-start=\"537\" data-end=\"613\">\n<\/li>\n<li data-start=\"94\" data-end=\"218\">\n<p data-start=\"537\" data-end=\"613\"><strong data-start=\"537\" data-end=\"563\">Lav t\u00e6rskel for kunden<\/strong><br data-start=\"563\" data-end=\"566\" \/>\u2013 Kr\u00e6ver minimal indsats: send en SMS \u2013 f\u00e6rdig.<\/p>\n<p data-start=\"615\" data-end=\"730\">\n<\/li>\n<li data-start=\"94\" data-end=\"218\">\n<p data-start=\"615\" data-end=\"730\"><strong data-start=\"615\" data-end=\"661\">Ingen app eller internetforbindelse kr\u00e6ves<\/strong><br data-start=\"661\" data-end=\"664\" \/>\u2013 Kan bruges selv p\u00e5 simple mobiler og ved d\u00e5rlig internetd\u00e6kning.<\/p>\n<\/li>\n<\/ol>\n<\/div><\/div><style type=\"text\/css\">.fusion-body .fusion-builder-column-2{width:100% !important;margin-top : 0px;margin-bottom : 20px;}.fusion-builder-column-2 > .fusion-column-wrapper {padding-top : 0px !important;padding-right : 0px !important;margin-right : 1.92%;padding-bottom : 0px !important;padding-left : 0px !important;margin-left : 1.92%;}@media only screen and (max-width:1024px) {.fusion-body .fusion-builder-column-2{width:100% !important;}.fusion-builder-column-2 > .fusion-column-wrapper {margin-right : 1.92%;margin-left : 1.92%;}}@media only screen and (max-width:640px) {.fusion-body .fusion-builder-column-2{width:100% !important;}.fusion-builder-column-2 > .fusion-column-wrapper {margin-right : 1.92%;margin-left : 1.92%;}}<\/style><\/div><\/div><style type=\"text\/css\">.fusion-body .fusion-flex-container.fusion-builder-row-2{ padding-top : 0px;margin-top : 0px;padding-right : 0px;padding-bottom : 0px;margin-bottom : 0px;padding-left : 0px;}<\/style><\/div><div class=\"fusion-fullwidth fullwidth-box fusion-builder-row-3 fusion-flex-container nonhundred-percent-fullwidth non-hundred-percent-height-scrolling\" style=\"background-color: rgba(255,255,255,0);background-position: center center;background-repeat: no-repeat;border-width: 0px 0px 0px 0px;border-color:#eae9e9;border-style:solid;\" ><div class=\"fusion-builder-row fusion-row fusion-flex-align-items-flex-start\" style=\"max-width:1144px;margin-left: calc(-4% \/ 2 );margin-right: calc(-4% \/ 2 );\"><div class=\"fusion-layout-column fusion_builder_column fusion-builder-column-3 fusion_builder_column_1_2 1_2 fusion-flex-column\"><div class=\"fusion-column-wrapper fusion-flex-justify-content-flex-start fusion-content-layout-column\" style=\"background-position:left top;background-repeat:no-repeat;-webkit-background-size:cover;-moz-background-size:cover;-o-background-size:cover;background-size:cover;padding: 0px 0px 0px 0px;\"><div class=\"fusion-text fusion-text-3\"><h2 data-start=\"201\" data-end=\"247\">Sikker betaling med Premium SMS<\/h2>\n<p data-start=\"85\" data-end=\"374\">Premium SMS g\u00f8r det nemt at modtage betaling \u2013 b\u00e5de for jer og for kunden. I kan tage betaling ved enkeltst\u00e5ende k\u00f8b eller tilbyde tilbagevendende m\u00e5nedlige betalinger. Kunden beh\u00f8ver ikke at oplyse kortoplysninger eller downloade en app eller oprette en konto. En sikker og enkel l\u00f8sning.<\/p>\n<h2 data-start=\"534\" data-end=\"555\">Kom hurtigt i gang<\/h2>\n<p data-start=\"556\" data-end=\"786\">Det er let at komme i gang. I bestemmer selv prisniveauerne \u2013 enten faste priser, der konfigureres i tjenesten, eller fleksible priser baseret p\u00e5 indholdet i hver SMS. Tilpas efter jeres behov og begynd at modtage betaling med det samme.<\/p>\n<\/div><\/div><style type=\"text\/css\">.fusion-body .fusion-builder-column-3{width:50% !important;margin-top : 0px;margin-bottom : 20px;}.fusion-builder-column-3 > .fusion-column-wrapper {padding-top : 0px !important;padding-right : 0px !important;margin-right : 3.84%;padding-bottom : 0px !important;padding-left : 0px !important;margin-left : 3.84%;}@media only screen and (max-width:1024px) {.fusion-body .fusion-builder-column-3{width:100% !important;}.fusion-builder-column-3 > .fusion-column-wrapper {margin-right : 1.92%;margin-left : 1.92%;}}@media only screen and (max-width:640px) {.fusion-body .fusion-builder-column-3{width:100% !important;}.fusion-builder-column-3 > .fusion-column-wrapper {margin-right : 1.92%;margin-left : 1.92%;}}<\/style><\/div><div class=\"fusion-layout-column fusion_builder_column fusion-builder-column-4 fusion_builder_column_1_2 1_2 fusion-flex-column\"><div class=\"fusion-column-wrapper fusion-flex-justify-content-flex-start fusion-content-layout-column\" style=\"background-position:left top;background-repeat:no-repeat;-webkit-background-size:cover;-moz-background-size:cover;-o-background-size:cover;background-size:cover;padding: 0px 0px 0px 0px;\"><div class=\"fusion-text fusion-text-4\"><h2 data-start=\"793\" data-end=\"813\">S\u00e5dan fungerer det<\/h2>\n<p data-start=\"68\" data-end=\"334\">Kunden sender en SMS til et kortnummer, som f.eks. 1214. Indholdet i beskeden afg\u00f8r, hvad kunden k\u00f8ber. Det er altid kunden, der initierer k\u00f8bet, og I f\u00e5r straks bekr\u00e6ftelse, n\u00e5r transaktionen er gennemf\u00f8rt \u2013 helt uden app, internetforbindelse eller 3D Secure.<\/p>\n<h2 data-start=\"1089\" data-end=\"1125\">Stabil teknologi med h\u00f8j ydeevne<\/h2>\n<p data-start=\"1126\" data-end=\"1323\">Vi er direkte forbundet til mobiloperat\u00f8rerne i Norden for at sikre den h\u00f8jest mulige ydeevne og p\u00e5lidelighed. Tjenesten overv\u00e5ges d\u00f8gnet rundt, hele \u00e5ret \u2013 og er naturligvis GDPR-kompatibel.<\/p>\n<\/div><\/div><style type=\"text\/css\">.fusion-body .fusion-builder-column-4{width:50% !important;margin-top : 0px;margin-bottom : 20px;}.fusion-builder-column-4 > .fusion-column-wrapper {padding-top : 0px !important;padding-right : 0px !important;margin-right : 3.84%;padding-bottom : 0px !important;padding-left : 0px !important;margin-left : 3.84%;}@media only screen and (max-width:1024px) {.fusion-body .fusion-builder-column-4{width:100% !important;}.fusion-builder-column-4 > .fusion-column-wrapper {margin-right : 1.92%;margin-left : 1.92%;}}@media only screen and (max-width:640px) {.fusion-body .fusion-builder-column-4{width:100% !important;}.fusion-builder-column-4 > .fusion-column-wrapper {margin-right : 1.92%;margin-left : 1.92%;}}<\/style><\/div><\/div><style type=\"text\/css\">.fusion-body .fusion-flex-container.fusion-builder-row-3{ padding-top : 0px;margin-top : 0px;padding-right : 0px;padding-bottom : 0px;margin-bottom : 0px;padding-left : 0px;}<\/style><\/div><div class=\"fusion-fullwidth fullwidth-box fusion-builder-row-4 fusion-flex-container nonhundred-percent-fullwidth non-hundred-percent-height-scrolling\" style=\"background-color: rgba(255,255,255,0);background-position: center center;background-repeat: no-repeat;border-width: 0px 0px 0px 0px;border-color:#eae9e9;border-style:solid;\" ><div class=\"fusion-builder-row fusion-row fusion-flex-align-items-flex-start\" style=\"max-width:1144px;margin-left: calc(-4% \/ 2 );margin-right: calc(-4% \/ 2 );\"><div class=\"fusion-layout-column fusion_builder_column fusion-builder-column-5 fusion_builder_column_1_1 1_1 fusion-flex-column\"><div class=\"fusion-column-wrapper fusion-flex-justify-content-flex-start fusion-content-layout-column\" style=\"background-position:left top;background-repeat:no-repeat;-webkit-background-size:cover;-moz-background-size:cover;-o-background-size:cover;background-size:cover;padding: 0px 0px 0px 0px;\"><div class=\"fusion-separator fusion-full-width-sep\" style=\"align-self: center;margin-left: auto;margin-right: auto;margin-top:0px;margin-bottom:10px;width:100%;\"><div class=\"fusion-separator-border sep-double\" style=\"border-color:#e0dede;border-top-width:0px;border-bottom-width:0px;\"><\/div><\/div><div class=\"fusion-text fusion-text-5\"><h2 data-start=\"115\" data-end=\"134\">Kom i gang i dag<\/h2>\n<p data-start=\"66\" data-end=\"298\">Premium SMS er en af de nemmeste og mest tilg\u00e6ngelige m\u00e5der at modtage digitale betalinger p\u00e5 \u2013 uden besv\u00e6r for hverken jer eller kunden. Perfekt til alt fra enkeltk\u00f8b til abonnementstjenester, konkurrencer, billetter og donationer.<\/p>\n<p data-start=\"300\" data-end=\"405\">\ud83d\udc49 <strong data-start=\"303\" data-end=\"332\">Klar til at komme i gang?<\/strong><br data-start=\"332\" data-end=\"335\" \/>Lad os hj\u00e6lpe jer med at skabe en l\u00f8sning, der passer til jeres behov.<\/p>\n<p data-start=\"407\" data-end=\"481\">Udfyld formularen \u00f8verst p\u00e5 siden, s\u00e5 kontakter vi dig inden for kort tid.<\/p>\n<\/div><div class=\"fusion-separator fusion-full-width-sep\" style=\"align-self: center;margin-left: auto;margin-right: auto;margin-top:100px;margin-bottom:10px;width:100%;\"><div class=\"fusion-separator-border sep-double\" style=\"border-color:#e0dede;border-top-width:0px;border-bottom-width:0px;\"><\/div><\/div><\/div><style type=\"text\/css\">.fusion-body .fusion-builder-column-5{width:100% !important;margin-top : 0px;margin-bottom : 0px;}.fusion-builder-column-5 > .fusion-column-wrapper {padding-top : 0px !important;padding-right : 0px !important;margin-right : 1.92%;padding-bottom : 0px !important;padding-left : 0px !important;margin-left : 1.92%;}@media only screen and (max-width:1024px) {.fusion-body .fusion-builder-column-5{width:100% !important;}.fusion-builder-column-5 > .fusion-column-wrapper {margin-right : 1.92%;margin-left : 1.92%;}}@media only screen and (max-width:640px) {.fusion-body .fusion-builder-column-5{width:100% !important;}.fusion-builder-column-5 > .fusion-column-wrapper {margin-right : 1.92%;margin-left : 1.92%;}}<\/style><\/div><\/div><style type=\"text\/css\">.fusion-body .fusion-flex-container.fusion-builder-row-4{ padding-top : 0px;margin-top : 0px;padding-right : 0px;padding-bottom : 0px;margin-bottom : 0px;padding-left : 0px;}<\/style><\/div><\/p>\n","protected":false},"excerpt":{"rendered":"","protected":false},"author":3,"featured_media":0,"parent":0,"menu_order":0,"comment_status":"closed","ping_status":"closed","template":"","meta":{"footnotes":""},"class_list":["post-5437","page","type-page","status-publish","hentry"],"yoast_head":"<!-- This site is optimized with the Yoast SEO plugin v25.1 - https:\/\/yoast.com\/wordpress\/plugins\/seo\/ -->\n<title>Premium SMS - Viatel DK<\/title>\n<meta name=\"robots\" content=\"index, follow, max-snippet:-1, max-image-preview:large, max-video-preview:-1\" \/>\n<link rel=\"canonical\" href=\"https:\/\/www.viatel.se\/dk\/premium-sms\/\" \/>\n<meta property=\"og:locale\" content=\"sv_SE\" \/>\n<meta property=\"og:type\" content=\"article\" \/>\n<meta property=\"og:title\" content=\"Premium SMS - Viatel DK\" \/>\n<meta property=\"og:url\" content=\"https:\/\/www.viatel.se\/dk\/premium-sms\/\" \/>\n<meta property=\"og:site_name\" content=\"Viatel DK\" \/>\n<meta property=\"article:modified_time\" content=\"2025-07-03T08:33:00+00:00\" \/>\n<meta property=\"og:image\" content=\"https:\/\/www.viatel.se\/wp-content\/uploads\/Produktsida_SendBySMS.jpg\" \/>\n<meta name=\"twitter:card\" content=\"summary_large_image\" \/>\n<meta name=\"twitter:label1\" content=\"Ber\u00e4knad l\u00e4stid\" \/>\n\t<meta name=\"twitter:data1\" content=\"5 minuter\" \/>\n<script type=\"application\/ld+json\" class=\"yoast-schema-graph\">{\"@context\":\"https:\/\/schema.org\",\"@graph\":[{\"@type\":\"WebPage\",\"@id\":\"https:\/\/www.viatel.se\/dk\/premium-sms\/\",\"url\":\"https:\/\/www.viatel.se\/dk\/premium-sms\/\",\"name\":\"Premium SMS - Viatel DK\",\"isPartOf\":{\"@id\":\"https:\/\/www.viatel.se\/dk\/#website\"},\"primaryImageOfPage\":{\"@id\":\"https:\/\/www.viatel.se\/dk\/premium-sms\/#primaryimage\"},\"image\":{\"@id\":\"https:\/\/www.viatel.se\/dk\/premium-sms\/#primaryimage\"},\"thumbnailUrl\":\"https:\/\/www.viatel.se\/wp-content\/uploads\/Produktsida_SendBySMS.jpg\",\"datePublished\":\"2025-07-02T19:24:29+00:00\",\"dateModified\":\"2025-07-03T08:33:00+00:00\",\"breadcrumb\":{\"@id\":\"https:\/\/www.viatel.se\/dk\/premium-sms\/#breadcrumb\"},\"inLanguage\":\"sv-SE\",\"potentialAction\":[{\"@type\":\"ReadAction\",\"target\":[\"https:\/\/www.viatel.se\/dk\/premium-sms\/\"]}]},{\"@type\":\"ImageObject\",\"inLanguage\":\"sv-SE\",\"@id\":\"https:\/\/www.viatel.se\/dk\/premium-sms\/#primaryimage\",\"url\":\"https:\/\/www.viatel.se\/wp-content\/uploads\/Produktsida_SendBySMS.jpg\",\"contentUrl\":\"https:\/\/www.viatel.se\/wp-content\/uploads\/Produktsida_SendBySMS.jpg\"},{\"@type\":\"BreadcrumbList\",\"@id\":\"https:\/\/www.viatel.se\/dk\/premium-sms\/#breadcrumb\",\"itemListElement\":[{\"@type\":\"ListItem\",\"position\":1,\"name\":\"Hem\",\"item\":\"https:\/\/www.viatel.se\/dk\/\"},{\"@type\":\"ListItem\",\"position\":2,\"name\":\"Premium SMS\"}]},{\"@type\":\"WebSite\",\"@id\":\"https:\/\/www.viatel.se\/dk\/#website\",\"url\":\"https:\/\/www.viatel.se\/dk\/\",\"name\":\"Viatel DK\",\"description\":\"Betalnummer i Sverige, Norge och Finland\",\"potentialAction\":[{\"@type\":\"SearchAction\",\"target\":{\"@type\":\"EntryPoint\",\"urlTemplate\":\"https:\/\/www.viatel.se\/dk\/?s={search_term_string}\"},\"query-input\":{\"@type\":\"PropertyValueSpecification\",\"valueRequired\":true,\"valueName\":\"search_term_string\"}}],\"inLanguage\":\"sv-SE\"}]}<\/script>\n<!-- \/ Yoast SEO plugin. -->","yoast_head_json":{"title":"Premium SMS - Viatel DK","robots":{"index":"index","follow":"follow","max-snippet":"max-snippet:-1","max-image-preview":"max-image-preview:large","max-video-preview":"max-video-preview:-1"},"canonical":"https:\/\/www.viatel.se\/dk\/premium-sms\/","og_locale":"sv_SE","og_type":"article","og_title":"Premium SMS - Viatel DK","og_url":"https:\/\/www.viatel.se\/dk\/premium-sms\/","og_site_name":"Viatel DK","article_modified_time":"2025-07-03T08:33:00+00:00","og_image":[{"url":"https:\/\/www.viatel.se\/wp-content\/uploads\/Produktsida_SendBySMS.jpg","type":"","width":"","height":""}],"twitter_card":"summary_large_image","twitter_misc":{"Ber\u00e4knad l\u00e4stid":"5 minuter"},"schema":{"@context":"https:\/\/schema.org","@graph":[{"@type":"WebPage","@id":"https:\/\/www.viatel.se\/dk\/premium-sms\/","url":"https:\/\/www.viatel.se\/dk\/premium-sms\/","name":"Premium SMS - Viatel DK","isPartOf":{"@id":"https:\/\/www.viatel.se\/dk\/#website"},"primaryImageOfPage":{"@id":"https:\/\/www.viatel.se\/dk\/premium-sms\/#primaryimage"},"image":{"@id":"https:\/\/www.viatel.se\/dk\/premium-sms\/#primaryimage"},"thumbnailUrl":"https:\/\/www.viatel.se\/wp-content\/uploads\/Produktsida_SendBySMS.jpg","datePublished":"2025-07-02T19:24:29+00:00","dateModified":"2025-07-03T08:33:00+00:00","breadcrumb":{"@id":"https:\/\/www.viatel.se\/dk\/premium-sms\/#breadcrumb"},"inLanguage":"sv-SE","potentialAction":[{"@type":"ReadAction","target":["https:\/\/www.viatel.se\/dk\/premium-sms\/"]}]},{"@type":"ImageObject","inLanguage":"sv-SE","@id":"https:\/\/www.viatel.se\/dk\/premium-sms\/#primaryimage","url":"https:\/\/www.viatel.se\/wp-content\/uploads\/Produktsida_SendBySMS.jpg","contentUrl":"https:\/\/www.viatel.se\/wp-content\/uploads\/Produktsida_SendBySMS.jpg"},{"@type":"BreadcrumbList","@id":"https:\/\/www.viatel.se\/dk\/premium-sms\/#breadcrumb","itemListElement":[{"@type":"ListItem","position":1,"name":"Hem","item":"https:\/\/www.viatel.se\/dk\/"},{"@type":"ListItem","position":2,"name":"Premium SMS"}]},{"@type":"WebSite","@id":"https:\/\/www.viatel.se\/dk\/#website","url":"https:\/\/www.viatel.se\/dk\/","name":"Viatel DK","description":"Betalnummer i Sverige, Norge och Finland","potentialAction":[{"@type":"SearchAction","target":{"@type":"EntryPoint","urlTemplate":"https:\/\/www.viatel.se\/dk\/?s={search_term_string}"},"query-input":{"@type":"PropertyValueSpecification","valueRequired":true,"valueName":"search_term_string"}}],"inLanguage":"sv-SE"}]}},"_links":{"self":[{"href":"https:\/\/www.viatel.se\/dk\/wp-json\/wp\/v2\/pages\/5437","targetHints":{"allow":["GET"]}}],"collection":[{"href":"https:\/\/www.viatel.se\/dk\/wp-json\/wp\/v2\/pages"}],"about":[{"href":"https:\/\/www.viatel.se\/dk\/wp-json\/wp\/v2\/types\/page"}],"author":[{"embeddable":true,"href":"https:\/\/www.viatel.se\/dk\/wp-json\/wp\/v2\/users\/3"}],"replies":[{"embeddable":true,"href":"https:\/\/www.viatel.se\/dk\/wp-json\/wp\/v2\/comments?post=5437"}],"version-history":[{"count":4,"href":"https:\/\/www.viatel.se\/dk\/wp-json\/wp\/v2\/pages\/5437\/revisions"}],"predecessor-version":[{"id":5443,"href":"https:\/\/www.viatel.se\/dk\/wp-json\/wp\/v2\/pages\/5437\/revisions\/5443"}],"wp:attachment":[{"href":"https:\/\/www.viatel.se\/dk\/wp-json\/wp\/v2\/media?parent=5437"}],"curies":[{"name":"wp","href":"https:\/\/api.w.org\/{rel}","templated":true}]}}