{"id":46,"date":"2012-01-06T14:32:12","date_gmt":"2012-01-06T13:32:12","guid":{"rendered":"http:\/\/www.viatel.se\/dk\/?page_id=46"},"modified":"2024-10-28T15:28:11","modified_gmt":"2024-10-28T14:28:11","slug":"driftsakerhet","status":"publish","type":"page","link":"https:\/\/www.viatel.se\/dk\/driftsakerhet\/","title":{"rendered":"Driftssikkerhed"},"content":{"rendered":"<div class=\"fusion-fullwidth fullwidth-box fusion-builder-row-1 nonhundred-percent-fullwidth non-hundred-percent-height-scrolling\" style=\"background-color: rgba(255,255,255,0);background-position: left top;background-repeat: no-repeat;padding-top:20px;padding-right:0px;padding-bottom:20px;padding-left:0px;margin-bottom: 0px;margin-top: 0px;border-width: 0px 0px 0px 0px;border-color:#eae9e9;border-style:solid;\" ><div class=\"fusion-builder-row fusion-row\"><div class=\"fusion-layout-column fusion_builder_column fusion-builder-column-0 fusion_builder_column_3_4 3_4 fusion-three-fourth fusion-column-first\" style=\"width:74%; margin-right: 4%;margin-top:0px;margin-bottom:20px;\"><div class=\"fusion-column-wrapper fusion-flex-column-wrapper-legacy\" style=\"background-position:left top;background-repeat:no-repeat;-webkit-background-size:cover;-moz-background-size:cover;-o-background-size:cover;background-size:cover;padding: 0px 0px 0px 0px;\"><div class=\"fusion-text fusion-text-1\"><h2>Driftssikkerhed<\/h2>\n<p>At den tekniske platform er p\u00e5lidelig og stabil er afg\u00f8rende for dig som kunde. En foruds\u00e6tning for at opn\u00e5 h\u00f8j driftssikkerhed er en moderne og veludviklet teknisk platform, redundant infrastruktur og velrenommerede leverand\u00f8rer og samarbejdspartnere. Men det er ikke nok. Viden om hvordan systemer designes, styres og drives er den mest afg\u00f8rende faktor for h\u00f8j driftssikkerhed.<\/p>\n<p>Vi har stor viden og erfaring med drift af transaktionsintensive realtidssystemer og garanterer en tilg\u00e6ngelighedsgrad p\u00e5 mere end 99,999%.<\/p>\n<h2>Viden og kompetence<\/h2>\n<p>Teknologi er en foruds\u00e6tning for h\u00f8j p\u00e5lidelighed, men viden og kompetence er ofte den mest afg\u00f8rende faktor. Vi har stor viden og stor erfaring med drift af transaktionsintensive realtidssystemer. Tr\u00e6ning foreg\u00e5r l\u00f8bende for at vedligeholde kompetencen, og vi har ind\u00f8vet processer, n\u00e5r noget uventet skulle opst\u00e5.<\/p>\n<h2>Teknisk platform<\/h2>\n<p>Vi investerer l\u00f8bende i vores tekniske infrastruktur for at vedligeholde en moderne teknisk platform, der lever op til vores h\u00f8je krav til driftssikkerhed og for at opfylde vores kunders krav. Platformen er fordelt p\u00e5 flere steder, s\u00e5 en afbrydelse i en computerhal ikke p\u00e5virker driften. Al hardware er redundant &#8211; routere, switche og servere. Derudover bruger vi kun hardware fra kendte leverand\u00f8rer.<\/p>\n<p>Alle kritiske funktioner som telefoni, web, database, routere og firewall er fuldt redundante gennem HA-, proxy- og klyngel\u00f8sninger. Overv\u00e5gning af systemerne foreg\u00e5r b\u00e5de internt og eksternt, d\u00f8gnet rundt. Det betyder, at hvis en katastrofe rammer, og en server, switch eller firewall skulle holde op med at fungere, er der altid en passiv enhed, der automatisk overtager den aktive drift af systemet inden for en br\u00f8kdel af et sekund. Med redundans og d\u00f8gnoverv\u00e5gning minimeres skaderne, n\u00e5r uheldet alligevel er ude.<\/p>\n<p>B\u00e5de vores telefoni- og SMS-platform har meget h\u00f8j kapacitet med direkte forbindelser til de fleste mobilnetv\u00e6rk i Norden. Vi arbejder l\u00f8bende p\u00e5 at sikre, at vi kan im\u00f8dekomme vores kunders \u00f8gede krav og garantere vores kunders trafikm\u00e6ngder.<\/p>\n<h2>Operat\u00f8r aktiviteter<\/h2>\n<p>Viatel er registreret som telefonist hos <a href=\"https:\/\/pts.se\/\">PTS <\/a>og er under PTS tilsyn. Vi udf\u00f8rer samtrafik med svenske operat\u00f8rer. For Viatel er det afg\u00f8rende at kunne tilbyde samtrafik med operat\u00f8rer for at kunne tilbyde p\u00e5lidelige, sikre og kapacitetsintensive tjenester til konkurrencedygtige priser. Vi byder derfor operat\u00f8rer velkommen til at integrere deres netv\u00e6rk med Viatels netv\u00e6rk.<\/p>\n<p>For at en operat\u00f8r kan indg\u00e5 aftale om samtrafik med Viatel, kr\u00e6ves det, at operat\u00f8ren er registreret som telefonioperat\u00f8r hos PTS, at betingelserne for trafik mellem nettene er gensidige, og at operat\u00f8ren har en god \u00f8konomisk st\u00e5ende. Gebyrerne reguleres af PTS. Tekniske foruds\u00e6tninger f\u00f8lger af samtrafikaftalen.<\/p>\n<p>Kontakt os for mere information: <a href=\"mailto:samtrafik@viatel.se\">samtrafik@viatel.se<\/a><\/p>\n<\/div><div class=\"fusion-clearfix\"><\/div><\/div><\/div><\/div><\/div>\n","protected":false},"excerpt":{"rendered":"","protected":false},"author":1,"featured_media":0,"parent":0,"menu_order":0,"comment_status":"closed","ping_status":"closed","template":"","meta":{"footnotes":""},"class_list":["post-46","page","type-page","status-publish","hentry"],"yoast_head":"<!-- This site is optimized with the Yoast SEO plugin v25.1 - https:\/\/yoast.com\/wordpress\/plugins\/seo\/ -->\n<title>Drifts\u00e4kra betalnummer fr\u00e5n Viatel<\/title>\n<meta name=\"description\" content=\"Vi har omfattande kunskap och erfarenhet av att drifta transaktionsintensiva realtidssystem och garanterar en tillg\u00e4nglighetsgrad p\u00e5 minst 99,9 %.\" \/>\n<meta name=\"robots\" content=\"index, follow, max-snippet:-1, max-image-preview:large, max-video-preview:-1\" \/>\n<link rel=\"canonical\" href=\"https:\/\/www.viatel.se\/dk\/driftsakerhet\/\" \/>\n<meta property=\"og:locale\" content=\"sv_SE\" \/>\n<meta property=\"og:type\" content=\"article\" \/>\n<meta property=\"og:title\" content=\"Drifts\u00e4kra betalnummer fr\u00e5n Viatel\" \/>\n<meta property=\"og:description\" content=\"Vi har omfattande kunskap och erfarenhet av att drifta transaktionsintensiva realtidssystem och garanterar en tillg\u00e4nglighetsgrad p\u00e5 minst 99,9 %.\" \/>\n<meta property=\"og:url\" content=\"https:\/\/www.viatel.se\/dk\/driftsakerhet\/\" \/>\n<meta property=\"og:site_name\" content=\"Viatel DK\" \/>\n<meta property=\"article:modified_time\" content=\"2024-10-28T14:28:11+00:00\" \/>\n<meta name=\"twitter:card\" content=\"summary_large_image\" \/>\n<meta name=\"twitter:label1\" content=\"Ber\u00e4knad l\u00e4stid\" \/>\n\t<meta name=\"twitter:data1\" content=\"3 minuter\" \/>\n<script type=\"application\/ld+json\" class=\"yoast-schema-graph\">{\"@context\":\"https:\/\/schema.org\",\"@graph\":[{\"@type\":\"WebPage\",\"@id\":\"https:\/\/www.viatel.se\/dk\/driftsakerhet\/\",\"url\":\"https:\/\/www.viatel.se\/dk\/driftsakerhet\/\",\"name\":\"Drifts\u00e4kra betalnummer fr\u00e5n Viatel\",\"isPartOf\":{\"@id\":\"https:\/\/www.viatel.se\/dk\/#website\"},\"datePublished\":\"2012-01-06T13:32:12+00:00\",\"dateModified\":\"2024-10-28T14:28:11+00:00\",\"description\":\"Vi har omfattande kunskap och erfarenhet av att drifta transaktionsintensiva realtidssystem och garanterar en tillg\u00e4nglighetsgrad p\u00e5 minst 99,9 %.\",\"breadcrumb\":{\"@id\":\"https:\/\/www.viatel.se\/dk\/driftsakerhet\/#breadcrumb\"},\"inLanguage\":\"sv-SE\",\"potentialAction\":[{\"@type\":\"ReadAction\",\"target\":[\"https:\/\/www.viatel.se\/dk\/driftsakerhet\/\"]}]},{\"@type\":\"BreadcrumbList\",\"@id\":\"https:\/\/www.viatel.se\/dk\/driftsakerhet\/#breadcrumb\",\"itemListElement\":[{\"@type\":\"ListItem\",\"position\":1,\"name\":\"Hem\",\"item\":\"https:\/\/www.viatel.se\/dk\/\"},{\"@type\":\"ListItem\",\"position\":2,\"name\":\"Driftssikkerhed\"}]},{\"@type\":\"WebSite\",\"@id\":\"https:\/\/www.viatel.se\/dk\/#website\",\"url\":\"https:\/\/www.viatel.se\/dk\/\",\"name\":\"Viatel DK\",\"description\":\"Betalnummer i Sverige, Norge och Finland\",\"potentialAction\":[{\"@type\":\"SearchAction\",\"target\":{\"@type\":\"EntryPoint\",\"urlTemplate\":\"https:\/\/www.viatel.se\/dk\/?s={search_term_string}\"},\"query-input\":{\"@type\":\"PropertyValueSpecification\",\"valueRequired\":true,\"valueName\":\"search_term_string\"}}],\"inLanguage\":\"sv-SE\"}]}<\/script>\n<!-- \/ Yoast SEO plugin. -->","yoast_head_json":{"title":"Drifts\u00e4kra betalnummer fr\u00e5n Viatel","description":"Vi har omfattande kunskap och erfarenhet av att drifta transaktionsintensiva realtidssystem och garanterar en tillg\u00e4nglighetsgrad p\u00e5 minst 99,9 %.","robots":{"index":"index","follow":"follow","max-snippet":"max-snippet:-1","max-image-preview":"max-image-preview:large","max-video-preview":"max-video-preview:-1"},"canonical":"https:\/\/www.viatel.se\/dk\/driftsakerhet\/","og_locale":"sv_SE","og_type":"article","og_title":"Drifts\u00e4kra betalnummer fr\u00e5n Viatel","og_description":"Vi har omfattande kunskap och erfarenhet av att drifta transaktionsintensiva realtidssystem och garanterar en tillg\u00e4nglighetsgrad p\u00e5 minst 99,9 %.","og_url":"https:\/\/www.viatel.se\/dk\/driftsakerhet\/","og_site_name":"Viatel DK","article_modified_time":"2024-10-28T14:28:11+00:00","twitter_card":"summary_large_image","twitter_misc":{"Ber\u00e4knad l\u00e4stid":"3 minuter"},"schema":{"@context":"https:\/\/schema.org","@graph":[{"@type":"WebPage","@id":"https:\/\/www.viatel.se\/dk\/driftsakerhet\/","url":"https:\/\/www.viatel.se\/dk\/driftsakerhet\/","name":"Drifts\u00e4kra betalnummer fr\u00e5n Viatel","isPartOf":{"@id":"https:\/\/www.viatel.se\/dk\/#website"},"datePublished":"2012-01-06T13:32:12+00:00","dateModified":"2024-10-28T14:28:11+00:00","description":"Vi har omfattande kunskap och erfarenhet av att drifta transaktionsintensiva realtidssystem och garanterar en tillg\u00e4nglighetsgrad p\u00e5 minst 99,9 %.","breadcrumb":{"@id":"https:\/\/www.viatel.se\/dk\/driftsakerhet\/#breadcrumb"},"inLanguage":"sv-SE","potentialAction":[{"@type":"ReadAction","target":["https:\/\/www.viatel.se\/dk\/driftsakerhet\/"]}]},{"@type":"BreadcrumbList","@id":"https:\/\/www.viatel.se\/dk\/driftsakerhet\/#breadcrumb","itemListElement":[{"@type":"ListItem","position":1,"name":"Hem","item":"https:\/\/www.viatel.se\/dk\/"},{"@type":"ListItem","position":2,"name":"Driftssikkerhed"}]},{"@type":"WebSite","@id":"https:\/\/www.viatel.se\/dk\/#website","url":"https:\/\/www.viatel.se\/dk\/","name":"Viatel DK","description":"Betalnummer i Sverige, Norge och Finland","potentialAction":[{"@type":"SearchAction","target":{"@type":"EntryPoint","urlTemplate":"https:\/\/www.viatel.se\/dk\/?s={search_term_string}"},"query-input":{"@type":"PropertyValueSpecification","valueRequired":true,"valueName":"search_term_string"}}],"inLanguage":"sv-SE"}]}},"_links":{"self":[{"href":"https:\/\/www.viatel.se\/dk\/wp-json\/wp\/v2\/pages\/46","targetHints":{"allow":["GET"]}}],"collection":[{"href":"https:\/\/www.viatel.se\/dk\/wp-json\/wp\/v2\/pages"}],"about":[{"href":"https:\/\/www.viatel.se\/dk\/wp-json\/wp\/v2\/types\/page"}],"author":[{"embeddable":true,"href":"https:\/\/www.viatel.se\/dk\/wp-json\/wp\/v2\/users\/1"}],"replies":[{"embeddable":true,"href":"https:\/\/www.viatel.se\/dk\/wp-json\/wp\/v2\/comments?post=46"}],"version-history":[{"count":100,"href":"https:\/\/www.viatel.se\/dk\/wp-json\/wp\/v2\/pages\/46\/revisions"}],"predecessor-version":[{"id":5417,"href":"https:\/\/www.viatel.se\/dk\/wp-json\/wp\/v2\/pages\/46\/revisions\/5417"}],"wp:attachment":[{"href":"https:\/\/www.viatel.se\/dk\/wp-json\/wp\/v2\/media?parent=46"}],"curies":[{"name":"wp","href":"https:\/\/api.w.org\/{rel}","templated":true}]}}