{"id":42,"date":"2011-12-21T19:40:54","date_gmt":"2011-12-21T18:40:54","guid":{"rendered":"http:\/\/www.viatel.se\/dk\/?page_id=42"},"modified":"2024-10-25T10:42:39","modified_gmt":"2024-10-25T08:42:39","slug":"om-oss","status":"publish","type":"page","link":"https:\/\/www.viatel.se\/dk\/om-oss\/","title":{"rendered":"Om os"},"content":{"rendered":"<div class=\"fusion-fullwidth fullwidth-box fusion-builder-row-1 nonhundred-percent-fullwidth non-hundred-percent-height-scrolling\" style=\"background-color: rgba(255,255,255,0);background-position: left top;background-repeat: no-repeat;padding-top:20px;padding-right:20px;padding-bottom:20px;padding-left:20px;margin-bottom: 0px;margin-top: 0px;border-width: 0px 0px 0px 0px;border-color:#eae9e9;border-style:solid;\" ><div class=\"fusion-builder-row fusion-row\"><div class=\"fusion-layout-column fusion_builder_column fusion-builder-column-0 fusion_builder_column_2_3 2_3 fusion-two-third fusion-column-first\" style=\"width:65.3333%; margin-right: 4%;margin-top:0px;margin-bottom:20px;\"><div class=\"fusion-column-wrapper fusion-flex-column-wrapper-legacy\" style=\"background-position:left top;background-repeat:no-repeat;-webkit-background-size:cover;-moz-background-size:cover;-o-background-size:cover;background-size:cover;padding: 0px 0px 0px 0px;\"><div class=\"fusion-text fusion-text-1\"><h1>Om os<\/h1>\n<h2>Ig\u00e5r<\/h2>\n<p>Da Viatel blev grundlagt i 1992, var fokus prim\u00e6rt p\u00e5 opkaldsstyring, omstillingsl\u00f8sninger og k\u00f8systemer. Med vores baggrund inden for opkaldsh\u00e5ndtering og telefoni har vi f\u00e5et de perfekte foruds\u00e6tninger for at investere i betalingstjenester via telefon i \u00e5r 2000; <a href=\"https:\/\/www.viatel.se\/dk\/betalnummer\/\">betalteopkald<\/a> og <a href=\"https:\/\/www.viatel.se\/dk\/sms\/\">SMS<\/a>. Efter mange \u00e5r som den st\u00f8rste forhandler af forudbetalte numre hos <a href=\"http:\/\/www.telia.se\/\">Telia<\/a>, gav PTS os foruds\u00e6tningerne for at kunne st\u00e5 p\u00e5 egne ben. Det gjorde, at markedet for f\u00f8rste gang kunne opleve konkurrence, hvilket har betydet, at der i dag findes mere effektive produkter til lavere gebyrer. Viatel har ogs\u00e5 etableret kontorer i Oslo og Helsinki for bedst muligt at kunne tilbyde forudbetalte numre i hele Skandinavien.<\/p>\n<h2>I dag<\/h2>\n<p>Viatel er en virksomhed i v\u00e6kst. Vores ambition er at vokse lidt hver dag. Og vi g\u00f8r det, fordi vi elsker det, vi laver. At kunne pr\u00e6sentere en teknisk avanceret l\u00f8sning p\u00e5 en enkel m\u00e5de for en ny kunde g\u00f8r os glade. Det er det, vi br\u00e6nder for. Og det er det, der g\u00f8r os til markedsleder inden for betalingsnumre, og at vi fortsat har tillid til at h\u00e5ndtere mere end 15 millioner betalingstransaktioner om \u00e5ret.<\/p>\n<p>Som registreret operat\u00f8r hos PTS og med fiberforbindelser til de st\u00f8rste operat\u00f8rer har vi de bedste foruds\u00e6tninger for at kunne levere h\u00f8j kapacitet med den bedste kvalitet. Den site-redundante infrastruktur med datacenterelasticitet g\u00f8r os i stand til at h\u00e5ndtere store m\u00e6ngder trafik samt skalere platformen ud, n\u00e5r det er n\u00f8dvendigt.<\/p>\n<p>To \u00e5r i tr\u00e6k har vi haft det privilegium at v\u00e6re med og s\u00e6tte nye rekorder i tv-sammenh\u00e6ng. Det er vi lykkedes med takket v\u00e6re et fint samarbejde med vores partnere, engagerede medarbejdere og en robust og p\u00e5lidelig teknisk platform med en skr\u00e6ddersyet <a href=\"https:\/\/www.viatel.se\/dk\/betalnummer\/event\/\">Event-platform<\/a> til tv-arrangementer.<\/p>\n<p>Vi vokser p\u00e5 SMS-markedet og med fleksible v\u00e6rkt\u00f8jer kan vores kunder sende SMS til deres kunder og medarbejdere p\u00e5 en fleksibel m\u00e5de.<\/p>\n<h2>I morgen<\/h2>\n<p>Vi agter ogs\u00e5 at v\u00e6re markedsleder i morgen. Men vi ved, at markedet for betalingstjenester er i rivende udvikling. Vi investerer derfor aggressivt for at sikre, at vores betalingsl\u00f8sninger er s\u00e5 enkle, effektive og effektive, som et betalingsflow kun kan v\u00e6re, s\u00e5 vi kan overg\u00e5 vores kunders forventninger ogs\u00e5 i morgen. Vores ambition er at g\u00f8re arbejdet i dag for at sikre, at vi ogs\u00e5 i morgen har en f\u00f8rende position p\u00e5 markedet.<\/p>\n<\/div><span class=\" fusion-imageframe imageframe-none imageframe-1 hover-type-none\"><img decoding=\"async\" width=\"580\" height=\"413\" alt=\"Om oss\" title=\"Om oss\" src=\"data:image\/svg+xml,%3Csvg%20xmlns%3D%27http%3A%2F%2Fwww.w3.org%2F2000%2Fsvg%27%20width%3D%27580%27%20height%3D%27413%27%20viewBox%3D%270%200%20580%20413%27%3E%3Crect%20width%3D%27580%27%20height%3D%27413%27%20fill-opacity%3D%220%22%2F%3E%3C%2Fsvg%3E\" data-orig-src=\"https:\/\/www.viatel.se\/dk\/wp-content\/uploads\/sites\/4\/omoss.jpg\" class=\"lazyload img-responsive wp-image-4179\"\/><\/span><div class=\"fusion-clearfix\"><\/div><\/div><\/div><\/div><\/div>\n","protected":false},"excerpt":{"rendered":"","protected":false},"author":1,"featured_media":0,"parent":0,"menu_order":0,"comment_status":"closed","ping_status":"closed","template":"100-width.php","meta":{"footnotes":""},"class_list":["post-42","page","type-page","status-publish","hentry"],"yoast_head":"<!-- This site is optimized with the Yoast SEO plugin v25.1 - https:\/\/yoast.com\/wordpress\/plugins\/seo\/ -->\n<title>Viatel - Din leverant\u00f6r av betalsamtal och v\u00e4xell\u00f6sningar<\/title>\n<meta name=\"description\" content=\"Med egna betalnummer och egna kopplingar till operat\u00f6rerna har vi en unik position p\u00e5 marknaden som ger oss m\u00f6jlighet att erbjuda helt nya typer av tj\u00e4nster.\" \/>\n<meta name=\"robots\" content=\"index, follow, max-snippet:-1, max-image-preview:large, max-video-preview:-1\" \/>\n<link rel=\"canonical\" href=\"https:\/\/www.viatel.se\/dk\/om-oss\/\" \/>\n<meta property=\"og:locale\" content=\"sv_SE\" \/>\n<meta property=\"og:type\" content=\"article\" \/>\n<meta property=\"og:title\" content=\"Viatel - Din leverant\u00f6r av betalsamtal och v\u00e4xell\u00f6sningar\" \/>\n<meta property=\"og:description\" content=\"Med egna betalnummer och egna kopplingar till operat\u00f6rerna har vi en unik position p\u00e5 marknaden som ger oss m\u00f6jlighet att erbjuda helt nya typer av tj\u00e4nster.\" \/>\n<meta property=\"og:url\" content=\"https:\/\/www.viatel.se\/dk\/om-oss\/\" \/>\n<meta property=\"og:site_name\" content=\"Viatel DK\" \/>\n<meta property=\"article:modified_time\" content=\"2024-10-25T08:42:39+00:00\" \/>\n<meta property=\"og:image\" content=\"https:\/\/www.viatel.se\/dk\/wp-content\/uploads\/sites\/4\/omoss.jpg\" \/>\n<meta name=\"twitter:card\" content=\"summary_large_image\" \/>\n<meta name=\"twitter:label1\" content=\"Ber\u00e4knad l\u00e4stid\" \/>\n\t<meta name=\"twitter:data1\" content=\"3 minuter\" \/>\n<script type=\"application\/ld+json\" class=\"yoast-schema-graph\">{\"@context\":\"https:\/\/schema.org\",\"@graph\":[{\"@type\":\"WebPage\",\"@id\":\"https:\/\/www.viatel.se\/dk\/om-oss\/\",\"url\":\"https:\/\/www.viatel.se\/dk\/om-oss\/\",\"name\":\"Viatel - Din leverant\u00f6r av betalsamtal och v\u00e4xell\u00f6sningar\",\"isPartOf\":{\"@id\":\"https:\/\/www.viatel.se\/dk\/#website\"},\"primaryImageOfPage\":{\"@id\":\"https:\/\/www.viatel.se\/dk\/om-oss\/#primaryimage\"},\"image\":{\"@id\":\"https:\/\/www.viatel.se\/dk\/om-oss\/#primaryimage\"},\"thumbnailUrl\":\"https:\/\/www.viatel.se\/dk\/wp-content\/uploads\/sites\/4\/omoss.jpg\",\"datePublished\":\"2011-12-21T18:40:54+00:00\",\"dateModified\":\"2024-10-25T08:42:39+00:00\",\"description\":\"Med egna betalnummer och egna kopplingar till operat\u00f6rerna har vi en unik position p\u00e5 marknaden som ger oss m\u00f6jlighet att erbjuda helt nya typer av tj\u00e4nster.\",\"breadcrumb\":{\"@id\":\"https:\/\/www.viatel.se\/dk\/om-oss\/#breadcrumb\"},\"inLanguage\":\"sv-SE\",\"potentialAction\":[{\"@type\":\"ReadAction\",\"target\":[\"https:\/\/www.viatel.se\/dk\/om-oss\/\"]}]},{\"@type\":\"ImageObject\",\"inLanguage\":\"sv-SE\",\"@id\":\"https:\/\/www.viatel.se\/dk\/om-oss\/#primaryimage\",\"url\":\"https:\/\/www.viatel.se\/dk\/wp-content\/uploads\/sites\/4\/omoss.jpg\",\"contentUrl\":\"https:\/\/www.viatel.se\/dk\/wp-content\/uploads\/sites\/4\/omoss.jpg\",\"width\":580,\"height\":413,\"caption\":\"Om oss\"},{\"@type\":\"BreadcrumbList\",\"@id\":\"https:\/\/www.viatel.se\/dk\/om-oss\/#breadcrumb\",\"itemListElement\":[{\"@type\":\"ListItem\",\"position\":1,\"name\":\"Hem\",\"item\":\"https:\/\/www.viatel.se\/dk\/\"},{\"@type\":\"ListItem\",\"position\":2,\"name\":\"Om os\"}]},{\"@type\":\"WebSite\",\"@id\":\"https:\/\/www.viatel.se\/dk\/#website\",\"url\":\"https:\/\/www.viatel.se\/dk\/\",\"name\":\"Viatel DK\",\"description\":\"Betalnummer i Sverige, Norge och Finland\",\"potentialAction\":[{\"@type\":\"SearchAction\",\"target\":{\"@type\":\"EntryPoint\",\"urlTemplate\":\"https:\/\/www.viatel.se\/dk\/?s={search_term_string}\"},\"query-input\":{\"@type\":\"PropertyValueSpecification\",\"valueRequired\":true,\"valueName\":\"search_term_string\"}}],\"inLanguage\":\"sv-SE\"}]}<\/script>\n<!-- \/ Yoast SEO plugin. -->","yoast_head_json":{"title":"Viatel - Din leverant\u00f6r av betalsamtal och v\u00e4xell\u00f6sningar","description":"Med egna betalnummer och egna kopplingar till operat\u00f6rerna har vi en unik position p\u00e5 marknaden som ger oss m\u00f6jlighet att erbjuda helt nya typer av tj\u00e4nster.","robots":{"index":"index","follow":"follow","max-snippet":"max-snippet:-1","max-image-preview":"max-image-preview:large","max-video-preview":"max-video-preview:-1"},"canonical":"https:\/\/www.viatel.se\/dk\/om-oss\/","og_locale":"sv_SE","og_type":"article","og_title":"Viatel - Din leverant\u00f6r av betalsamtal och v\u00e4xell\u00f6sningar","og_description":"Med egna betalnummer och egna kopplingar till operat\u00f6rerna har vi en unik position p\u00e5 marknaden som ger oss m\u00f6jlighet att erbjuda helt nya typer av tj\u00e4nster.","og_url":"https:\/\/www.viatel.se\/dk\/om-oss\/","og_site_name":"Viatel DK","article_modified_time":"2024-10-25T08:42:39+00:00","og_image":[{"url":"https:\/\/www.viatel.se\/dk\/wp-content\/uploads\/sites\/4\/omoss.jpg","type":"","width":"","height":""}],"twitter_card":"summary_large_image","twitter_misc":{"Ber\u00e4knad l\u00e4stid":"3 minuter"},"schema":{"@context":"https:\/\/schema.org","@graph":[{"@type":"WebPage","@id":"https:\/\/www.viatel.se\/dk\/om-oss\/","url":"https:\/\/www.viatel.se\/dk\/om-oss\/","name":"Viatel - Din leverant\u00f6r av betalsamtal och v\u00e4xell\u00f6sningar","isPartOf":{"@id":"https:\/\/www.viatel.se\/dk\/#website"},"primaryImageOfPage":{"@id":"https:\/\/www.viatel.se\/dk\/om-oss\/#primaryimage"},"image":{"@id":"https:\/\/www.viatel.se\/dk\/om-oss\/#primaryimage"},"thumbnailUrl":"https:\/\/www.viatel.se\/dk\/wp-content\/uploads\/sites\/4\/omoss.jpg","datePublished":"2011-12-21T18:40:54+00:00","dateModified":"2024-10-25T08:42:39+00:00","description":"Med egna betalnummer och egna kopplingar till operat\u00f6rerna har vi en unik position p\u00e5 marknaden som ger oss m\u00f6jlighet att erbjuda helt nya typer av tj\u00e4nster.","breadcrumb":{"@id":"https:\/\/www.viatel.se\/dk\/om-oss\/#breadcrumb"},"inLanguage":"sv-SE","potentialAction":[{"@type":"ReadAction","target":["https:\/\/www.viatel.se\/dk\/om-oss\/"]}]},{"@type":"ImageObject","inLanguage":"sv-SE","@id":"https:\/\/www.viatel.se\/dk\/om-oss\/#primaryimage","url":"https:\/\/www.viatel.se\/dk\/wp-content\/uploads\/sites\/4\/omoss.jpg","contentUrl":"https:\/\/www.viatel.se\/dk\/wp-content\/uploads\/sites\/4\/omoss.jpg","width":580,"height":413,"caption":"Om oss"},{"@type":"BreadcrumbList","@id":"https:\/\/www.viatel.se\/dk\/om-oss\/#breadcrumb","itemListElement":[{"@type":"ListItem","position":1,"name":"Hem","item":"https:\/\/www.viatel.se\/dk\/"},{"@type":"ListItem","position":2,"name":"Om os"}]},{"@type":"WebSite","@id":"https:\/\/www.viatel.se\/dk\/#website","url":"https:\/\/www.viatel.se\/dk\/","name":"Viatel DK","description":"Betalnummer i Sverige, Norge och Finland","potentialAction":[{"@type":"SearchAction","target":{"@type":"EntryPoint","urlTemplate":"https:\/\/www.viatel.se\/dk\/?s={search_term_string}"},"query-input":{"@type":"PropertyValueSpecification","valueRequired":true,"valueName":"search_term_string"}}],"inLanguage":"sv-SE"}]}},"_links":{"self":[{"href":"https:\/\/www.viatel.se\/dk\/wp-json\/wp\/v2\/pages\/42","targetHints":{"allow":["GET"]}}],"collection":[{"href":"https:\/\/www.viatel.se\/dk\/wp-json\/wp\/v2\/pages"}],"about":[{"href":"https:\/\/www.viatel.se\/dk\/wp-json\/wp\/v2\/types\/page"}],"author":[{"embeddable":true,"href":"https:\/\/www.viatel.se\/dk\/wp-json\/wp\/v2\/users\/1"}],"replies":[{"embeddable":true,"href":"https:\/\/www.viatel.se\/dk\/wp-json\/wp\/v2\/comments?post=42"}],"version-history":[{"count":62,"href":"https:\/\/www.viatel.se\/dk\/wp-json\/wp\/v2\/pages\/42\/revisions"}],"predecessor-version":[{"id":5412,"href":"https:\/\/www.viatel.se\/dk\/wp-json\/wp\/v2\/pages\/42\/revisions\/5412"}],"wp:attachment":[{"href":"https:\/\/www.viatel.se\/dk\/wp-json\/wp\/v2\/media?parent=42"}],"curies":[{"name":"wp","href":"https:\/\/api.w.org\/{rel}","templated":true}]}}