{"id":3725,"date":"2015-04-29T10:57:33","date_gmt":"2015-04-29T08:57:33","guid":{"rendered":"http:\/\/www.viatel.se\/dk\/?page_id=3725"},"modified":"2024-10-24T14:25:21","modified_gmt":"2024-10-24T12:25:21","slug":"paybycall","status":"publish","type":"page","link":"https:\/\/www.viatel.se\/dk\/betalnummer\/paybycall\/","title":{"rendered":"PayByCall"},"content":{"rendered":"<div class=\"fusion-fullwidth fullwidth-box fusion-builder-row-1 nonhundred-percent-fullwidth non-hundred-percent-height-scrolling\" style=\"background-color: rgba(255,255,255,0);background-position: left top;background-repeat: no-repeat;padding-top:20px;padding-right:0px;padding-bottom:20px;padding-left:0px;margin-bottom: 0px;margin-top: 0px;border-width: 0px 0px 0px 0px;border-color:#eae9e9;border-style:solid;\" ><div class=\"fusion-builder-row fusion-row\"><div class=\"fusion-layout-column fusion_builder_column fusion-builder-column-0 fusion_builder_column_2_3 2_3 fusion-two-third fusion-column-first preamble\" style=\"width:65.3333%; margin-right: 4%;margin-top:0px;margin-bottom:20px;\"><div class=\"fusion-column-wrapper fusion-flex-column-wrapper-legacy\" style=\"background-position:left top;background-repeat:no-repeat;-webkit-background-size:cover;-moz-background-size:cover;-o-background-size:cover;background-size:cover;padding: 0px 0px 0px 0px;\"><div class=\"fusion-text fusion-text-1\"><h1>PayByCall<br \/>\n&#8211; Betal med et opkald<\/h1>\n<p>PayByCall er en service til dig, der \u00f8nsker at blive betalt for forskellige former for individuelle k\u00f8b. F\u00e6lles anvendelsesomr\u00e5der er f.eks. velg\u00f8renhed, konkurrencer og betaling for annoncer.<\/p>\n<\/div><ul class=\"fusion-checklist fusion-checklist-1\" style=\"font-size:14px;line-height:23.8px;\"><li class=\"fusion-li-item\"><span style=\"background-color:#8bc34a;font-size:12.32px;height:23.8px;width:23.8px;margin-right:9.8px;\" class=\"icon-wrapper circle-yes\"><i class=\"fusion-li-icon fa fa-check\" style=\"color:#ffffff;\" aria-hidden=\"true\"><\/i><\/span><div class=\"fusion-li-item-content\" style=\"margin-left:33.6px;\">\n<p>Enkel, fleksibel og sikker betaling via telefon<\/p>\n<\/div><\/li><li class=\"fusion-li-item\"><span style=\"background-color:#8bc34a;font-size:12.32px;height:23.8px;width:23.8px;margin-right:9.8px;\" class=\"icon-wrapper circle-yes\"><i class=\"fusion-li-icon fa fa-check\" style=\"color:#ffffff;\" aria-hidden=\"true\"><\/i><\/span><div class=\"fusion-li-item-content\" style=\"margin-left:33.6px;\">\n<p>Kunden opkr\u00e6ves f\u00f8rst efter annoncekoden er godkendt af kunden<\/p>\n<\/div><\/li><li class=\"fusion-li-item\"><span style=\"background-color:#8bc34a;font-size:12.32px;height:23.8px;width:23.8px;margin-right:9.8px;\" class=\"icon-wrapper circle-yes\"><i class=\"fusion-li-icon fa fa-check\" style=\"color:#ffffff;\" aria-hidden=\"true\"><\/i><\/span><div class=\"fusion-li-item-content\" style=\"margin-left:33.6px;\">\n<p>Prisen kan varieres alt efter hvilken annoncekode kunden indtaster<\/p>\n<\/div><\/li><li class=\"fusion-li-item\"><span style=\"background-color:#8bc34a;font-size:12.32px;height:23.8px;width:23.8px;margin-right:9.8px;\" class=\"icon-wrapper circle-yes\"><i class=\"fusion-li-icon fa fa-check\" style=\"color:#ffffff;\" aria-hidden=\"true\"><\/i><\/span><div class=\"fusion-li-item-content\" style=\"margin-left:33.6px;\">\n<p>Statistik direkte i kundeweb, der viser antal k\u00f8b<\/p>\n<\/div><\/li><\/ul><div class=\"fusion-clearfix\"><\/div><\/div><\/div><div class=\"fusion-layout-column fusion_builder_column fusion-builder-column-1 fusion_builder_column_1_3 1_3 fusion-one-third fusion-column-last\" style=\"width:30.6666%;margin-top:0px;margin-bottom:20px;\"><div class=\"fusion-column-wrapper fusion-flex-column-wrapper-legacy\" style=\"background-position:left top;background-repeat:no-repeat;-webkit-background-size:cover;-moz-background-size:cover;-o-background-size:cover;background-size:cover;padding: 0px 0px 0px 0px;\"><span class=\" fusion-imageframe imageframe-none imageframe-1 hover-type-none\"><img decoding=\"async\" width=\"210\" height=\"261\" title=\"betalnummer\" src=\"data:image\/svg+xml,%3Csvg%20xmlns%3D%27http%3A%2F%2Fwww.w3.org%2F2000%2Fsvg%27%20width%3D%27210%27%20height%3D%27261%27%20viewBox%3D%270%200%20210%20261%27%3E%3Crect%20width%3D%27210%27%20height%3D%27261%27%20fill-opacity%3D%220%22%2F%3E%3C%2Fsvg%3E\" data-orig-src=\"https:\/\/www.viatel.se\/dk\/wp-content\/uploads\/sites\/4\/Produktsida_Via900.jpg\" class=\"lazyload img-responsive wp-image-3890\"\/><\/span><div class=\"fusion-sep-clear\"><\/div><div class=\"fusion-separator fusion-full-width-sep\" style=\"margin-left: auto;margin-right: auto;margin-top:30px;margin-bottom:10px;width:100%;\"><\/div><div class=\"fusion-sep-clear\"><\/div><div class=\"fusion-text fusion-text-2\"><h2>PayByCall<\/h2>\n<\/div><span class=\" fusion-imageframe imageframe-none imageframe-2 hover-type-none\"><a class=\"fusion-no-lightbox\" href=\"https:\/\/www.viatel.se\/dk\/wp-content\/uploads\/sites\/4\/PayByCall-med-svenskt-betalnummer-Produktblad-SE.pdf\" target=\"_self\" aria-label=\"pdf produktblad\"><img decoding=\"async\" width=\"169\" height=\"54\" alt=\"pdf produktblad\" src=\"data:image\/svg+xml,%3Csvg%20xmlns%3D%27http%3A%2F%2Fwww.w3.org%2F2000%2Fsvg%27%20width%3D%27169%27%20height%3D%2754%27%20viewBox%3D%270%200%20169%2054%27%3E%3Crect%20width%3D%27169%27%20height%3D%2754%27%20fill-opacity%3D%220%22%2F%3E%3C%2Fsvg%3E\" data-orig-src=\"https:\/\/www.viatel.se\/dk\/wp-content\/uploads\/sites\/4\/pdf_produktblad.jpg\" class=\"lazyload img-responsive wp-image-3925\"\/><\/a><\/span><div class=\"fusion-clearfix\"><\/div><\/div><\/div><div class=\"fusion-layout-column fusion_builder_column fusion-builder-column-2 fusion_builder_column_1_2 1_2 fusion-one-half fusion-column-first\" style=\"width:48%; margin-right: 4%;margin-top:0px;margin-bottom:20px;\"><div class=\"fusion-column-wrapper fusion-flex-column-wrapper-legacy\" style=\"background-position:left top;background-repeat:no-repeat;-webkit-background-size:cover;-moz-background-size:cover;-o-background-size:cover;background-size:cover;padding: 0px 0px 0px 0px;\"><div class=\"fusion-text fusion-text-3\"><h2>Betalingsnummer &#8211; enkelt og sikkert<\/h2>\n<p>Med et betalingsnummer kan du nemt betale telefonisk. Forbrugeren ringer til et vejafgiftsnummer for at betale for et produkt eller en tjeneste, og prisen bliver derefter opkr\u00e6vet p\u00e5 telefonregningen.<\/p>\n<h2>Ni forskellige typer PayByCall<\/h2>\n<p>PayByCall-tjenesten er tilg\u00e6ngelig i ni forskellige versioner. Du v\u00e6lger den type PayByCall-l\u00f8sning, der passer dig bedst, og optager derefter selv de prompter, der skal afspilles for den kunde, der ringer til din tjeneste.<\/p>\n<p>Tjenesten kan tilg\u00e5s fra b\u00e5de fastnet- og mobilnettet, men for at der kan sendes SMS ud, skal personen ringe fra et svensk mobilnummer.<\/p>\n<ul>\n<li><span class=\"Y2IQFc\" lang=\"da\"><strong>Type 1<\/strong> \u2013 Kodeindtastning.<\/span><\/li>\n<li><span class=\"Y2IQFc\" lang=\"da\"><strong>Type 2<\/strong> \u2013 Optagelse.<\/span><\/li>\n<li><span class=\"Y2IQFc\" lang=\"da\"><strong>Type 3<\/strong> \u2013 Input og optagelse.<\/span><\/li>\n<li><span class=\"Y2IQFc\" lang=\"da\"><strong>Type 4<\/strong> \u2013 Input + input.<\/span><\/li>\n<li><span class=\"Y2IQFc\" lang=\"da\"><strong>Type 5<\/strong> \u2013 Ingen handling, f.eks. i tilf\u00e6lde af velg\u00f8renhed.<\/span><\/li>\n<li><span class=\"Y2IQFc\" lang=\"da\"><strong>Type 6<\/strong> \u2013 Afl\u00e6sning af kode + afsendelse via SMS.<\/span><\/li>\n<li><span class=\"Y2IQFc\" lang=\"da\"><strong>Type 7<\/strong> \u2013 Input + billedforklaring.<\/span><\/li>\n<li><span class=\"Y2IQFc\" lang=\"da\"><strong>Type 8<\/strong> \u2013 Input med HTTP-kontrol.<\/span><\/li>\n<li><span class=\"Y2IQFc\" lang=\"da\"><strong>Type 9<\/strong> \u2013 Aktivt valg eller input.<\/span><\/li>\n<\/ul>\n<p><span class=\"Y2IQFc\" lang=\"da\">V\u00e6lger du et PayByCall af type 6, dvs. udl\u00e6sning af koden, er det muligt at koble afsendelse af SMS til tjenesten. Udl\u00e6sningskoden sendes s\u00e5 automatisk til kunden via SMS umiddelbart efter afslutningen af \u200b\u200bopkaldet.<br \/>\n<\/span><\/p>\n<h2>Vi giver dig besked efter hvert k\u00f8b<\/h2>\n<p>Efter hvert afsluttet opkald sender vi dig en notifikation via et HTTP-opkald eller e-mail. I meddelelsen vil du se fra hvilket telefonnummer betalingen er foretaget, samt hvilken kode der er tastet ind\/l\u00e6st op mv.<\/p>\n<h2>Prisl\u00e6sning med fleksibilitet<\/h2>\n<p>Prisen for at foretage det betalte opkald afl\u00e6ses altid automatisk i starten af \u200b\u200bopkaldet og koster ikke forbrugeren noget. N\u00e5r prisen er udl\u00e6st, skal forbrugeren godkende udgiften ved at trykke &#8221;1&#8221;.<\/p>\n<p>I tjenesten kan du bruge en firmavelkomsthilsen. Du har ogs\u00e5 mulighed for at \u00f8ge sikkerheden yderligere ved at v\u00e6lge at prisen skal gentages eller at forbrugeren skal indtaste f\u00f8dsels\u00e5r for at kunne gennemf\u00f8re betalingen.<\/p>\n<\/div><div class=\"fusion-clearfix\"><\/div><\/div><\/div><div class=\"fusion-layout-column fusion_builder_column fusion-builder-column-3 fusion_builder_column_1_2 1_2 fusion-one-half fusion-column-last\" style=\"width:48%;margin-top:0px;margin-bottom:20px;\"><div class=\"fusion-column-wrapper fusion-flex-column-wrapper-legacy\" style=\"background-position:left top;background-repeat:no-repeat;-webkit-background-size:cover;-moz-background-size:cover;-o-background-size:cover;background-size:cover;padding: 0px 0px 0px 0px;\"><div class=\"fusion-text fusion-text-4\"><h2>Kundeweb giver overblik<\/h2>\n<p>Din service inkluderer adgang til vores kundewebsted uden ekstra omkostninger. I webgr\u00e6nsefladen f\u00e5r du et overskueligt overblik over din service og du kan f.eks. f\u00f8lg opkaldsstatistikken.<\/p>\n<h2>Du bestemmer selv prisen<\/h2>\n<p>Du bestemmer selv pris og momssats p\u00e5 dit betalingsnummer, afh\u00e6ngig af hvilken service eller produkt du s\u00e6lger. Det er muligt at opkr\u00e6ve en bestemt pris pr. opkald eller en bestemt pris pr. minut. V\u00e6lger du prismodellen &#8221;pris pr. minut&#8221;, m\u00e5 hvert opkald maksimalt koste 1.500 SEK, og n\u00e5r gr\u00e6nsen er n\u00e5et, afsluttes opkaldet automatisk.<\/p>\n<p>V\u00e6lger du prismodellen &#8221;pris pr. opkald&#8221;, kan du maksimalt opkr\u00e6ve 500 SEK pr. opkald. Alt efter hvilken type service eller produkt du s\u00e6lger, kan vi efter aftale ogs\u00e5 tilbyde bel\u00f8b over SEK 500 pr. opkald.<\/p>\n<h2>Omvendelsesmargin p\u00e5 10 sekunder<\/h2>\n<p>Efter at forbrugeren har godkendt prisen for at ringe til dit forudbetalte nummer, er der en fortrydelsesfrist p\u00e5 10 sekunder, s\u00e5 der sker ingen debitering, hvis kunden l\u00e6gger p\u00e5, inden der er g\u00e5et 10 sekunder. Den aktive godkendelse sammen med fortrydelsesmarginen minimerer risikoen for u\u00f8nskede betalte opkald, hvor forbrugeren ikke har forst\u00e5et, hvad det koster \u2013 en sikkerhed b\u00e5de for dig og for din kunde!<\/p>\n<h2>Betaling<\/h2>\n<p>Betaling for trafikken sker til din firmakonto 40 bankdage efter udgangen af \u200b\u200bhver m\u00e5ned. \u00d8nsker du at blive betalt hurtigere, tilbyder vi till\u00e6gstjenesten ViaFinans, som betyder, at vi udbetaler din genererede indkomst inden for ti bankdage. Efter udgangen af \u200b\u200bhver m\u00e5ned sender vi en oversigt over antal opkald\/minutter, din indt\u00e6gt for trafikken og vores gebyrer. Omkostningerne modregnes direkte i indt\u00e6gterne p\u00e5 \u00e9n og samme faktura \u2013 enkelt og fleksibelt.<\/p>\n<h2>Hvordan bestiller jeg?<\/h2>\n<p>Ud fra dine behov kan vi skr\u00e6ddersy l\u00f8sninger til dine betalingsnumre. Det nemmeste er, hvis du ringer til vores salgsafdeling p\u00e5 telefonnummer +468-50 60 10 00. Du kan ogs\u00e5 maile til sales@viatel.se eller udfylde formularen under <a href=\"https:\/\/www.viatel.se\/dk\/komma-igang\/\">ordre betalingsnummer<\/a>.<\/p>\n<\/div><div class=\"fusion-clearfix\"><\/div><\/div><\/div><\/div><\/div>\n","protected":false},"excerpt":{"rendered":"","protected":false},"author":1,"featured_media":0,"parent":13,"menu_order":0,"comment_status":"closed","ping_status":"closed","template":"","meta":{"footnotes":""},"class_list":["post-3725","page","type-page","status-publish","hentry"],"yoast_head":"<!-- This site is optimized with the Yoast SEO plugin v25.1 - https:\/\/yoast.com\/wordpress\/plugins\/seo\/ -->\n<title>Ta betalt via mobilen. PayByCall \u00e4r betaltj\u00e4nsten f\u00f6r styckk\u00f6p.<\/title>\n<meta name=\"description\" content=\"PayByCall finns i nio olika utf\u00f6randen. Vanliga anv\u00e4ndsomr\u00e5den \u00e4r betalning f\u00f6r annonser, medlemskap, v\u00e4lg\u00f6renhet eller t\u00e4vlingar med mera.\" \/>\n<meta name=\"robots\" content=\"index, follow, max-snippet:-1, max-image-preview:large, max-video-preview:-1\" \/>\n<link rel=\"canonical\" href=\"https:\/\/www.viatel.se\/dk\/betalnummer\/paybycall\/\" \/>\n<meta property=\"og:locale\" content=\"sv_SE\" \/>\n<meta property=\"og:type\" content=\"article\" \/>\n<meta property=\"og:title\" content=\"Ta betalt via mobilen. PayByCall \u00e4r betaltj\u00e4nsten f\u00f6r styckk\u00f6p.\" \/>\n<meta property=\"og:description\" content=\"PayByCall finns i nio olika utf\u00f6randen. Vanliga anv\u00e4ndsomr\u00e5den \u00e4r betalning f\u00f6r annonser, medlemskap, v\u00e4lg\u00f6renhet eller t\u00e4vlingar med mera.\" \/>\n<meta property=\"og:url\" content=\"https:\/\/www.viatel.se\/dk\/betalnummer\/paybycall\/\" \/>\n<meta property=\"og:site_name\" content=\"Viatel DK\" \/>\n<meta property=\"article:modified_time\" content=\"2024-10-24T12:25:21+00:00\" \/>\n<meta property=\"og:image\" content=\"https:\/\/www.viatel.se\/dk\/wp-content\/uploads\/sites\/4\/Produktsida_Via900.jpg\" \/>\n<meta name=\"twitter:card\" content=\"summary_large_image\" \/>\n<meta name=\"twitter:label1\" content=\"Ber\u00e4knad l\u00e4stid\" \/>\n\t<meta name=\"twitter:data1\" content=\"6 minuter\" \/>\n<script type=\"application\/ld+json\" class=\"yoast-schema-graph\">{\"@context\":\"https:\/\/schema.org\",\"@graph\":[{\"@type\":\"WebPage\",\"@id\":\"https:\/\/www.viatel.se\/dk\/betalnummer\/paybycall\/\",\"url\":\"https:\/\/www.viatel.se\/dk\/betalnummer\/paybycall\/\",\"name\":\"Ta betalt via mobilen. PayByCall \u00e4r betaltj\u00e4nsten f\u00f6r styckk\u00f6p.\",\"isPartOf\":{\"@id\":\"https:\/\/www.viatel.se\/dk\/#website\"},\"primaryImageOfPage\":{\"@id\":\"https:\/\/www.viatel.se\/dk\/betalnummer\/paybycall\/#primaryimage\"},\"image\":{\"@id\":\"https:\/\/www.viatel.se\/dk\/betalnummer\/paybycall\/#primaryimage\"},\"thumbnailUrl\":\"https:\/\/www.viatel.se\/dk\/wp-content\/uploads\/sites\/4\/Produktsida_Via900.jpg\",\"datePublished\":\"2015-04-29T08:57:33+00:00\",\"dateModified\":\"2024-10-24T12:25:21+00:00\",\"description\":\"PayByCall finns i nio olika utf\u00f6randen. Vanliga anv\u00e4ndsomr\u00e5den \u00e4r betalning f\u00f6r annonser, medlemskap, v\u00e4lg\u00f6renhet eller t\u00e4vlingar med mera.\",\"breadcrumb\":{\"@id\":\"https:\/\/www.viatel.se\/dk\/betalnummer\/paybycall\/#breadcrumb\"},\"inLanguage\":\"sv-SE\",\"potentialAction\":[{\"@type\":\"ReadAction\",\"target\":[\"https:\/\/www.viatel.se\/dk\/betalnummer\/paybycall\/\"]}]},{\"@type\":\"ImageObject\",\"inLanguage\":\"sv-SE\",\"@id\":\"https:\/\/www.viatel.se\/dk\/betalnummer\/paybycall\/#primaryimage\",\"url\":\"https:\/\/www.viatel.se\/dk\/wp-content\/uploads\/sites\/4\/Produktsida_Via900.jpg\",\"contentUrl\":\"https:\/\/www.viatel.se\/dk\/wp-content\/uploads\/sites\/4\/Produktsida_Via900.jpg\",\"width\":210,\"height\":261},{\"@type\":\"BreadcrumbList\",\"@id\":\"https:\/\/www.viatel.se\/dk\/betalnummer\/paybycall\/#breadcrumb\",\"itemListElement\":[{\"@type\":\"ListItem\",\"position\":1,\"name\":\"Hem\",\"item\":\"https:\/\/www.viatel.se\/dk\/\"},{\"@type\":\"ListItem\",\"position\":2,\"name\":\"Betalnummer\",\"item\":\"https:\/\/www.viatel.se\/dk\/betalnummer\/\"},{\"@type\":\"ListItem\",\"position\":3,\"name\":\"PayByCall\"}]},{\"@type\":\"WebSite\",\"@id\":\"https:\/\/www.viatel.se\/dk\/#website\",\"url\":\"https:\/\/www.viatel.se\/dk\/\",\"name\":\"Viatel DK\",\"description\":\"Betalnummer i Sverige, Norge och Finland\",\"potentialAction\":[{\"@type\":\"SearchAction\",\"target\":{\"@type\":\"EntryPoint\",\"urlTemplate\":\"https:\/\/www.viatel.se\/dk\/?s={search_term_string}\"},\"query-input\":{\"@type\":\"PropertyValueSpecification\",\"valueRequired\":true,\"valueName\":\"search_term_string\"}}],\"inLanguage\":\"sv-SE\"}]}<\/script>\n<!-- \/ Yoast SEO plugin. -->","yoast_head_json":{"title":"Ta betalt via mobilen. PayByCall \u00e4r betaltj\u00e4nsten f\u00f6r styckk\u00f6p.","description":"PayByCall finns i nio olika utf\u00f6randen. Vanliga anv\u00e4ndsomr\u00e5den \u00e4r betalning f\u00f6r annonser, medlemskap, v\u00e4lg\u00f6renhet eller t\u00e4vlingar med mera.","robots":{"index":"index","follow":"follow","max-snippet":"max-snippet:-1","max-image-preview":"max-image-preview:large","max-video-preview":"max-video-preview:-1"},"canonical":"https:\/\/www.viatel.se\/dk\/betalnummer\/paybycall\/","og_locale":"sv_SE","og_type":"article","og_title":"Ta betalt via mobilen. PayByCall \u00e4r betaltj\u00e4nsten f\u00f6r styckk\u00f6p.","og_description":"PayByCall finns i nio olika utf\u00f6randen. Vanliga anv\u00e4ndsomr\u00e5den \u00e4r betalning f\u00f6r annonser, medlemskap, v\u00e4lg\u00f6renhet eller t\u00e4vlingar med mera.","og_url":"https:\/\/www.viatel.se\/dk\/betalnummer\/paybycall\/","og_site_name":"Viatel DK","article_modified_time":"2024-10-24T12:25:21+00:00","og_image":[{"url":"https:\/\/www.viatel.se\/dk\/wp-content\/uploads\/sites\/4\/Produktsida_Via900.jpg","type":"","width":"","height":""}],"twitter_card":"summary_large_image","twitter_misc":{"Ber\u00e4knad l\u00e4stid":"6 minuter"},"schema":{"@context":"https:\/\/schema.org","@graph":[{"@type":"WebPage","@id":"https:\/\/www.viatel.se\/dk\/betalnummer\/paybycall\/","url":"https:\/\/www.viatel.se\/dk\/betalnummer\/paybycall\/","name":"Ta betalt via mobilen. PayByCall \u00e4r betaltj\u00e4nsten f\u00f6r styckk\u00f6p.","isPartOf":{"@id":"https:\/\/www.viatel.se\/dk\/#website"},"primaryImageOfPage":{"@id":"https:\/\/www.viatel.se\/dk\/betalnummer\/paybycall\/#primaryimage"},"image":{"@id":"https:\/\/www.viatel.se\/dk\/betalnummer\/paybycall\/#primaryimage"},"thumbnailUrl":"https:\/\/www.viatel.se\/dk\/wp-content\/uploads\/sites\/4\/Produktsida_Via900.jpg","datePublished":"2015-04-29T08:57:33+00:00","dateModified":"2024-10-24T12:25:21+00:00","description":"PayByCall finns i nio olika utf\u00f6randen. Vanliga anv\u00e4ndsomr\u00e5den \u00e4r betalning f\u00f6r annonser, medlemskap, v\u00e4lg\u00f6renhet eller t\u00e4vlingar med mera.","breadcrumb":{"@id":"https:\/\/www.viatel.se\/dk\/betalnummer\/paybycall\/#breadcrumb"},"inLanguage":"sv-SE","potentialAction":[{"@type":"ReadAction","target":["https:\/\/www.viatel.se\/dk\/betalnummer\/paybycall\/"]}]},{"@type":"ImageObject","inLanguage":"sv-SE","@id":"https:\/\/www.viatel.se\/dk\/betalnummer\/paybycall\/#primaryimage","url":"https:\/\/www.viatel.se\/dk\/wp-content\/uploads\/sites\/4\/Produktsida_Via900.jpg","contentUrl":"https:\/\/www.viatel.se\/dk\/wp-content\/uploads\/sites\/4\/Produktsida_Via900.jpg","width":210,"height":261},{"@type":"BreadcrumbList","@id":"https:\/\/www.viatel.se\/dk\/betalnummer\/paybycall\/#breadcrumb","itemListElement":[{"@type":"ListItem","position":1,"name":"Hem","item":"https:\/\/www.viatel.se\/dk\/"},{"@type":"ListItem","position":2,"name":"Betalnummer","item":"https:\/\/www.viatel.se\/dk\/betalnummer\/"},{"@type":"ListItem","position":3,"name":"PayByCall"}]},{"@type":"WebSite","@id":"https:\/\/www.viatel.se\/dk\/#website","url":"https:\/\/www.viatel.se\/dk\/","name":"Viatel DK","description":"Betalnummer i Sverige, Norge och Finland","potentialAction":[{"@type":"SearchAction","target":{"@type":"EntryPoint","urlTemplate":"https:\/\/www.viatel.se\/dk\/?s={search_term_string}"},"query-input":{"@type":"PropertyValueSpecification","valueRequired":true,"valueName":"search_term_string"}}],"inLanguage":"sv-SE"}]}},"_links":{"self":[{"href":"https:\/\/www.viatel.se\/dk\/wp-json\/wp\/v2\/pages\/3725","targetHints":{"allow":["GET"]}}],"collection":[{"href":"https:\/\/www.viatel.se\/dk\/wp-json\/wp\/v2\/pages"}],"about":[{"href":"https:\/\/www.viatel.se\/dk\/wp-json\/wp\/v2\/types\/page"}],"author":[{"embeddable":true,"href":"https:\/\/www.viatel.se\/dk\/wp-json\/wp\/v2\/users\/1"}],"replies":[{"embeddable":true,"href":"https:\/\/www.viatel.se\/dk\/wp-json\/wp\/v2\/comments?post=3725"}],"version-history":[{"count":58,"href":"https:\/\/www.viatel.se\/dk\/wp-json\/wp\/v2\/pages\/3725\/revisions"}],"predecessor-version":[{"id":5397,"href":"https:\/\/www.viatel.se\/dk\/wp-json\/wp\/v2\/pages\/3725\/revisions\/5397"}],"up":[{"embeddable":true,"href":"https:\/\/www.viatel.se\/dk\/wp-json\/wp\/v2\/pages\/13"}],"wp:attachment":[{"href":"https:\/\/www.viatel.se\/dk\/wp-json\/wp\/v2\/media?parent=3725"}],"curies":[{"name":"wp","href":"https:\/\/api.w.org\/{rel}","templated":true}]}}