{"id":3719,"date":"2015-04-29T10:47:26","date_gmt":"2015-04-29T08:47:26","guid":{"rendered":"http:\/\/www.viatel.se\/dk\/?page_id=3719"},"modified":"2024-11-06T13:45:28","modified_gmt":"2024-11-06T12:45:28","slug":"komma-igang","status":"publish","type":"page","link":"https:\/\/www.viatel.se\/dk\/komma-igang\/","title":{"rendered":"Komma ig\u00e5ng"},"content":{"rendered":"<div class=\"fusion-fullwidth fullwidth-box fusion-builder-row-1 nonhundred-percent-fullwidth non-hundred-percent-height-scrolling\" style=\"background-color: rgba(255,255,255,0);background-position: left top;background-repeat: no-repeat;padding-top:20px;padding-right:20px;padding-bottom:20px;padding-left:20px;margin-bottom: 0px;margin-top: 0px;border-width: 0px 0px 0px 0px;border-color:#eae9e9;border-style:solid;\" ><div class=\"fusion-builder-row fusion-row\"><div class=\"fusion-layout-column fusion_builder_column fusion-builder-column-0 fusion_builder_column_2_3 2_3 fusion-two-third fusion-column-first\" style=\"width:65.3333%; margin-right: 4%;margin-top:0px;margin-bottom:20px;\"><div class=\"fusion-column-wrapper fusion-flex-column-wrapper-legacy\" style=\"background-position:left top;background-repeat:no-repeat;-webkit-background-size:cover;-moz-background-size:cover;-o-background-size:cover;background-size:cover;padding: 0px 0px 0px 0px;\"><div class=\"fusion-text fusion-text-1\"><h1>Kom godt i gang<\/h1>\n<h2>Start bestilling<\/h2>\n<p>\u00d8nsker du at bestille Viatels tjenester? Start med at udfylde formularen nedenfor, s\u00e5 kontakter vi dig.<\/p>\n<\/div><div class=\"fusion-sep-clear\"><\/div><div class=\"fusion-separator fusion-full-width-sep\" style=\"margin-left: auto;margin-right: auto;margin-top:5px;margin-bottom:5px;width:100%;\"><\/div><div class=\"fusion-sep-clear\"><\/div><div class=\"fusion-clearfix\"><\/div><\/div><\/div><div class=\"fusion-layout-column fusion_builder_column fusion-builder-column-1 fusion_builder_column_1_2 1_2 fusion-one-half fusion-column-last\" style=\"margin-top:0px;margin-bottom:20px;\"><div class=\"fusion-column-wrapper fusion-flex-column-wrapper-legacy\" style=\"background-position:left top;background-repeat:no-repeat;-webkit-background-size:cover;-moz-background-size:cover;-o-background-size:cover;background-size:cover;padding: 0px 0px 0px 0px;\"><div class=\"fusion-text fusion-text-2\">\n<div class=\"wpcf7 no-js\" id=\"wpcf7-f4243-o1\" lang=\"en-US\" dir=\"ltr\" data-wpcf7-id=\"4243\">\n<div class=\"screen-reader-response\"><p role=\"status\" aria-live=\"polite\" aria-atomic=\"true\"><\/p> <ul><\/ul><\/div>\n<form action=\"\/dk\/wp-json\/wp\/v2\/pages\/3719#wpcf7-f4243-o1\" method=\"post\" class=\"wpcf7-form init\" id=\"contact-form\" aria-label=\"Contact form\" novalidate=\"novalidate\" data-status=\"init\">\n<div style=\"display: none;\">\n<input type=\"hidden\" name=\"_wpcf7\" value=\"4243\" \/>\n<input type=\"hidden\" name=\"_wpcf7_version\" value=\"6.0.6\" \/>\n<input type=\"hidden\" name=\"_wpcf7_locale\" value=\"en_US\" \/>\n<input type=\"hidden\" name=\"_wpcf7_unit_tag\" value=\"wpcf7-f4243-o1\" \/>\n<input type=\"hidden\" name=\"_wpcf7_container_post\" value=\"0\" \/>\n<input type=\"hidden\" name=\"_wpcf7_posted_data_hash\" value=\"\" \/>\n<input type=\"hidden\" name=\"_wpcf7_recaptcha_response\" value=\"\" \/>\n<\/div>\n<fieldset>\n\t<p><span class=\"wpcf7-form-control-wrap\" data-name=\"company-name\"><input size=\"40\" maxlength=\"400\" class=\"wpcf7-form-control wpcf7-text wpcf7-validates-as-required\" aria-required=\"true\" aria-invalid=\"false\" placeholder=\"Firmanavn\" value=\"\" type=\"text\" name=\"company-name\" \/><\/span>\n\t<\/p>\n\t<p><span class=\"wpcf7-form-control-wrap\" data-name=\"organisation-number\"><input size=\"40\" maxlength=\"400\" class=\"wpcf7-form-control wpcf7-text wpcf7-validates-as-required\" aria-required=\"true\" aria-invalid=\"false\" placeholder=\"Organisationsnummer\" value=\"\" type=\"text\" name=\"organisation-number\" \/><\/span>\n\t<\/p>\n\t<p><span class=\"wpcf7-form-control-wrap\" data-name=\"company-postal-address\"><input size=\"40\" maxlength=\"400\" class=\"wpcf7-form-control wpcf7-text wpcf7-validates-as-required\" aria-required=\"true\" aria-invalid=\"false\" placeholder=\"Faktureringsadresse\" value=\"\" type=\"text\" name=\"company-postal-address\" \/><\/span>\n\t<\/p>\n\t<p><span class=\"wpcf7-form-control-wrap\" data-name=\"company-postal-number\"><input size=\"40\" maxlength=\"400\" class=\"wpcf7-form-control wpcf7-text wpcf7-validates-as-required\" aria-required=\"true\" aria-invalid=\"false\" placeholder=\"Postnummer\" value=\"\" type=\"text\" name=\"company-postal-number\" \/><\/span>\n\t<\/p>\n\t<p><span class=\"wpcf7-form-control-wrap\" data-name=\"company-postal-city\"><input size=\"40\" maxlength=\"400\" class=\"wpcf7-form-control wpcf7-text wpcf7-validates-as-required\" aria-required=\"true\" aria-invalid=\"false\" placeholder=\"By\" value=\"\" type=\"text\" name=\"company-postal-city\" \/><\/span>\n\t<\/p>\n\t<p><span class=\"wpcf7-form-control-wrap\" data-name=\"website\"><input size=\"40\" maxlength=\"400\" class=\"wpcf7-form-control wpcf7-text wpcf7-validates-as-required\" aria-required=\"true\" aria-invalid=\"false\" placeholder=\"Hjemmeside\" value=\"\" type=\"text\" name=\"website\" \/><\/span>\n\t<\/p>\n\t<p><span class=\"wpcf7-form-control-wrap\" data-name=\"bank-account\"><input size=\"40\" maxlength=\"400\" class=\"wpcf7-form-control wpcf7-text wpcf7-validates-as-required\" aria-required=\"true\" aria-invalid=\"false\" placeholder=\"Bankoplysninger, IBAN &amp; BIC\" value=\"\" type=\"text\" name=\"bank-account\" \/><\/span>\n\t<\/p>\n\t<p><span class=\"wpcf7-form-control-wrap\" data-name=\"your-name\"><input size=\"40\" maxlength=\"400\" class=\"wpcf7-form-control wpcf7-text wpcf7-validates-as-required\" aria-required=\"true\" aria-invalid=\"false\" placeholder=\"Navn p\u00e5 kontaktperson\" value=\"\" type=\"text\" name=\"your-name\" \/><\/span>\n\t<\/p>\n\t<p><span class=\"wpcf7-form-control-wrap\" data-name=\"your-email\"><input size=\"40\" maxlength=\"400\" class=\"wpcf7-form-control wpcf7-email wpcf7-validates-as-required wpcf7-text wpcf7-validates-as-email\" aria-required=\"true\" aria-invalid=\"false\" placeholder=\"E-mail til kontaktperson\" value=\"\" type=\"email\" name=\"your-email\" \/><\/span>\n\t<\/p>\n\t<p><span class=\"wpcf7-form-control-wrap\" data-name=\"your-phone\"><input size=\"40\" maxlength=\"400\" class=\"wpcf7-form-control wpcf7-tel wpcf7-validates-as-required wpcf7-text wpcf7-validates-as-tel\" aria-required=\"true\" aria-invalid=\"false\" placeholder=\"Telefonnummer til kontaktperson\" value=\"\" type=\"tel\" name=\"your-phone\" \/><\/span>\n\t<\/p>\n\t<p><span class=\"wpcf7-form-control-wrap\" data-name=\"company-description\"><textarea cols=\"40\" rows=\"10\" maxlength=\"2000\" class=\"wpcf7-form-control wpcf7-textarea\" aria-invalid=\"false\" placeholder=\"Beskriv din virksomhed\" name=\"company-description\"><\/textarea><\/span>\n\t<\/p>\n\t<p><span class=\"wpcf7-form-control-wrap\" data-name=\"service-description\"><textarea cols=\"40\" rows=\"10\" maxlength=\"2000\" class=\"wpcf7-form-control wpcf7-textarea\" aria-invalid=\"false\" placeholder=\"Beskriv, hvordan du \u00f8nsker, at tjenesten skal fungere\" name=\"service-description\"><\/textarea><\/span>\n\t<\/p>\n\t<p><span class=\"wpcf7-form-control-wrap\" data-name=\"customer-service-phone\"><input size=\"40\" maxlength=\"400\" class=\"wpcf7-form-control wpcf7-text wpcf7-validates-as-required\" aria-required=\"true\" aria-invalid=\"false\" placeholder=\"Kundeservicenummer\" value=\"\" type=\"text\" name=\"customer-service-phone\" \/><\/span>\n\t<\/p>\n\t<p>Er virksomheden registreret for F-skat:<span class=\"wpcf7-form-control-wrap\" data-name=\"company-fskatt\"><span class=\"wpcf7-form-control wpcf7-radio\"><span class=\"wpcf7-list-item first\"><label><input type=\"radio\" name=\"company-fskatt\" value=\"Ja\" \/><span class=\"wpcf7-list-item-label\">Ja<\/span><\/label><\/span><span class=\"wpcf7-list-item last\"><label><input type=\"radio\" name=\"company-fskatt\" value=\"Ingen\" \/><span class=\"wpcf7-list-item-label\">Ingen<\/span><\/label><\/span><\/span><\/span>\n\t<\/p>\n\t<p>Er virksomheden momsregistreret hos skattemyndigheden: <span class=\"wpcf7-form-control-wrap\" data-name=\"company-vat-registered\"><span class=\"wpcf7-form-control wpcf7-radio\"><span class=\"wpcf7-list-item first\"><label><input type=\"radio\" name=\"company-vat-registered\" value=\"Ja\" \/><span class=\"wpcf7-list-item-label\">Ja<\/span><\/label><\/span><span class=\"wpcf7-list-item last\"><label><input type=\"radio\" name=\"company-vat-registered\" value=\"Ingen\" \/><span class=\"wpcf7-list-item-label\">Ingen<\/span><\/label><\/span><\/span><\/span>\n\t<\/p>\n\t<p>Vi vender tilbage til dig, s\u00e5 snart vi har haft mulighed for at gennemg\u00e5 ans\u00f8gningen.\n\t<\/p>\n\t<p>&nbsp;\n\t<\/p>\n\t<p><input class=\"wpcf7-form-control wpcf7-submit has-spinner\" type=\"submit\" value=\"Send oplysningerne\" \/>\n\t<\/p>\n<\/fieldset><p style=\"display: none !important;\" class=\"akismet-fields-container\" data-prefix=\"_wpcf7_ak_\"><label>&#916;<textarea name=\"_wpcf7_ak_hp_textarea\" cols=\"45\" rows=\"8\" maxlength=\"100\"><\/textarea><\/label><input type=\"hidden\" id=\"ak_js_1\" name=\"_wpcf7_ak_js\" value=\"201\"\/><script>document.getElementById( \"ak_js_1\" ).setAttribute( \"value\", ( new Date() ).getTime() );<\/script><\/p><div class=\"fusion-alert alert custom alert-custom fusion-alert-center wpcf7-response-output fusion-alert-capitalize alert-dismissable\" style=\"border-width:1px;\"><button type=\"button\" class=\"close toggle-alert\" data-dismiss=\"alert\" aria-hidden=\"true\">&times;<\/button><div class=\"fusion-alert-content-wrapper\"><span class=\"fusion-alert-content\"><\/span><\/div><\/div>\n<\/form>\n<\/div>\n\n<\/div><div class=\"fusion-clearfix\"><\/div><\/div><\/div><\/div><\/div>\n","protected":false},"excerpt":{"rendered":"","protected":false},"author":1,"featured_media":0,"parent":0,"menu_order":0,"comment_status":"closed","ping_status":"closed","template":"100-width.php","meta":{"footnotes":""},"class_list":["post-3719","page","type-page","status-publish","hentry"],"yoast_head":"<!-- This site is optimized with the Yoast SEO plugin v25.1 - https:\/\/yoast.com\/wordpress\/plugins\/seo\/ -->\n<title>Start bestilling<\/title>\n<meta name=\"description\" content=\"\u00d8nsker du at bestille Viatels tjenester? Start med at udfylde formularen , s\u00e5 kontakter vi dig.\" \/>\n<meta name=\"robots\" content=\"index, follow, max-snippet:-1, max-image-preview:large, max-video-preview:-1\" \/>\n<link rel=\"canonical\" href=\"https:\/\/www.viatel.se\/dk\/komma-igang\/\" \/>\n<meta property=\"og:locale\" content=\"sv_SE\" \/>\n<meta property=\"og:type\" content=\"article\" \/>\n<meta property=\"og:title\" content=\"Start bestilling\" \/>\n<meta property=\"og:description\" content=\"\u00d8nsker du at bestille Viatels tjenester? Start med at udfylde formularen , s\u00e5 kontakter vi dig.\" \/>\n<meta property=\"og:url\" content=\"https:\/\/www.viatel.se\/dk\/komma-igang\/\" \/>\n<meta property=\"og:site_name\" content=\"Viatel DK\" \/>\n<meta property=\"article:modified_time\" content=\"2024-11-06T12:45:28+00:00\" \/>\n<meta name=\"twitter:card\" content=\"summary_large_image\" \/>\n<meta name=\"twitter:label1\" content=\"Ber\u00e4knad l\u00e4stid\" \/>\n\t<meta name=\"twitter:data1\" content=\"2 minuter\" \/>\n<script type=\"application\/ld+json\" class=\"yoast-schema-graph\">{\"@context\":\"https:\/\/schema.org\",\"@graph\":[{\"@type\":\"WebPage\",\"@id\":\"https:\/\/www.viatel.se\/dk\/komma-igang\/\",\"url\":\"https:\/\/www.viatel.se\/dk\/komma-igang\/\",\"name\":\"Start bestilling\",\"isPartOf\":{\"@id\":\"https:\/\/www.viatel.se\/dk\/#website\"},\"datePublished\":\"2015-04-29T08:47:26+00:00\",\"dateModified\":\"2024-11-06T12:45:28+00:00\",\"description\":\"\u00d8nsker du at bestille Viatels tjenester? Start med at udfylde formularen , s\u00e5 kontakter vi dig.\",\"breadcrumb\":{\"@id\":\"https:\/\/www.viatel.se\/dk\/komma-igang\/#breadcrumb\"},\"inLanguage\":\"sv-SE\",\"potentialAction\":[{\"@type\":\"ReadAction\",\"target\":[\"https:\/\/www.viatel.se\/dk\/komma-igang\/\"]}]},{\"@type\":\"BreadcrumbList\",\"@id\":\"https:\/\/www.viatel.se\/dk\/komma-igang\/#breadcrumb\",\"itemListElement\":[{\"@type\":\"ListItem\",\"position\":1,\"name\":\"Hem\",\"item\":\"https:\/\/www.viatel.se\/dk\/\"},{\"@type\":\"ListItem\",\"position\":2,\"name\":\"Komma ig\u00e5ng\"}]},{\"@type\":\"WebSite\",\"@id\":\"https:\/\/www.viatel.se\/dk\/#website\",\"url\":\"https:\/\/www.viatel.se\/dk\/\",\"name\":\"Viatel DK\",\"description\":\"Betalnummer i Sverige, Norge och Finland\",\"potentialAction\":[{\"@type\":\"SearchAction\",\"target\":{\"@type\":\"EntryPoint\",\"urlTemplate\":\"https:\/\/www.viatel.se\/dk\/?s={search_term_string}\"},\"query-input\":{\"@type\":\"PropertyValueSpecification\",\"valueRequired\":true,\"valueName\":\"search_term_string\"}}],\"inLanguage\":\"sv-SE\"}]}<\/script>\n<!-- \/ Yoast SEO plugin. -->","yoast_head_json":{"title":"Start bestilling","description":"\u00d8nsker du at bestille Viatels tjenester? Start med at udfylde formularen , s\u00e5 kontakter vi dig.","robots":{"index":"index","follow":"follow","max-snippet":"max-snippet:-1","max-image-preview":"max-image-preview:large","max-video-preview":"max-video-preview:-1"},"canonical":"https:\/\/www.viatel.se\/dk\/komma-igang\/","og_locale":"sv_SE","og_type":"article","og_title":"Start bestilling","og_description":"\u00d8nsker du at bestille Viatels tjenester? Start med at udfylde formularen , s\u00e5 kontakter vi dig.","og_url":"https:\/\/www.viatel.se\/dk\/komma-igang\/","og_site_name":"Viatel DK","article_modified_time":"2024-11-06T12:45:28+00:00","twitter_card":"summary_large_image","twitter_misc":{"Ber\u00e4knad l\u00e4stid":"2 minuter"},"schema":{"@context":"https:\/\/schema.org","@graph":[{"@type":"WebPage","@id":"https:\/\/www.viatel.se\/dk\/komma-igang\/","url":"https:\/\/www.viatel.se\/dk\/komma-igang\/","name":"Start bestilling","isPartOf":{"@id":"https:\/\/www.viatel.se\/dk\/#website"},"datePublished":"2015-04-29T08:47:26+00:00","dateModified":"2024-11-06T12:45:28+00:00","description":"\u00d8nsker du at bestille Viatels tjenester? Start med at udfylde formularen , s\u00e5 kontakter vi dig.","breadcrumb":{"@id":"https:\/\/www.viatel.se\/dk\/komma-igang\/#breadcrumb"},"inLanguage":"sv-SE","potentialAction":[{"@type":"ReadAction","target":["https:\/\/www.viatel.se\/dk\/komma-igang\/"]}]},{"@type":"BreadcrumbList","@id":"https:\/\/www.viatel.se\/dk\/komma-igang\/#breadcrumb","itemListElement":[{"@type":"ListItem","position":1,"name":"Hem","item":"https:\/\/www.viatel.se\/dk\/"},{"@type":"ListItem","position":2,"name":"Komma ig\u00e5ng"}]},{"@type":"WebSite","@id":"https:\/\/www.viatel.se\/dk\/#website","url":"https:\/\/www.viatel.se\/dk\/","name":"Viatel DK","description":"Betalnummer i Sverige, Norge och Finland","potentialAction":[{"@type":"SearchAction","target":{"@type":"EntryPoint","urlTemplate":"https:\/\/www.viatel.se\/dk\/?s={search_term_string}"},"query-input":{"@type":"PropertyValueSpecification","valueRequired":true,"valueName":"search_term_string"}}],"inLanguage":"sv-SE"}]}},"_links":{"self":[{"href":"https:\/\/www.viatel.se\/dk\/wp-json\/wp\/v2\/pages\/3719","targetHints":{"allow":["GET"]}}],"collection":[{"href":"https:\/\/www.viatel.se\/dk\/wp-json\/wp\/v2\/pages"}],"about":[{"href":"https:\/\/www.viatel.se\/dk\/wp-json\/wp\/v2\/types\/page"}],"author":[{"embeddable":true,"href":"https:\/\/www.viatel.se\/dk\/wp-json\/wp\/v2\/users\/1"}],"replies":[{"embeddable":true,"href":"https:\/\/www.viatel.se\/dk\/wp-json\/wp\/v2\/comments?post=3719"}],"version-history":[{"count":37,"href":"https:\/\/www.viatel.se\/dk\/wp-json\/wp\/v2\/pages\/3719\/revisions"}],"predecessor-version":[{"id":5419,"href":"https:\/\/www.viatel.se\/dk\/wp-json\/wp\/v2\/pages\/3719\/revisions\/5419"}],"wp:attachment":[{"href":"https:\/\/www.viatel.se\/dk\/wp-json\/wp\/v2\/media?parent=3719"}],"curies":[{"name":"wp","href":"https:\/\/api.w.org\/{rel}","templated":true}]}}