{"id":35,"date":"2011-12-21T19:36:35","date_gmt":"2011-12-21T18:36:35","guid":{"rendered":"http:\/\/www.viatel.se\/dk\/?page_id=35"},"modified":"2024-10-25T10:36:15","modified_gmt":"2024-10-25T08:36:15","slug":"viafinans","status":"publish","type":"page","link":"https:\/\/www.viatel.se\/dk\/viafinans\/","title":{"rendered":"ViaFinans"},"content":{"rendered":"<div class=\"fusion-fullwidth fullwidth-box fusion-builder-row-1 nonhundred-percent-fullwidth non-hundred-percent-height-scrolling\" style=\"background-color: rgba(255,255,255,0);background-position: left top;background-repeat: no-repeat;padding-top:20px;padding-right:0px;padding-bottom:20px;padding-left:0px;margin-bottom: 0px;margin-top: 0px;border-width: 0px 0px 0px 0px;border-color:#eae9e9;border-style:solid;\" ><div class=\"fusion-builder-row fusion-row\"><div class=\"fusion-layout-column fusion_builder_column fusion-builder-column-0 fusion_builder_column_2_3 2_3 fusion-two-third fusion-column-first preamble\" style=\"width:65.3333%; margin-right: 4%;margin-top:0px;margin-bottom:20px;\"><div class=\"fusion-column-wrapper fusion-flex-column-wrapper-legacy\" style=\"background-position:left top;background-repeat:no-repeat;-webkit-background-size:cover;-moz-background-size:cover;-o-background-size:cover;background-size:cover;padding: 0px 0px 0px 0px;\"><div class=\"fusion-text fusion-text-1\"><h1>ViaFinans<br \/>\n&#8211; Bliv hurtigere betalt<\/h1>\n<p>Din virksomheds indkomst kommer din virksomhedskonto mere til gode end operat\u00f8rernes, og derfor tilbyder vi till\u00e6gget ViaFinans. Med ViaFinans f\u00e5r du hurtigere betalt, \u00f8get likviditet, der giver din virksomhed ny kraft til at vokse.<\/p>\n<\/div><ul class=\"fusion-checklist fusion-checklist-1\" style=\"font-size:13px;line-height:22.1px;\"><li class=\"fusion-li-item\"><span style=\"background-color:#e10707;font-size:11.44px;height:22.1px;width:22.1px;margin-right:9.1px;\" class=\"icon-wrapper circle-yes\"><i class=\"fusion-li-icon fa fa-check\" style=\"color:#ffffff;\" aria-hidden=\"true\"><\/i><\/span><div class=\"fusion-li-item-content\" style=\"margin-left:31.2px;\">\n<p>For\u00f8g dine kontanter og din likviditet.<\/p>\n<\/div><\/li><li class=\"fusion-li-item\"><span style=\"background-color:#e10707;font-size:11.44px;height:22.1px;width:22.1px;margin-right:9.1px;\" class=\"icon-wrapper circle-yes\"><i class=\"fusion-li-icon fa fa-check\" style=\"color:#ffffff;\" aria-hidden=\"true\"><\/i><\/span><div class=\"fusion-li-item-content\" style=\"margin-left:31.2px;\">\n<p>P\u00e5virker ikke din kreditvurdering hos banken eller andre kreditmarkedsselskaber.<\/p>\n<\/div><\/li><li class=\"fusion-li-item\"><span style=\"background-color:#e10707;font-size:11.44px;height:22.1px;width:22.1px;margin-right:9.1px;\" class=\"icon-wrapper circle-yes\"><i class=\"fusion-li-icon fa fa-check\" style=\"color:#ffffff;\" aria-hidden=\"true\"><\/i><\/span><div class=\"fusion-li-item-content\" style=\"margin-left:31.2px;\">\n<p>V\u00e6lg at modtage en tidligere betaling \u00e9n gang eller l\u00f8bende (\u00e5rsaftale).<\/p>\n<\/div><\/li><\/ul><div class=\"fusion-clearfix\"><\/div><\/div><\/div><div class=\"fusion-layout-column fusion_builder_column fusion-builder-column-1 fusion_builder_column_1_3 1_3 fusion-one-third fusion-column-last\" style=\"width:30.6666%;margin-top:0px;margin-bottom:20px;\"><div class=\"fusion-column-wrapper fusion-flex-column-wrapper-legacy\" style=\"background-position:left top;background-repeat:no-repeat;-webkit-background-size:cover;-moz-background-size:cover;-o-background-size:cover;background-size:cover;padding: 0px 0px 0px 0px;\"><span class=\" fusion-imageframe imageframe-none imageframe-1 hover-type-none\"><img decoding=\"async\" width=\"210\" height=\"261\" title=\"betalnummer\" src=\"data:image\/svg+xml,%3Csvg%20xmlns%3D%27http%3A%2F%2Fwww.w3.org%2F2000%2Fsvg%27%20width%3D%27210%27%20height%3D%27261%27%20viewBox%3D%270%200%20210%20261%27%3E%3Crect%20width%3D%27210%27%20height%3D%27261%27%20fill-opacity%3D%220%22%2F%3E%3C%2Fsvg%3E\" data-orig-src=\"https:\/\/www.viatel.se\/dk\/wp-content\/uploads\/sites\/4\/Produktsida_Via900.jpg\" class=\"lazyload img-responsive wp-image-3890\"\/><\/span><div class=\"fusion-sep-clear\"><\/div><div class=\"fusion-separator fusion-full-width-sep\" style=\"margin-left: auto;margin-right: auto;margin-top:30px;margin-bottom:10px;width:100%;\"><\/div><div class=\"fusion-sep-clear\"><\/div><div class=\"fusion-text fusion-text-2\"><h2>ViaFinans<\/h2>\n<\/div><span class=\" fusion-imageframe imageframe-none imageframe-2 hover-type-none\"><a class=\"fusion-no-lightbox\" href=\"https:\/\/www.viatel.se\/dk\/wp-content\/uploads\/sites\/4\/Produktblad_ViaFinans_SE.pdf\" target=\"_self\" aria-label=\"pdf produktblad\"><img decoding=\"async\" width=\"169\" height=\"54\" alt=\"pdf produktblad\" src=\"data:image\/svg+xml,%3Csvg%20xmlns%3D%27http%3A%2F%2Fwww.w3.org%2F2000%2Fsvg%27%20width%3D%27169%27%20height%3D%2754%27%20viewBox%3D%270%200%20169%2054%27%3E%3Crect%20width%3D%27169%27%20height%3D%2754%27%20fill-opacity%3D%220%22%2F%3E%3C%2Fsvg%3E\" data-orig-src=\"https:\/\/www.viatel.se\/dk\/wp-content\/uploads\/sites\/4\/pdf_produktblad.jpg\" class=\"lazyload img-responsive wp-image-3925\"\/><\/a><\/span><div class=\"fusion-clearfix\"><\/div><\/div><\/div><div class=\"fusion-layout-column fusion_builder_column fusion-builder-column-2 fusion_builder_column_1_2 1_2 fusion-one-half fusion-column-first\" style=\"width:48%; margin-right: 4%;margin-top:0px;margin-bottom:20px;\"><div class=\"fusion-column-wrapper fusion-flex-column-wrapper-legacy\" style=\"background-position:left top;background-repeat:no-repeat;-webkit-background-size:cover;-moz-background-size:cover;-o-background-size:cover;background-size:cover;padding: 0px 0px 0px 0px;\"><div class=\"fusion-text fusion-text-3\"><h2>F\u00e5 betaling inden for 10 bankdage<\/h2>\n<p>Med ViaFinans f\u00e5r du hurtigere betalt, i stedet for at vente 40 dage p\u00e5 betaling, udbetaler vi din genererede indkomst indenfor 10 bankdage efter udgangen af \u200b\u200bhver m\u00e5ned. Flere penge i kassen skaber fleksibilitet og nye muligheder for at udvikle sig og vokse.<\/p>\n<h2>Undg\u00e5 lange kreditperioder<\/h2>\n<p>Dine betalte opkald er et ubrugt aktiv med lange kreditperioder. Med ViaFinans slipper du for at have dine penge bundet op hos operat\u00f8rerne og kan i stedet bruge pengene til nye investeringer, der f\u00e5r virksomheden til at ekspandere.<\/p>\n<\/div><div class=\"fusion-clearfix\"><\/div><\/div><\/div><div class=\"fusion-layout-column fusion_builder_column fusion-builder-column-3 fusion_builder_column_1_2 1_2 fusion-one-half fusion-column-last\" style=\"width:48%;margin-top:0px;margin-bottom:20px;\"><div class=\"fusion-column-wrapper fusion-flex-column-wrapper-legacy\" style=\"background-position:left top;background-repeat:no-repeat;-webkit-background-size:cover;-moz-background-size:cover;-o-background-size:cover;background-size:cover;padding: 0px 0px 0px 0px;\"><div class=\"fusion-text fusion-text-4\"><h2>P\u00e5virker ikke din kreditvurdering<\/h2>\n<p>ViaFinans p\u00e5virker ikke dine \u00f8vrige kredittilsagn eller l\u00e5n, fordi prisen p\u00e5 tjenesten opkr\u00e6ves som en kontantrabat. Du kan v\u00e6lge at k\u00f8be tjenesten p\u00e5 engangsbasis eller at underskrive en l\u00f8bende kontrakt.<\/p>\n<h2>\u00d8get likviditet<\/h2>\n<p>Med hurtigere udbetaling skaber du et st\u00e6rkere cash flow og \u00f8get likviditet. Med ViaFinans kan du vende et negativt cash flow og frig\u00f8re kapital, der g\u00f8r det muligt at investere i fremtiden.<\/p>\n<\/div><div class=\"fusion-clearfix\"><\/div><\/div><\/div><div class=\"fusion-layout-column fusion_builder_column fusion-builder-column-4 fusion_builder_column_1_1 1_1 fusion-one-full fusion-column-first fusion-column-last\" style=\"margin-top:0px;margin-bottom:20px;\"><div class=\"fusion-column-wrapper fusion-flex-column-wrapper-legacy\" style=\"background-position:left top;background-repeat:no-repeat;-webkit-background-size:cover;-moz-background-size:cover;-o-background-size:cover;background-size:cover;padding: 0px 0px 0px 0px;\"><div class=\"fusion-text fusion-text-5\"><p>For mere information om ViaFinans, kontakt os p\u00e5 +468-50 60 10 00 eller <a href=\"mailto:sales@viatel.se\">sales@viatel.se<\/a><\/p>\n<\/div><div class=\"fusion-clearfix\"><\/div><\/div><\/div><\/div><\/div>\n","protected":false},"excerpt":{"rendered":"","protected":false},"author":1,"featured_media":0,"parent":0,"menu_order":0,"comment_status":"closed","ping_status":"closed","template":"","meta":{"footnotes":""},"class_list":["post-35","page","type-page","status-publish","hentry"],"yoast_head":"<!-- This site is optimized with the Yoast SEO plugin v25.1 - https:\/\/yoast.com\/wordpress\/plugins\/seo\/ -->\n<title>Finansiering - F\u00e5 betalt snabbare med ViaFinans | Viatel<\/title>\n<meta name=\"description\" content=\"Din verksamhets int\u00e4kter g\u00f6r mer nytta p\u00e5 ditt f\u00f6retagskonto \u00e4n p\u00e5 operat\u00f6rernas. Med ViaFinans f\u00e5r ni \u00f6kad likviditet som ger er ny kraft att v\u00e4xa.\" \/>\n<meta name=\"robots\" content=\"index, follow, max-snippet:-1, max-image-preview:large, max-video-preview:-1\" \/>\n<link rel=\"canonical\" href=\"https:\/\/www.viatel.se\/dk\/viafinans\/\" \/>\n<meta property=\"og:locale\" content=\"sv_SE\" \/>\n<meta property=\"og:type\" content=\"article\" \/>\n<meta property=\"og:title\" content=\"Finansiering - F\u00e5 betalt snabbare med ViaFinans | Viatel\" \/>\n<meta property=\"og:description\" content=\"Din verksamhets int\u00e4kter g\u00f6r mer nytta p\u00e5 ditt f\u00f6retagskonto \u00e4n p\u00e5 operat\u00f6rernas. Med ViaFinans f\u00e5r ni \u00f6kad likviditet som ger er ny kraft att v\u00e4xa.\" \/>\n<meta property=\"og:url\" content=\"https:\/\/www.viatel.se\/dk\/viafinans\/\" \/>\n<meta property=\"og:site_name\" content=\"Viatel DK\" \/>\n<meta property=\"article:modified_time\" content=\"2024-10-25T08:36:15+00:00\" \/>\n<meta property=\"og:image\" content=\"https:\/\/www.viatel.se\/dk\/wp-content\/uploads\/sites\/4\/Produktsida_Via900.jpg\" \/>\n<meta name=\"twitter:card\" content=\"summary_large_image\" \/>\n<meta name=\"twitter:label1\" content=\"Ber\u00e4knad l\u00e4stid\" \/>\n\t<meta name=\"twitter:data1\" content=\"4 minuter\" \/>\n<script type=\"application\/ld+json\" class=\"yoast-schema-graph\">{\"@context\":\"https:\/\/schema.org\",\"@graph\":[{\"@type\":\"WebPage\",\"@id\":\"https:\/\/www.viatel.se\/dk\/viafinans\/\",\"url\":\"https:\/\/www.viatel.se\/dk\/viafinans\/\",\"name\":\"Finansiering - F\u00e5 betalt snabbare med ViaFinans | Viatel\",\"isPartOf\":{\"@id\":\"https:\/\/www.viatel.se\/dk\/#website\"},\"primaryImageOfPage\":{\"@id\":\"https:\/\/www.viatel.se\/dk\/viafinans\/#primaryimage\"},\"image\":{\"@id\":\"https:\/\/www.viatel.se\/dk\/viafinans\/#primaryimage\"},\"thumbnailUrl\":\"https:\/\/www.viatel.se\/dk\/wp-content\/uploads\/sites\/4\/Produktsida_Via900.jpg\",\"datePublished\":\"2011-12-21T18:36:35+00:00\",\"dateModified\":\"2024-10-25T08:36:15+00:00\",\"description\":\"Din verksamhets int\u00e4kter g\u00f6r mer nytta p\u00e5 ditt f\u00f6retagskonto \u00e4n p\u00e5 operat\u00f6rernas. Med ViaFinans f\u00e5r ni \u00f6kad likviditet som ger er ny kraft att v\u00e4xa.\",\"breadcrumb\":{\"@id\":\"https:\/\/www.viatel.se\/dk\/viafinans\/#breadcrumb\"},\"inLanguage\":\"sv-SE\",\"potentialAction\":[{\"@type\":\"ReadAction\",\"target\":[\"https:\/\/www.viatel.se\/dk\/viafinans\/\"]}]},{\"@type\":\"ImageObject\",\"inLanguage\":\"sv-SE\",\"@id\":\"https:\/\/www.viatel.se\/dk\/viafinans\/#primaryimage\",\"url\":\"https:\/\/www.viatel.se\/dk\/wp-content\/uploads\/sites\/4\/Produktsida_Via900.jpg\",\"contentUrl\":\"https:\/\/www.viatel.se\/dk\/wp-content\/uploads\/sites\/4\/Produktsida_Via900.jpg\",\"width\":210,\"height\":261},{\"@type\":\"BreadcrumbList\",\"@id\":\"https:\/\/www.viatel.se\/dk\/viafinans\/#breadcrumb\",\"itemListElement\":[{\"@type\":\"ListItem\",\"position\":1,\"name\":\"Hem\",\"item\":\"https:\/\/www.viatel.se\/dk\/\"},{\"@type\":\"ListItem\",\"position\":2,\"name\":\"ViaFinans\"}]},{\"@type\":\"WebSite\",\"@id\":\"https:\/\/www.viatel.se\/dk\/#website\",\"url\":\"https:\/\/www.viatel.se\/dk\/\",\"name\":\"Viatel DK\",\"description\":\"Betalnummer i Sverige, Norge och Finland\",\"potentialAction\":[{\"@type\":\"SearchAction\",\"target\":{\"@type\":\"EntryPoint\",\"urlTemplate\":\"https:\/\/www.viatel.se\/dk\/?s={search_term_string}\"},\"query-input\":{\"@type\":\"PropertyValueSpecification\",\"valueRequired\":true,\"valueName\":\"search_term_string\"}}],\"inLanguage\":\"sv-SE\"}]}<\/script>\n<!-- \/ Yoast SEO plugin. -->","yoast_head_json":{"title":"Finansiering - F\u00e5 betalt snabbare med ViaFinans | Viatel","description":"Din verksamhets int\u00e4kter g\u00f6r mer nytta p\u00e5 ditt f\u00f6retagskonto \u00e4n p\u00e5 operat\u00f6rernas. Med ViaFinans f\u00e5r ni \u00f6kad likviditet som ger er ny kraft att v\u00e4xa.","robots":{"index":"index","follow":"follow","max-snippet":"max-snippet:-1","max-image-preview":"max-image-preview:large","max-video-preview":"max-video-preview:-1"},"canonical":"https:\/\/www.viatel.se\/dk\/viafinans\/","og_locale":"sv_SE","og_type":"article","og_title":"Finansiering - F\u00e5 betalt snabbare med ViaFinans | Viatel","og_description":"Din verksamhets int\u00e4kter g\u00f6r mer nytta p\u00e5 ditt f\u00f6retagskonto \u00e4n p\u00e5 operat\u00f6rernas. Med ViaFinans f\u00e5r ni \u00f6kad likviditet som ger er ny kraft att v\u00e4xa.","og_url":"https:\/\/www.viatel.se\/dk\/viafinans\/","og_site_name":"Viatel DK","article_modified_time":"2024-10-25T08:36:15+00:00","og_image":[{"url":"https:\/\/www.viatel.se\/dk\/wp-content\/uploads\/sites\/4\/Produktsida_Via900.jpg","type":"","width":"","height":""}],"twitter_card":"summary_large_image","twitter_misc":{"Ber\u00e4knad l\u00e4stid":"4 minuter"},"schema":{"@context":"https:\/\/schema.org","@graph":[{"@type":"WebPage","@id":"https:\/\/www.viatel.se\/dk\/viafinans\/","url":"https:\/\/www.viatel.se\/dk\/viafinans\/","name":"Finansiering - F\u00e5 betalt snabbare med ViaFinans | Viatel","isPartOf":{"@id":"https:\/\/www.viatel.se\/dk\/#website"},"primaryImageOfPage":{"@id":"https:\/\/www.viatel.se\/dk\/viafinans\/#primaryimage"},"image":{"@id":"https:\/\/www.viatel.se\/dk\/viafinans\/#primaryimage"},"thumbnailUrl":"https:\/\/www.viatel.se\/dk\/wp-content\/uploads\/sites\/4\/Produktsida_Via900.jpg","datePublished":"2011-12-21T18:36:35+00:00","dateModified":"2024-10-25T08:36:15+00:00","description":"Din verksamhets int\u00e4kter g\u00f6r mer nytta p\u00e5 ditt f\u00f6retagskonto \u00e4n p\u00e5 operat\u00f6rernas. Med ViaFinans f\u00e5r ni \u00f6kad likviditet som ger er ny kraft att v\u00e4xa.","breadcrumb":{"@id":"https:\/\/www.viatel.se\/dk\/viafinans\/#breadcrumb"},"inLanguage":"sv-SE","potentialAction":[{"@type":"ReadAction","target":["https:\/\/www.viatel.se\/dk\/viafinans\/"]}]},{"@type":"ImageObject","inLanguage":"sv-SE","@id":"https:\/\/www.viatel.se\/dk\/viafinans\/#primaryimage","url":"https:\/\/www.viatel.se\/dk\/wp-content\/uploads\/sites\/4\/Produktsida_Via900.jpg","contentUrl":"https:\/\/www.viatel.se\/dk\/wp-content\/uploads\/sites\/4\/Produktsida_Via900.jpg","width":210,"height":261},{"@type":"BreadcrumbList","@id":"https:\/\/www.viatel.se\/dk\/viafinans\/#breadcrumb","itemListElement":[{"@type":"ListItem","position":1,"name":"Hem","item":"https:\/\/www.viatel.se\/dk\/"},{"@type":"ListItem","position":2,"name":"ViaFinans"}]},{"@type":"WebSite","@id":"https:\/\/www.viatel.se\/dk\/#website","url":"https:\/\/www.viatel.se\/dk\/","name":"Viatel DK","description":"Betalnummer i Sverige, Norge och Finland","potentialAction":[{"@type":"SearchAction","target":{"@type":"EntryPoint","urlTemplate":"https:\/\/www.viatel.se\/dk\/?s={search_term_string}"},"query-input":{"@type":"PropertyValueSpecification","valueRequired":true,"valueName":"search_term_string"}}],"inLanguage":"sv-SE"}]}},"_links":{"self":[{"href":"https:\/\/www.viatel.se\/dk\/wp-json\/wp\/v2\/pages\/35","targetHints":{"allow":["GET"]}}],"collection":[{"href":"https:\/\/www.viatel.se\/dk\/wp-json\/wp\/v2\/pages"}],"about":[{"href":"https:\/\/www.viatel.se\/dk\/wp-json\/wp\/v2\/types\/page"}],"author":[{"embeddable":true,"href":"https:\/\/www.viatel.se\/dk\/wp-json\/wp\/v2\/users\/1"}],"replies":[{"embeddable":true,"href":"https:\/\/www.viatel.se\/dk\/wp-json\/wp\/v2\/comments?post=35"}],"version-history":[{"count":81,"href":"https:\/\/www.viatel.se\/dk\/wp-json\/wp\/v2\/pages\/35\/revisions"}],"predecessor-version":[{"id":5410,"href":"https:\/\/www.viatel.se\/dk\/wp-json\/wp\/v2\/pages\/35\/revisions\/5410"}],"wp:attachment":[{"href":"https:\/\/www.viatel.se\/dk\/wp-json\/wp\/v2\/media?parent=35"}],"curies":[{"name":"wp","href":"https:\/\/api.w.org\/{rel}","templated":true}]}}