{"id":19,"date":"2011-12-21T19:25:56","date_gmt":"2011-12-21T18:25:56","guid":{"rendered":"http:\/\/www.viatel.se\/dk\/?page_id=19"},"modified":"2024-10-24T15:03:28","modified_gmt":"2024-10-24T13:03:28","slug":"event","status":"publish","type":"page","link":"https:\/\/www.viatel.se\/dk\/betalnummer\/event\/","title":{"rendered":"Event Live"},"content":{"rendered":"<p><div class=\"fusion-fullwidth fullwidth-box fusion-builder-row-1 nonhundred-percent-fullwidth non-hundred-percent-height-scrolling\" style=\"background-color: rgba(255,255,255,0);background-position: left top;background-repeat: no-repeat;padding-top:20px;padding-right:0px;padding-bottom:20px;padding-left:0px;margin-bottom: 0px;margin-top: 0px;border-width: 0px 0px 0px 0px;border-color:#eae9e9;border-style:solid;\" ><div class=\"fusion-builder-row fusion-row\"><div class=\"fusion-layout-column fusion_builder_column fusion-builder-column-0 fusion_builder_column_2_3 2_3 fusion-two-third fusion-column-first preamble\" style=\"width:65.3333%; margin-right: 4%;margin-top:0px;margin-bottom:20px;\"><div class=\"fusion-column-wrapper fusion-flex-column-wrapper-legacy\" style=\"background-position:left top;background-repeat:no-repeat;-webkit-background-size:cover;-moz-background-size:cover;-o-background-size:cover;background-size:cover;padding: 0px 0px 0px 0px;\"><div class=\"fusion-text fusion-text-1\"><h1>Event Live<br \/>\n&#8211; Byd det store publikum velkommen<\/h1>\n<p>I TV bruges Event Live til afstemninger og indsamlinger. Det er Sveriges mest kraftfulde platform med en kapacitet p\u00e5 mere end 10 millioner opkald i timen. Opkald, SMS og app-stemmer er samlet i et f\u00e6lles v\u00e6rkt\u00f8j. Byd gerne velkommen til den store skare.<\/p>\n<\/div><ul class=\"fusion-checklist fusion-checklist-1\" style=\"font-size:14px;line-height:23.8px;\"><li class=\"fusion-li-item\"><span style=\"background-color:#8bc34a;font-size:12.32px;height:23.8px;width:23.8px;margin-right:9.8px;\" class=\"icon-wrapper circle-yes\"><i class=\"fusion-li-icon fa fa-check\" style=\"color:#ffffff;\" aria-hidden=\"true\"><\/i><\/span><div class=\"fusion-li-item-content\" style=\"margin-left:33.6px;\">\n<p>H\u00e5ndterede mere end 3 millioner opkald i et tv-program<\/p>\n<\/div><\/li><li class=\"fusion-li-item\"><span style=\"background-color:#8bc34a;font-size:12.32px;height:23.8px;width:23.8px;margin-right:9.8px;\" class=\"icon-wrapper circle-yes\"><i class=\"fusion-li-icon fa fa-check\" style=\"color:#ffffff;\" aria-hidden=\"true\"><\/i><\/span><div class=\"fusion-li-item-content\" style=\"margin-left:33.6px;\">\n<p>H\u00e5ndterer mere end 150.000 opkald i minuttet<\/p>\n<\/div><\/li><li class=\"fusion-li-item\"><span style=\"background-color:#8bc34a;font-size:12.32px;height:23.8px;width:23.8px;margin-right:9.8px;\" class=\"icon-wrapper circle-yes\"><i class=\"fusion-li-icon fa fa-check\" style=\"color:#ffffff;\" aria-hidden=\"true\"><\/i><\/span><div class=\"fusion-li-item-content\" style=\"margin-left:33.6px;\">\n<p>Grafen viser opkaldstrafik i realtid<\/p>\n<\/div><\/li><li class=\"fusion-li-item\"><span style=\"background-color:#8bc34a;font-size:12.32px;height:23.8px;width:23.8px;margin-right:9.8px;\" class=\"icon-wrapper circle-yes\"><i class=\"fusion-li-icon fa fa-check\" style=\"color:#ffffff;\" aria-hidden=\"true\"><\/i><\/span><div class=\"fusion-li-item-content\" style=\"margin-left:33.6px;\">\n<p>Bruges i live-tv hver uge<\/p>\n<\/div><\/li><\/ul><div class=\"fusion-clearfix\"><\/div><\/div><\/div><div class=\"fusion-layout-column fusion_builder_column fusion-builder-column-1 fusion_builder_column_1_3 1_3 fusion-one-third fusion-column-last\" style=\"width:30.6666%;margin-top:0px;margin-bottom:20px;\"><div class=\"fusion-column-wrapper fusion-flex-column-wrapper-legacy\" style=\"background-position:left top;background-repeat:no-repeat;-webkit-background-size:cover;-moz-background-size:cover;-o-background-size:cover;background-size:cover;padding: 0px 0px 0px 0px;\"><div class=\"fusion-sep-clear\"><\/div><div class=\"fusion-separator fusion-full-width-sep\" style=\"margin-left: auto;margin-right: auto;margin-top:30px;margin-bottom:10px;width:100%;\"><\/div><div class=\"fusion-sep-clear\"><\/div><span class=\" fusion-imageframe imageframe-none imageframe-1 hover-type-none\"><img decoding=\"async\" width=\"210\" height=\"261\" title=\"betalnummer\" src=\"data:image\/svg+xml,%3Csvg%20xmlns%3D%27http%3A%2F%2Fwww.w3.org%2F2000%2Fsvg%27%20width%3D%27210%27%20height%3D%27261%27%20viewBox%3D%270%200%20210%20261%27%3E%3Crect%20width%3D%27210%27%20height%3D%27261%27%20fill-opacity%3D%220%22%2F%3E%3C%2Fsvg%3E\" data-orig-src=\"https:\/\/www.viatel.se\/dk\/wp-content\/uploads\/sites\/4\/Produktsida_Via900.jpg\" class=\"lazyload img-responsive wp-image-3890\"\/><\/span><div class=\"fusion-clearfix\"><\/div><\/div><\/div><div class=\"fusion-layout-column fusion_builder_column fusion-builder-column-2 fusion_builder_column_1_2 1_2 fusion-one-half fusion-column-first\" style=\"width:48%; margin-right: 4%;margin-top:0px;margin-bottom:20px;\"><div class=\"fusion-column-wrapper fusion-flex-column-wrapper-legacy\" style=\"background-position:left top;background-repeat:no-repeat;-webkit-background-size:cover;-moz-background-size:cover;-o-background-size:cover;background-size:cover;padding: 0px 0px 0px 0px;\"><div class=\"fusion-text fusion-text-2\"><h2>Enkelhed<\/h2>\n<p>Med Event Live kan du oprette en ny afstemning med et par klik. Det tager mindre end et minut. Det er lige s\u00e5 nemt for kunder, der kan ringe, sms&#8217;e eller stemme via app. Alle stemmer er samlet i et f\u00e6lles interface, s\u00e5 det bliver s\u00e5 nemt og fleksibelt for tv-produktionen som muligt. Alt samlet \u00e9t sted.<\/p>\n<h2>Live interface med n\u00f8gletal og grafer<\/h2>\n<p>I en moderne webgr\u00e6nseflade vises n\u00f8gletal &#8211; live &#8211; fra arrangementet, f.eks. antal stemmer og midler genereret af arrangementet. Alle data opdateres med anden pr\u00e6cision. I grafer kan du f\u00f8lge opkald, SMS og app-stemmer i realtid, b\u00e5de per kandidat og i alt. Alt samlet i en f\u00e6lles gr\u00e6nseflade for tydeligt at illustrere trafiktendenser under aftenens tv-program.<\/p>\n<p>Webgr\u00e6nsefladen er mobilvenlig, hvilket betyder, at du kan f\u00f8lge trafikken fra en Mac, PC, tablet eller mobiltelefon. Det er ogs\u00e5 muligt at autorisere v\u00e6rkt\u00f8jernes forskellige funktioner.Efter en afsluttet h\u00e6ndelse genereres rapporter, som kan importeres til dit datavarehus for yderligere analyse.<\/p>\n<h2>Totalt ansvar<\/h2>\n<p>Hvis du \u00f8nsker det, tager vi gerne det overordnede ansvar for telefoni, SMS og app-stemmer og vi st\u00e5r for at l\u00f8sningen fungerer efter dine \u00f8nsker. Vores ansvar omfatter ogs\u00e5 at sikre, at kunden bliver opkr\u00e6vet for de opkald og sms&#8217;er, der foreg\u00e5r under et arrangement.<\/p>\n<h2>En platform til mange form\u00e5l<\/h2>\n<p>Der er mange grunde til at bruge premium-numre til live-udsendelser; det vil vi gerne udnytte. Event Live bruges til telefonafstemninger, indsamlinger til velg\u00f8renhedsarrangementer, i forbindelse med livestreaming p\u00e5 YouTube og meget mere.<\/p>\n<\/div><div class=\"fusion-clearfix\"><\/div><\/div><\/div><div class=\"fusion-layout-column fusion_builder_column fusion-builder-column-3 fusion_builder_column_1_2 1_2 fusion-one-half fusion-column-last\" style=\"width:48%;margin-top:0px;margin-bottom:20px;\"><div class=\"fusion-column-wrapper fusion-flex-column-wrapper-legacy\" style=\"background-position:left top;background-repeat:no-repeat;-webkit-background-size:cover;-moz-background-size:cover;-o-background-size:cover;background-size:cover;padding: 0px 0px 0px 0px;\"><div class=\"fusion-text fusion-text-3\"><h2>Kapacitet til millioner<\/h2>\n<p>Event Live g\u00f8r det muligt at modtage store m\u00e6ngder opkald og SMS p\u00e5 meget kort tid. Tjenesten bruges ofte i tv og radio, hvor publikum ringer eller sms&#8217;er til programmet for at stemme, konkurrere eller give en donation til velg\u00f8renhed. Med Event Live kan du byde det store publikum velkommen uden risiko for overbelastning. Tjenesten kan nemlig h\u00e5ndtere mere end 10 millioner opkald i timen, og dertil kommer SMS- og app-stemmer.<\/p>\n<h2>Tilpasning efter behov<\/h2>\n<p>Du bestemmer selv, hvad der sker med den indg\u00e5ende trafik, f.eks. at alle opkald f\u00e5r en personlig besked eller at en mindre del af opkaldene viderestilles til et tv-studie. Beskeder er designet efter nummer eller kandidat, der konkurrerer i programmet.<\/p>\n<p>Det er ogs\u00e5 muligt at tilf\u00f8je funktioner til registrering af f.eks. konkurrencesvar eller s\u00e5kaldte &#8221;hot button&#8221; for at forbinde tilf\u00e6ldigt udvalgte opkald til et tv-studie.<\/p>\n<h2>Opkald, SMS og app<\/h2>\n<p>I Event Live bruges 099-numre oftest til taleopkald og vores f\u00e6lles korte nummer 72 300 til sms. Du kan v\u00e6lge et bel\u00f8b mellem\u00a0 0-20 DKK per stemme, eller op til 500 DKK\u00a0 i tilf\u00e6lde af velg\u00f8renhed, som kunden vil blive opkr\u00e6vet. App-afstemning foreg\u00e5r gennem integration med vores API.<\/p>\n<h2>Interesseret?<\/h2>\n<p>Som et n\u00e6ste skridt vil vi gerne have mulighed for at fort\u00e6lle mere om ydelsen og vise hvordan ydelsen fungerer. Hvis du er interesseret, er du velkommen til at kontakte os via <a href=\"#text-3\">kontaktformularen<\/a>, vores e-mail <a href=\"mailto:sales@viatel.se\">sales@viatel.se<\/a> eller ringe p\u00e5 +468-50 60 10 00.<\/p>\n<\/div><div class=\"fusion-clearfix\"><\/div><\/div><\/div><\/div><\/div><div class=\"fusion-fullwidth fullwidth-box fusion-builder-row-2 nonhundred-percent-fullwidth non-hundred-percent-height-scrolling\" style=\"background-color: rgba(255,255,255,0);background-position: left top;background-repeat: no-repeat;padding-top:20px;padding-right:0px;padding-bottom:20px;padding-left:0px;margin-bottom: 0px;margin-top: 0px;border-width: 0px 0px 0px 0px;border-color:#eae9e9;border-style:solid;\" ><div class=\"fusion-builder-row fusion-row\"><div class=\"fusion-layout-column fusion_builder_column fusion-builder-column-4 fusion_builder_column_1_1 1_1 fusion-one-full fusion-column-first fusion-column-last fusion-column-no-min-height\" style=\"margin-top:0px;margin-bottom:0px;\"><div class=\"fusion-column-wrapper fusion-flex-column-wrapper-legacy\" style=\"background-position:left top;background-repeat:no-repeat;-webkit-background-size:cover;-moz-background-size:cover;-o-background-size:cover;background-size:cover;padding: 0px 0px 0px 0px;\"><span class=\" fusion-imageframe imageframe-none imageframe-2 hover-type-none\"><img decoding=\"async\" width=\"834\" height=\"555\" alt=\"Barncancerfonden anv\u00e4nder Viatel Event p\u00e5 insamlingsgalan\" title=\"Barncancergalan &#8211; Foto Anders G Warne\" src=\"data:image\/svg+xml,%3Csvg%20xmlns%3D%27http%3A%2F%2Fwww.w3.org%2F2000%2Fsvg%27%20width%3D%27834%27%20height%3D%27555%27%20viewBox%3D%270%200%20834%20555%27%3E%3Crect%20width%3D%27834%27%20height%3D%27555%27%20fill-opacity%3D%220%22%2F%3E%3C%2Fsvg%3E\" data-orig-src=\"https:\/\/www.viatel.se\/dk\/wp-content\/uploads\/sites\/4\/Barncancergalan-Foto-Anders-G-Warne-e1448636780384.jpg\" class=\"lazyload img-responsive wp-image-4531\"\/><\/span><div class=\"fusion-text fusion-text-4\"><p style=\"text-align: right;\"><em>Foto: Anders G Warne<\/em><\/p>\n<\/div><div class=\"fusion-text fusion-text-5\"><h1>Barncancerfonden bruger<br \/>\nEvent Live ved fundraising-gallaen<\/h1>\n<p><strong>I l\u00f8bet af september havde Viatel forn\u00f8jelsen af \u200b\u200bat arbejde sammen med Barncancerfonden om at udvikle en telefonil\u00f8sning til Barncancergalan &#8211; den svenske humorpris, der udsendes p\u00e5 Kanal 5.<\/strong><br \/>\n<strong>&#8211; Vi er meget tilfredse med Viatel som samarbejdspartner. De er ydmyge, og vi er dybt imponerede over deres engagement og deltagelse, siger Tommy Lindberg, teknisk projektleder i Barncancerfonden.<\/strong><\/p>\n<p>Barncancerfonden \u00f8nskede, at telefonl\u00f8sningen skulle give folk mulighed for at tilmelde sig b\u00f8rnest\u00f8tte &#8211; m\u00e5nedlig donor. Viatel udviklede en l\u00f8sning, hvor du kunne ringe ind eller sende en sms for at blive m\u00e5nedlig donor. I l\u00f8sningen registrerede du dit personnummer og efter adressering kunne Barncancerfonden importere dataene ind i sit system.<br \/>\n&#8211; At oprette m\u00e5nedlige donorer er en ret kompliceret proces, og vi \u00f8nskede, at det skulle g\u00e5 hurtigt for seerne at tilmelde sig, s\u00e5 fokus kunne v\u00e6re p\u00e5 tv-gallaen, siger Tommy.<\/p>\n<p>Viatel tilb\u00f8d en realtidsgraf, der viste antallet af indg\u00e5ende opkald i sekundet, hvilket blev et vigtigt v\u00e6rkt\u00f8j for Barncancerfonden, som kunne f\u00f8lge opkaldsstatistikken live under tv-udsendelsen.<br \/>\n&#8211; Vi s\u00e5 trafikken i realtid og kunne styre for eksempel nummerpladerne p\u00e5 tv. Vi havde ret tunge tr\u00e6k med syge b\u00f8rn og i starten havde vi ikke nummeret p\u00e5 billedet under indslagene. Vi s\u00e5, at seerne gerne ville v\u00e6re med, og s\u00e5 kunne vi s\u00e6tte nummerpladerne i. Det havde vi nok ikke gjort, hvis vi ikke havde realtidsgrafen, siger Tommy.<\/p>\n<p>M\u00e5let med telefonil\u00f8sningen var, at den kunne h\u00e5ndtere et stort antal opkald under gallaaftenen, og at den p\u00e5 sigt kunne bruges til andre arrangementer for Barncancerfonden.<br \/>\n&#8211; Viatel gjorde alt rigtigt, de reagerede p\u00e5 alt, hvad vi sagde og spurgte, de kom med konstruktive ideer og imponerede ved altid at levere h\u00f8j kvalitet til projektets forskellige deadlines. L\u00f8sningen var bedre, end vi havde forestillet os, siger Tommy Lindberg hos Barncancerfonden.<\/p>\n<\/div><div class=\"fusion-clearfix\"><\/div><\/div><\/div><\/div><\/div><\/p>\n","protected":false},"excerpt":{"rendered":"","protected":false},"author":1,"featured_media":0,"parent":13,"menu_order":3,"comment_status":"closed","ping_status":"closed","template":"","meta":{"footnotes":""},"class_list":["post-19","page","type-page","status-publish","hentry"],"yoast_head":"<!-- This site is optimized with the Yoast SEO plugin v25.1 - https:\/\/yoast.com\/wordpress\/plugins\/seo\/ -->\n<title>Massanrop f\u00f6r de stora TV-eventen | Viatel<\/title>\n<meta name=\"description\" content=\"Med Viatel Massanrop kan du v\u00e4lkomna den stora publiken utan risk f\u00f6r \u00f6verbelastning, tj\u00e4nsten hanterar cirka fem miljoner samtal och SMS per timme.\" \/>\n<meta name=\"robots\" content=\"index, follow, max-snippet:-1, max-image-preview:large, max-video-preview:-1\" \/>\n<link rel=\"canonical\" href=\"https:\/\/www.viatel.se\/dk\/betalnummer\/event\/\" \/>\n<meta property=\"og:locale\" content=\"sv_SE\" \/>\n<meta property=\"og:type\" content=\"article\" \/>\n<meta property=\"og:title\" content=\"Massanrop f\u00f6r de stora TV-eventen | Viatel\" \/>\n<meta property=\"og:description\" content=\"Med Viatel Massanrop kan du v\u00e4lkomna den stora publiken utan risk f\u00f6r \u00f6verbelastning, tj\u00e4nsten hanterar cirka fem miljoner samtal och SMS per timme.\" \/>\n<meta property=\"og:url\" content=\"https:\/\/www.viatel.se\/dk\/betalnummer\/event\/\" \/>\n<meta property=\"og:site_name\" content=\"Viatel DK\" \/>\n<meta property=\"article:modified_time\" content=\"2024-10-24T13:03:28+00:00\" \/>\n<meta property=\"og:image\" content=\"https:\/\/www.viatel.se\/dk\/wp-content\/uploads\/sites\/4\/Produktsida_Via900.jpg\" \/>\n<meta name=\"twitter:card\" content=\"summary_large_image\" \/>\n<meta name=\"twitter:label1\" content=\"Ber\u00e4knad l\u00e4stid\" \/>\n\t<meta name=\"twitter:data1\" content=\"7 minuter\" \/>\n<script type=\"application\/ld+json\" class=\"yoast-schema-graph\">{\"@context\":\"https:\/\/schema.org\",\"@graph\":[{\"@type\":\"WebPage\",\"@id\":\"https:\/\/www.viatel.se\/dk\/betalnummer\/event\/\",\"url\":\"https:\/\/www.viatel.se\/dk\/betalnummer\/event\/\",\"name\":\"Massanrop f\u00f6r de stora TV-eventen | Viatel\",\"isPartOf\":{\"@id\":\"https:\/\/www.viatel.se\/dk\/#website\"},\"primaryImageOfPage\":{\"@id\":\"https:\/\/www.viatel.se\/dk\/betalnummer\/event\/#primaryimage\"},\"image\":{\"@id\":\"https:\/\/www.viatel.se\/dk\/betalnummer\/event\/#primaryimage\"},\"thumbnailUrl\":\"https:\/\/www.viatel.se\/dk\/wp-content\/uploads\/sites\/4\/Produktsida_Via900.jpg\",\"datePublished\":\"2011-12-21T18:25:56+00:00\",\"dateModified\":\"2024-10-24T13:03:28+00:00\",\"description\":\"Med Viatel Massanrop kan du v\u00e4lkomna den stora publiken utan risk f\u00f6r \u00f6verbelastning, tj\u00e4nsten hanterar cirka fem miljoner samtal och SMS per timme.\",\"breadcrumb\":{\"@id\":\"https:\/\/www.viatel.se\/dk\/betalnummer\/event\/#breadcrumb\"},\"inLanguage\":\"sv-SE\",\"potentialAction\":[{\"@type\":\"ReadAction\",\"target\":[\"https:\/\/www.viatel.se\/dk\/betalnummer\/event\/\"]}]},{\"@type\":\"ImageObject\",\"inLanguage\":\"sv-SE\",\"@id\":\"https:\/\/www.viatel.se\/dk\/betalnummer\/event\/#primaryimage\",\"url\":\"https:\/\/www.viatel.se\/dk\/wp-content\/uploads\/sites\/4\/Produktsida_Via900.jpg\",\"contentUrl\":\"https:\/\/www.viatel.se\/dk\/wp-content\/uploads\/sites\/4\/Produktsida_Via900.jpg\",\"width\":210,\"height\":261},{\"@type\":\"BreadcrumbList\",\"@id\":\"https:\/\/www.viatel.se\/dk\/betalnummer\/event\/#breadcrumb\",\"itemListElement\":[{\"@type\":\"ListItem\",\"position\":1,\"name\":\"Hem\",\"item\":\"https:\/\/www.viatel.se\/dk\/\"},{\"@type\":\"ListItem\",\"position\":2,\"name\":\"Betalnummer\",\"item\":\"https:\/\/www.viatel.se\/dk\/betalnummer\/\"},{\"@type\":\"ListItem\",\"position\":3,\"name\":\"Event Live\"}]},{\"@type\":\"WebSite\",\"@id\":\"https:\/\/www.viatel.se\/dk\/#website\",\"url\":\"https:\/\/www.viatel.se\/dk\/\",\"name\":\"Viatel DK\",\"description\":\"Betalnummer i Sverige, Norge och Finland\",\"potentialAction\":[{\"@type\":\"SearchAction\",\"target\":{\"@type\":\"EntryPoint\",\"urlTemplate\":\"https:\/\/www.viatel.se\/dk\/?s={search_term_string}\"},\"query-input\":{\"@type\":\"PropertyValueSpecification\",\"valueRequired\":true,\"valueName\":\"search_term_string\"}}],\"inLanguage\":\"sv-SE\"}]}<\/script>\n<!-- \/ Yoast SEO plugin. -->","yoast_head_json":{"title":"Massanrop f\u00f6r de stora TV-eventen | Viatel","description":"Med Viatel Massanrop kan du v\u00e4lkomna den stora publiken utan risk f\u00f6r \u00f6verbelastning, tj\u00e4nsten hanterar cirka fem miljoner samtal och SMS per timme.","robots":{"index":"index","follow":"follow","max-snippet":"max-snippet:-1","max-image-preview":"max-image-preview:large","max-video-preview":"max-video-preview:-1"},"canonical":"https:\/\/www.viatel.se\/dk\/betalnummer\/event\/","og_locale":"sv_SE","og_type":"article","og_title":"Massanrop f\u00f6r de stora TV-eventen | Viatel","og_description":"Med Viatel Massanrop kan du v\u00e4lkomna den stora publiken utan risk f\u00f6r \u00f6verbelastning, tj\u00e4nsten hanterar cirka fem miljoner samtal och SMS per timme.","og_url":"https:\/\/www.viatel.se\/dk\/betalnummer\/event\/","og_site_name":"Viatel DK","article_modified_time":"2024-10-24T13:03:28+00:00","og_image":[{"url":"https:\/\/www.viatel.se\/dk\/wp-content\/uploads\/sites\/4\/Produktsida_Via900.jpg","type":"","width":"","height":""}],"twitter_card":"summary_large_image","twitter_misc":{"Ber\u00e4knad l\u00e4stid":"7 minuter"},"schema":{"@context":"https:\/\/schema.org","@graph":[{"@type":"WebPage","@id":"https:\/\/www.viatel.se\/dk\/betalnummer\/event\/","url":"https:\/\/www.viatel.se\/dk\/betalnummer\/event\/","name":"Massanrop f\u00f6r de stora TV-eventen | Viatel","isPartOf":{"@id":"https:\/\/www.viatel.se\/dk\/#website"},"primaryImageOfPage":{"@id":"https:\/\/www.viatel.se\/dk\/betalnummer\/event\/#primaryimage"},"image":{"@id":"https:\/\/www.viatel.se\/dk\/betalnummer\/event\/#primaryimage"},"thumbnailUrl":"https:\/\/www.viatel.se\/dk\/wp-content\/uploads\/sites\/4\/Produktsida_Via900.jpg","datePublished":"2011-12-21T18:25:56+00:00","dateModified":"2024-10-24T13:03:28+00:00","description":"Med Viatel Massanrop kan du v\u00e4lkomna den stora publiken utan risk f\u00f6r \u00f6verbelastning, tj\u00e4nsten hanterar cirka fem miljoner samtal och SMS per timme.","breadcrumb":{"@id":"https:\/\/www.viatel.se\/dk\/betalnummer\/event\/#breadcrumb"},"inLanguage":"sv-SE","potentialAction":[{"@type":"ReadAction","target":["https:\/\/www.viatel.se\/dk\/betalnummer\/event\/"]}]},{"@type":"ImageObject","inLanguage":"sv-SE","@id":"https:\/\/www.viatel.se\/dk\/betalnummer\/event\/#primaryimage","url":"https:\/\/www.viatel.se\/dk\/wp-content\/uploads\/sites\/4\/Produktsida_Via900.jpg","contentUrl":"https:\/\/www.viatel.se\/dk\/wp-content\/uploads\/sites\/4\/Produktsida_Via900.jpg","width":210,"height":261},{"@type":"BreadcrumbList","@id":"https:\/\/www.viatel.se\/dk\/betalnummer\/event\/#breadcrumb","itemListElement":[{"@type":"ListItem","position":1,"name":"Hem","item":"https:\/\/www.viatel.se\/dk\/"},{"@type":"ListItem","position":2,"name":"Betalnummer","item":"https:\/\/www.viatel.se\/dk\/betalnummer\/"},{"@type":"ListItem","position":3,"name":"Event Live"}]},{"@type":"WebSite","@id":"https:\/\/www.viatel.se\/dk\/#website","url":"https:\/\/www.viatel.se\/dk\/","name":"Viatel DK","description":"Betalnummer i Sverige, Norge och Finland","potentialAction":[{"@type":"SearchAction","target":{"@type":"EntryPoint","urlTemplate":"https:\/\/www.viatel.se\/dk\/?s={search_term_string}"},"query-input":{"@type":"PropertyValueSpecification","valueRequired":true,"valueName":"search_term_string"}}],"inLanguage":"sv-SE"}]}},"_links":{"self":[{"href":"https:\/\/www.viatel.se\/dk\/wp-json\/wp\/v2\/pages\/19","targetHints":{"allow":["GET"]}}],"collection":[{"href":"https:\/\/www.viatel.se\/dk\/wp-json\/wp\/v2\/pages"}],"about":[{"href":"https:\/\/www.viatel.se\/dk\/wp-json\/wp\/v2\/types\/page"}],"author":[{"embeddable":true,"href":"https:\/\/www.viatel.se\/dk\/wp-json\/wp\/v2\/users\/1"}],"replies":[{"embeddable":true,"href":"https:\/\/www.viatel.se\/dk\/wp-json\/wp\/v2\/comments?post=19"}],"version-history":[{"count":235,"href":"https:\/\/www.viatel.se\/dk\/wp-json\/wp\/v2\/pages\/19\/revisions"}],"predecessor-version":[{"id":5400,"href":"https:\/\/www.viatel.se\/dk\/wp-json\/wp\/v2\/pages\/19\/revisions\/5400"}],"up":[{"embeddable":true,"href":"https:\/\/www.viatel.se\/dk\/wp-json\/wp\/v2\/pages\/13"}],"wp:attachment":[{"href":"https:\/\/www.viatel.se\/dk\/wp-json\/wp\/v2\/media?parent=19"}],"curies":[{"name":"wp","href":"https:\/\/api.w.org\/{rel}","templated":true}]}}