{"id":17,"date":"2011-12-21T19:25:28","date_gmt":"2011-12-21T18:25:28","guid":{"rendered":"http:\/\/www.viatel.se\/dk\/?page_id=17"},"modified":"2019-09-13T10:14:29","modified_gmt":"2019-09-13T08:14:29","slug":"skandinavien","status":"publish","type":"page","link":"https:\/\/www.viatel.se\/dk\/betalnummer\/skandinavien\/","title":{"rendered":"Betalnummer Skandinavien"},"content":{"rendered":"<div class=\"fusion-fullwidth fullwidth-box fusion-builder-row-1 nonhundred-percent-fullwidth non-hundred-percent-height-scrolling\" style=\"background-color: rgba(255,255,255,0);background-position: left top;background-repeat: no-repeat;padding-top:20px;padding-right:0px;padding-bottom:20px;padding-left:0px;margin-bottom: 0px;margin-top: 0px;border-width: 0px 0px 0px 0px;border-color:#eae9e9;border-style:solid;\" ><div class=\"fusion-builder-row fusion-row\"><div class=\"fusion-layout-column fusion_builder_column fusion-builder-column-0 fusion_builder_column_2_3 2_3 fusion-two-third fusion-column-first preamble\" style=\"width:65.3333%; margin-right: 4%;margin-top:0px;margin-bottom:20px;\"><div class=\"fusion-column-wrapper fusion-flex-column-wrapper-legacy\" style=\"background-position:left top;background-repeat:no-repeat;-webkit-background-size:cover;-moz-background-size:cover;-o-background-size:cover;background-size:cover;padding: 0px 0px 0px 0px;\"><div class=\"fusion-text fusion-text-1\"><h1>Betalnummer<br \/>\n<span style=\"color: #000000;\">&#8211; Skandinavien<\/span><\/h1>\n<p>Vi har flest aktiva betalnummer i Sverige och \u00e4r en ledande leverant\u00f6r av betalnummer i Norge och Finland. Beh\u00f6ver du en skandinavisk partner hj\u00e4lper vi ditt f\u00f6retag att v\u00e4xa s\u00e5 in i Norden. Vi kan ocks\u00e5 hj\u00e4lpa er v\u00e4xa i \u00f6vriga v\u00e4rlden.<\/p>\n<\/div><ul class=\"fusion-checklist fusion-checklist-1\" style=\"font-size:14px;line-height:23.8px;\"><li class=\"fusion-li-item\"><span style=\"background-color:#8bc34a;font-size:12.32px;height:23.8px;width:23.8px;margin-right:9.8px;\" class=\"icon-wrapper circle-yes\"><i class=\"fusion-li-icon fa fa-check\" style=\"color:#ffffff;\" aria-hidden=\"true\"><\/i><\/span><div class=\"fusion-li-item-content\" style=\"margin-left:33.6px;\">Kunder i Norge och Finland kan ringa fr\u00e5n kontantkort<\/div><\/li><li class=\"fusion-li-item\"><span style=\"background-color:#8bc34a;font-size:12.32px;height:23.8px;width:23.8px;margin-right:9.8px;\" class=\"icon-wrapper circle-yes\"><i class=\"fusion-li-icon fa fa-check\" style=\"color:#ffffff;\" aria-hidden=\"true\"><\/i><\/span><div class=\"fusion-li-item-content\" style=\"margin-left:33.6px;\">Priss\u00e4ttning i givna intervaller<\/div><\/li><li class=\"fusion-li-item\"><span style=\"background-color:#8bc34a;font-size:12.32px;height:23.8px;width:23.8px;margin-right:9.8px;\" class=\"icon-wrapper circle-yes\"><i class=\"fusion-li-icon fa fa-check\" style=\"color:#ffffff;\" aria-hidden=\"true\"><\/i><\/span><div class=\"fusion-li-item-content\" style=\"margin-left:33.6px;\">Ni slipper kr\u00e5nglet med lokala operat\u00f6rer, spr\u00e5k samt komplicerade och l\u00e5ngdragna processer<\/div><\/li><li class=\"fusion-li-item\"><span style=\"background-color:#8bc34a;font-size:12.32px;height:23.8px;width:23.8px;margin-right:9.8px;\" class=\"icon-wrapper circle-yes\"><i class=\"fusion-li-icon fa fa-check\" style=\"color:#ffffff;\" aria-hidden=\"true\"><\/i><\/span><div class=\"fusion-li-item-content\" style=\"margin-left:33.6px;\">I kundwebben f\u00e5r ni en samlad bild av era tj\u00e4nster och hur mycket ni tj\u00e4nat.<\/div><\/li><\/ul><div class=\"fusion-clearfix\"><\/div><\/div><\/div><div class=\"fusion-layout-column fusion_builder_column fusion-builder-column-1 fusion_builder_column_1_3 1_3 fusion-one-third fusion-column-last\" style=\"width:30.6666%;margin-top:0px;margin-bottom:20px;\"><div class=\"fusion-column-wrapper fusion-flex-column-wrapper-legacy\" style=\"background-position:left top;background-repeat:no-repeat;-webkit-background-size:cover;-moz-background-size:cover;-o-background-size:cover;background-size:cover;padding: 0px 0px 0px 0px;\"><span class=\" fusion-imageframe imageframe-none imageframe-1 hover-type-none\"><img decoding=\"async\" width=\"210\" height=\"261\" title=\"betalnummer\" src=\"data:image\/svg+xml,%3Csvg%20xmlns%3D%27http%3A%2F%2Fwww.w3.org%2F2000%2Fsvg%27%20width%3D%27210%27%20height%3D%27261%27%20viewBox%3D%270%200%20210%20261%27%3E%3Crect%20width%3D%27210%27%20height%3D%27261%27%20fill-opacity%3D%220%22%2F%3E%3C%2Fsvg%3E\" data-orig-src=\"https:\/\/www.viatel.se\/dk\/wp-content\/uploads\/sites\/4\/Produktsida_Via900.jpg\" class=\"lazyload img-responsive wp-image-3890\"\/><\/span><div class=\"fusion-sep-clear\"><\/div><div class=\"fusion-separator fusion-full-width-sep\" style=\"margin-left: auto;margin-right: auto;margin-top:30px;margin-bottom:10px;width:100%;\"><\/div><div class=\"fusion-sep-clear\"><\/div><div class=\"fusion-text fusion-text-2\"><h2>Skandinavien<\/h2>\n<\/div><span class=\" fusion-imageframe imageframe-none imageframe-2 hover-type-none\"><a class=\"fusion-no-lightbox\" href=\"https:\/\/www.viatel.se\/dk\/wp-content\/uploads\/sites\/4\/Produktblad_betalnummer_utland_SE-1.pdf\" target=\"_self\" aria-label=\"pdf produktblad\"><img decoding=\"async\" width=\"169\" height=\"54\" alt=\"pdf produktblad\" src=\"data:image\/svg+xml,%3Csvg%20xmlns%3D%27http%3A%2F%2Fwww.w3.org%2F2000%2Fsvg%27%20width%3D%27169%27%20height%3D%2754%27%20viewBox%3D%270%200%20169%2054%27%3E%3Crect%20width%3D%27169%27%20height%3D%2754%27%20fill-opacity%3D%220%22%2F%3E%3C%2Fsvg%3E\" data-orig-src=\"https:\/\/www.viatel.se\/dk\/wp-content\/uploads\/sites\/4\/pdf_produktblad.jpg\" class=\"lazyload img-responsive wp-image-3925\"\/><\/a><\/span><div class=\"fusion-clearfix\"><\/div><\/div><\/div><div class=\"fusion-layout-column fusion_builder_column fusion-builder-column-2 fusion_builder_column_1_2 1_2 fusion-one-half fusion-column-first\" style=\"width:48%; margin-right: 4%;margin-top:0px;margin-bottom:20px;\"><div class=\"fusion-column-wrapper fusion-flex-column-wrapper-legacy\" style=\"background-position:left top;background-repeat:no-repeat;-webkit-background-size:cover;-moz-background-size:cover;-o-background-size:cover;background-size:cover;padding: 0px 0px 0px 0px;\"><div class=\"fusion-text fusion-text-3\"><h2>N\u00e5 en st\u00f6rre marknad<\/h2>\n<p>Om dina kunder finns utanf\u00f6r Sverige kan vi erbjuda betalnummer i Norge och Finland. F\u00f6r dig som redan anv\u00e4nder betalsamtal i Sverige, kan betalnummer i \u00f6vriga Skandinavien vara ett bra s\u00e4tt att f\u00e5 din verksamhet att v\u00e4xa. Vi har l\u00e5ng erfarenhet av den skandinaviska marknaden och hj\u00e4lper dig g\u00e4rna att skapa nya m\u00f6jligheter.<\/p>\n<p>Du beh\u00f6ver inte identifiera din kund eller skicka ut fakturor och slipper kundf\u00f6rluster. Vi ser till att du f\u00e5r betalt f\u00f6r alla samtal, med till\u00e4ggstj\u00e4nsten ViaFinans ser vi dessutom till att det g\u00e5r extra snabbt.<\/p>\n<h2>Kundwebb ger \u00f6verblick<\/h2>\n<p>I din tj\u00e4nst ing\u00e5r utan extra kostnad tillg\u00e5ng till v\u00e5r kundwebb. I webbgr\u00e4nssnittet f\u00e5r du en tydlig \u00f6verblick av din tj\u00e4nst, du kan t.ex f\u00f6lja samtalsstatistiken och anpassa bemanning och marknadsf\u00f6ring d\u00e4refter.<\/p>\n<h2>Administrera din tj\u00e4nst<\/h2>\n<p>I webbgr\u00e4nssnittet kan du \u00e4ven administrera ditt betalnummer och exempelvis l\u00e4gga till och ta bort telefonnummer som du vill\u00a0koppla dina samtal till. Du v\u00e4ljer sj\u00e4lv vilka telefonnummer och i vilken ordning du vill att samtalen till ditt betalnummer ska kopplas fram och det kostar sj\u00e4lvklart ingenting extra att l\u00e4gga till fler telefonnummer.<\/p>\n<\/div><div class=\"fusion-clearfix\"><\/div><\/div><\/div><div class=\"fusion-layout-column fusion_builder_column fusion-builder-column-3 fusion_builder_column_1_2 1_2 fusion-one-half fusion-column-last\" style=\"width:48%;margin-top:0px;margin-bottom:20px;\"><div class=\"fusion-column-wrapper fusion-flex-column-wrapper-legacy\" style=\"background-position:left top;background-repeat:no-repeat;-webkit-background-size:cover;-moz-background-size:cover;-o-background-size:cover;background-size:cover;padding: 0px 0px 0px 0px;\"><div class=\"fusion-text fusion-text-4\"><h2>Norge<\/h2>\n<p>I Norge finns det redan givna tariffer att v\u00e4lja mellan och med prismodellen \u201dpris per minut\u201d kan du v\u00e4lja mellan sju olika tariffer inom spannet 2,00 \u2013 26,00 NOK per minut.<br \/>\nMed prismodellen \u201cpris per samtal\u201d kan du v\u00e4lja mellan sju tariffer med konsumentpris inom spannet 5 \u2013 200 NOK per samtal. Samtalen f\u00e5r som l\u00e4ngst p\u00e5g\u00e5 i 60 minuter, sen avslutas samtalen automatiskt av operat\u00f6ren.<br \/>\nAlla telefoner kan ringa norska betalnummer, allts\u00e5 fasta telefoner, mobilabonnemang och kontantkort.<\/p>\n<p>I Norge m\u00e5ste marknadsf\u00f6ring och inneh\u00e5ll f\u00f6lja norsk lagstiftning.<\/p>\n<h2>Finland<\/h2>\n<p>\u00c4ven i Finland finns det redan givna prisniv\u00e5er. Vid \u201cpris per minut\u201d kan du debitera mellan 0,50 \u2013 5,11 \u20ac\/minut. Samtalet f\u00e5r p\u00e5g\u00e5 hur l\u00e4nge som helst men kunden kan som mest bli debiterad 50 \u20ac, om gr\u00e4nsen \u00e4r uppn\u00e5s avslutas samtalet automatiskt.<br \/>\nMed tariffen \u201dpris per samtal\u201d kan samtalet kosta mellan 0,50 \u2013 40,64 \u20ac per samtal.<br \/>\nDina kunder kan ringa till finska betalnummer fr\u00e5n alla typer av telefoner, d.v.s fasta telefoner, mobilabonnemang och kontantkort.<\/p>\n<p>I Finland regleras betaltelemarknaden av organisationen MAPEL, vars regelverket du l\u00e4sa om i sin helhet p\u00e5 <a href=\"http:\/\/www.mapel.fi\">www.mapel.fi<\/a>.<\/p>\n<\/div><div class=\"fusion-clearfix\"><\/div><\/div><\/div><\/div><\/div>\n","protected":false},"excerpt":{"rendered":"","protected":false},"author":1,"featured_media":0,"parent":13,"menu_order":0,"comment_status":"closed","ping_status":"closed","template":"","meta":{"footnotes":""},"class_list":["post-17","page","type-page","status-publish","hentry"],"yoast_head":"<!-- This site is optimized with the Yoast SEO plugin v25.1 - https:\/\/yoast.com\/wordpress\/plugins\/seo\/ -->\n<title>Flexibla betalnummer f\u00f6r den Skandinaviska marknaden | Viatel<\/title>\n<meta name=\"description\" content=\"Viatel har flest aktiva betalnummer i Sverige och \u00e4r en ledande leverant\u00f6r av betalnummer i \u00f6vriga Skanvinavien.\" \/>\n<meta name=\"robots\" content=\"index, follow, max-snippet:-1, max-image-preview:large, max-video-preview:-1\" \/>\n<link rel=\"canonical\" href=\"https:\/\/www.viatel.se\/dk\/betalnummer\/skandinavien\/\" \/>\n<meta property=\"og:locale\" content=\"sv_SE\" \/>\n<meta property=\"og:type\" content=\"article\" \/>\n<meta property=\"og:title\" content=\"Flexibla betalnummer f\u00f6r den Skandinaviska marknaden | Viatel\" \/>\n<meta property=\"og:description\" content=\"Viatel har flest aktiva betalnummer i Sverige och \u00e4r en ledande leverant\u00f6r av betalnummer i \u00f6vriga Skanvinavien.\" \/>\n<meta property=\"og:url\" content=\"https:\/\/www.viatel.se\/dk\/betalnummer\/skandinavien\/\" \/>\n<meta property=\"og:site_name\" content=\"Viatel DK\" \/>\n<meta property=\"article:modified_time\" content=\"2019-09-13T08:14:29+00:00\" \/>\n<meta property=\"og:image\" content=\"https:\/\/www.viatel.se\/dk\/wp-content\/uploads\/sites\/4\/Produktsida_Via900.jpg\" \/>\n<meta name=\"twitter:card\" content=\"summary_large_image\" \/>\n<meta name=\"twitter:label1\" content=\"Ber\u00e4knad l\u00e4stid\" \/>\n\t<meta name=\"twitter:data1\" content=\"5 minuter\" \/>\n<script type=\"application\/ld+json\" class=\"yoast-schema-graph\">{\"@context\":\"https:\/\/schema.org\",\"@graph\":[{\"@type\":\"WebPage\",\"@id\":\"https:\/\/www.viatel.se\/dk\/betalnummer\/skandinavien\/\",\"url\":\"https:\/\/www.viatel.se\/dk\/betalnummer\/skandinavien\/\",\"name\":\"Flexibla betalnummer f\u00f6r den Skandinaviska marknaden | Viatel\",\"isPartOf\":{\"@id\":\"https:\/\/www.viatel.se\/dk\/#website\"},\"primaryImageOfPage\":{\"@id\":\"https:\/\/www.viatel.se\/dk\/betalnummer\/skandinavien\/#primaryimage\"},\"image\":{\"@id\":\"https:\/\/www.viatel.se\/dk\/betalnummer\/skandinavien\/#primaryimage\"},\"thumbnailUrl\":\"https:\/\/www.viatel.se\/dk\/wp-content\/uploads\/sites\/4\/Produktsida_Via900.jpg\",\"datePublished\":\"2011-12-21T18:25:28+00:00\",\"dateModified\":\"2019-09-13T08:14:29+00:00\",\"description\":\"Viatel har flest aktiva betalnummer i Sverige och \u00e4r en ledande leverant\u00f6r av betalnummer i \u00f6vriga Skanvinavien.\",\"breadcrumb\":{\"@id\":\"https:\/\/www.viatel.se\/dk\/betalnummer\/skandinavien\/#breadcrumb\"},\"inLanguage\":\"sv-SE\",\"potentialAction\":[{\"@type\":\"ReadAction\",\"target\":[\"https:\/\/www.viatel.se\/dk\/betalnummer\/skandinavien\/\"]}]},{\"@type\":\"ImageObject\",\"inLanguage\":\"sv-SE\",\"@id\":\"https:\/\/www.viatel.se\/dk\/betalnummer\/skandinavien\/#primaryimage\",\"url\":\"https:\/\/www.viatel.se\/dk\/wp-content\/uploads\/sites\/4\/Produktsida_Via900.jpg\",\"contentUrl\":\"https:\/\/www.viatel.se\/dk\/wp-content\/uploads\/sites\/4\/Produktsida_Via900.jpg\",\"width\":210,\"height\":261},{\"@type\":\"BreadcrumbList\",\"@id\":\"https:\/\/www.viatel.se\/dk\/betalnummer\/skandinavien\/#breadcrumb\",\"itemListElement\":[{\"@type\":\"ListItem\",\"position\":1,\"name\":\"Hem\",\"item\":\"https:\/\/www.viatel.se\/dk\/\"},{\"@type\":\"ListItem\",\"position\":2,\"name\":\"Betalnummer\",\"item\":\"https:\/\/www.viatel.se\/dk\/betalnummer\/\"},{\"@type\":\"ListItem\",\"position\":3,\"name\":\"Betalnummer Skandinavien\"}]},{\"@type\":\"WebSite\",\"@id\":\"https:\/\/www.viatel.se\/dk\/#website\",\"url\":\"https:\/\/www.viatel.se\/dk\/\",\"name\":\"Viatel DK\",\"description\":\"Betalnummer i Sverige, Norge och Finland\",\"potentialAction\":[{\"@type\":\"SearchAction\",\"target\":{\"@type\":\"EntryPoint\",\"urlTemplate\":\"https:\/\/www.viatel.se\/dk\/?s={search_term_string}\"},\"query-input\":{\"@type\":\"PropertyValueSpecification\",\"valueRequired\":true,\"valueName\":\"search_term_string\"}}],\"inLanguage\":\"sv-SE\"}]}<\/script>\n<!-- \/ Yoast SEO plugin. -->","yoast_head_json":{"title":"Flexibla betalnummer f\u00f6r den Skandinaviska marknaden | Viatel","description":"Viatel har flest aktiva betalnummer i Sverige och \u00e4r en ledande leverant\u00f6r av betalnummer i \u00f6vriga Skanvinavien.","robots":{"index":"index","follow":"follow","max-snippet":"max-snippet:-1","max-image-preview":"max-image-preview:large","max-video-preview":"max-video-preview:-1"},"canonical":"https:\/\/www.viatel.se\/dk\/betalnummer\/skandinavien\/","og_locale":"sv_SE","og_type":"article","og_title":"Flexibla betalnummer f\u00f6r den Skandinaviska marknaden | Viatel","og_description":"Viatel har flest aktiva betalnummer i Sverige och \u00e4r en ledande leverant\u00f6r av betalnummer i \u00f6vriga Skanvinavien.","og_url":"https:\/\/www.viatel.se\/dk\/betalnummer\/skandinavien\/","og_site_name":"Viatel DK","article_modified_time":"2019-09-13T08:14:29+00:00","og_image":[{"url":"https:\/\/www.viatel.se\/dk\/wp-content\/uploads\/sites\/4\/Produktsida_Via900.jpg","type":"","width":"","height":""}],"twitter_card":"summary_large_image","twitter_misc":{"Ber\u00e4knad l\u00e4stid":"5 minuter"},"schema":{"@context":"https:\/\/schema.org","@graph":[{"@type":"WebPage","@id":"https:\/\/www.viatel.se\/dk\/betalnummer\/skandinavien\/","url":"https:\/\/www.viatel.se\/dk\/betalnummer\/skandinavien\/","name":"Flexibla betalnummer f\u00f6r den Skandinaviska marknaden | Viatel","isPartOf":{"@id":"https:\/\/www.viatel.se\/dk\/#website"},"primaryImageOfPage":{"@id":"https:\/\/www.viatel.se\/dk\/betalnummer\/skandinavien\/#primaryimage"},"image":{"@id":"https:\/\/www.viatel.se\/dk\/betalnummer\/skandinavien\/#primaryimage"},"thumbnailUrl":"https:\/\/www.viatel.se\/dk\/wp-content\/uploads\/sites\/4\/Produktsida_Via900.jpg","datePublished":"2011-12-21T18:25:28+00:00","dateModified":"2019-09-13T08:14:29+00:00","description":"Viatel har flest aktiva betalnummer i Sverige och \u00e4r en ledande leverant\u00f6r av betalnummer i \u00f6vriga Skanvinavien.","breadcrumb":{"@id":"https:\/\/www.viatel.se\/dk\/betalnummer\/skandinavien\/#breadcrumb"},"inLanguage":"sv-SE","potentialAction":[{"@type":"ReadAction","target":["https:\/\/www.viatel.se\/dk\/betalnummer\/skandinavien\/"]}]},{"@type":"ImageObject","inLanguage":"sv-SE","@id":"https:\/\/www.viatel.se\/dk\/betalnummer\/skandinavien\/#primaryimage","url":"https:\/\/www.viatel.se\/dk\/wp-content\/uploads\/sites\/4\/Produktsida_Via900.jpg","contentUrl":"https:\/\/www.viatel.se\/dk\/wp-content\/uploads\/sites\/4\/Produktsida_Via900.jpg","width":210,"height":261},{"@type":"BreadcrumbList","@id":"https:\/\/www.viatel.se\/dk\/betalnummer\/skandinavien\/#breadcrumb","itemListElement":[{"@type":"ListItem","position":1,"name":"Hem","item":"https:\/\/www.viatel.se\/dk\/"},{"@type":"ListItem","position":2,"name":"Betalnummer","item":"https:\/\/www.viatel.se\/dk\/betalnummer\/"},{"@type":"ListItem","position":3,"name":"Betalnummer Skandinavien"}]},{"@type":"WebSite","@id":"https:\/\/www.viatel.se\/dk\/#website","url":"https:\/\/www.viatel.se\/dk\/","name":"Viatel DK","description":"Betalnummer i Sverige, Norge och Finland","potentialAction":[{"@type":"SearchAction","target":{"@type":"EntryPoint","urlTemplate":"https:\/\/www.viatel.se\/dk\/?s={search_term_string}"},"query-input":{"@type":"PropertyValueSpecification","valueRequired":true,"valueName":"search_term_string"}}],"inLanguage":"sv-SE"}]}},"_links":{"self":[{"href":"https:\/\/www.viatel.se\/dk\/wp-json\/wp\/v2\/pages\/17","targetHints":{"allow":["GET"]}}],"collection":[{"href":"https:\/\/www.viatel.se\/dk\/wp-json\/wp\/v2\/pages"}],"about":[{"href":"https:\/\/www.viatel.se\/dk\/wp-json\/wp\/v2\/types\/page"}],"author":[{"embeddable":true,"href":"https:\/\/www.viatel.se\/dk\/wp-json\/wp\/v2\/users\/1"}],"replies":[{"embeddable":true,"href":"https:\/\/www.viatel.se\/dk\/wp-json\/wp\/v2\/comments?post=17"}],"version-history":[{"count":178,"href":"https:\/\/www.viatel.se\/dk\/wp-json\/wp\/v2\/pages\/17\/revisions"}],"predecessor-version":[{"id":5057,"href":"https:\/\/www.viatel.se\/dk\/wp-json\/wp\/v2\/pages\/17\/revisions\/5057"}],"up":[{"embeddable":true,"href":"https:\/\/www.viatel.se\/dk\/wp-json\/wp\/v2\/pages\/13"}],"wp:attachment":[{"href":"https:\/\/www.viatel.se\/dk\/wp-json\/wp\/v2\/media?parent=17"}],"curies":[{"name":"wp","href":"https:\/\/api.w.org\/{rel}","templated":true}]}}