{"id":13,"date":"2011-12-21T19:24:43","date_gmt":"2011-12-21T18:24:43","guid":{"rendered":"http:\/\/www.viatel.se\/dk\/?page_id=13"},"modified":"2024-10-18T14:25:41","modified_gmt":"2024-10-18T12:25:41","slug":"betalnummer","status":"publish","type":"page","link":"https:\/\/www.viatel.se\/dk\/betalnummer\/","title":{"rendered":"Betalnummer"},"content":{"rendered":"<div class=\"fusion-fullwidth fullwidth-box fusion-builder-row-1 nonhundred-percent-fullwidth non-hundred-percent-height-scrolling\" style=\"background-color: rgba(255,255,255,0);background-position: left top;background-repeat: no-repeat;padding-top:20px;padding-right:0px;padding-bottom:20px;padding-left:0px;margin-bottom: 0px;margin-top: 0px;border-width: 0px 0px 0px 0px;border-color:#eae9e9;border-style:solid;\" ><div class=\"fusion-builder-row fusion-row\"><div class=\"fusion-layout-column fusion_builder_column fusion-builder-column-0 fusion_builder_column_2_3 2_3 fusion-two-third fusion-column-first preamble\" style=\"width:65.3333%; margin-right: 4%;margin-top:0px;margin-bottom:20px;\"><div class=\"fusion-column-wrapper fusion-flex-column-wrapper-legacy\" style=\"background-position:left top;background-repeat:no-repeat;-webkit-background-size:cover;-moz-background-size:cover;-o-background-size:cover;background-size:cover;padding: 0px 0px 0px 0px;\"><div class=\"fusion-text fusion-text-1\"><h1>Betalingsnummer<br \/>\n&#8211; F\u00e5 betaling for dine opkald<\/h1>\n<p>Med Viatels betalingsnummer nummer f\u00e5r du betalt af den, der ringer op, enten pris per minut eller en fast pris for hele opkaldet. En bekvem betalingsmetode med lave gebyrer og ingen kundetab.<\/p>\n<\/div><ul class=\"fusion-checklist fusion-checklist-1\" style=\"font-size:14px;line-height:23.8px;\"><li class=\"fusion-li-item\"><span style=\"background-color:#8bc34a;font-size:12.32px;height:23.8px;width:23.8px;margin-right:9.8px;\" class=\"icon-wrapper circle-yes\"><i class=\"fusion-li-icon fa fa-check\" style=\"color:#ffffff;\" aria-hidden=\"true\"><\/i><\/span><div class=\"fusion-li-item-content\" style=\"margin-left:33.6px;\">\n<p>Statistik direkte i kundeweb, der viser hvor meget du har tjent<\/p>\n<\/div><\/li><li class=\"fusion-li-item\"><span style=\"background-color:#8bc34a;font-size:12.32px;height:23.8px;width:23.8px;margin-right:9.8px;\" class=\"icon-wrapper circle-yes\"><i class=\"fusion-li-icon fa fa-check\" style=\"color:#ffffff;\" aria-hidden=\"true\"><\/i><\/span><div class=\"fusion-li-item-content\" style=\"margin-left:33.6px;\">\n<p>Du kan \u00e6ndre, hvilket telefonnummer opkaldene skal forbindes til<\/p>\n<\/div><\/li><li class=\"fusion-li-item\"><span style=\"background-color:#8bc34a;font-size:12.32px;height:23.8px;width:23.8px;margin-right:9.8px;\" class=\"icon-wrapper circle-yes\"><i class=\"fusion-li-icon fa fa-check\" style=\"color:#ffffff;\" aria-hidden=\"true\"><\/i><\/span><div class=\"fusion-li-item-content\" style=\"margin-left:33.6px;\">\n<p>Funktion til at \u00e5bne og lukke betalingsnummeret<\/p>\n<\/div><\/li><\/ul><div class=\"fusion-clearfix\"><\/div><\/div><\/div><div class=\"fusion-layout-column fusion_builder_column fusion-builder-column-1 fusion_builder_column_1_3 1_3 fusion-one-third fusion-column-last\" style=\"width:30.6666%;margin-top:0px;margin-bottom:20px;\"><div class=\"fusion-column-wrapper fusion-flex-column-wrapper-legacy\" style=\"background-position:left top;background-repeat:no-repeat;-webkit-background-size:cover;-moz-background-size:cover;-o-background-size:cover;background-size:cover;padding: 0px 0px 0px 0px;\"><div class=\"fusion-sep-clear\"><\/div><div class=\"fusion-separator fusion-full-width-sep\" style=\"margin-left: auto;margin-right: auto;margin-top:100px;margin-bottom:10px;width:100%;\"><div class=\"fusion-separator-border sep-double\" style=\"border-color:#e0dede;border-top-width:0px;border-bottom-width:0px;\"><\/div><\/div><div class=\"fusion-sep-clear\"><\/div><span class=\" fusion-imageframe imageframe-none imageframe-1 hover-type-none\"><img decoding=\"async\" width=\"210\" height=\"261\" title=\"betalnummer\" src=\"data:image\/svg+xml,%3Csvg%20xmlns%3D%27http%3A%2F%2Fwww.w3.org%2F2000%2Fsvg%27%20width%3D%27210%27%20height%3D%27261%27%20viewBox%3D%270%200%20210%20261%27%3E%3Crect%20width%3D%27210%27%20height%3D%27261%27%20fill-opacity%3D%220%22%2F%3E%3C%2Fsvg%3E\" data-orig-src=\"https:\/\/www.viatel.se\/dk\/wp-content\/uploads\/sites\/4\/Produktsida_Via900.jpg\" class=\"lazyload img-responsive wp-image-3890\"\/><\/span><div class=\"fusion-clearfix\"><\/div><\/div><\/div><div class=\"fusion-layout-column fusion_builder_column fusion-builder-column-2 fusion_builder_column_1_2 1_2 fusion-one-half fusion-column-first\" style=\"width:48%; margin-right: 4%;margin-top:0px;margin-bottom:20px;\"><div class=\"fusion-column-wrapper fusion-flex-column-wrapper-legacy\" style=\"background-position:left top;background-repeat:no-repeat;-webkit-background-size:cover;-moz-background-size:cover;-o-background-size:cover;background-size:cover;padding: 0px 0px 0px 0px;\"><div class=\"fusion-text fusion-text-2\"><h2>Praktisk for dig og din kunde<\/h2>\n<p>Der kr\u00e6ves ingen registrering for at kunne betale, og tjenesten kan ogs\u00e5 tilg\u00e5s af forbrugere med et hemmeligt telefonnummer. Du beh\u00f8ver ikke identificere din kunde eller udsende fakturaer og undg\u00e5 kundetab. Din kunde foretager et betalingsopkald for at betale for et produkt eller en tjeneste, hvis omkostninger derefter debiteres deres telefonregning.<\/p>\n<h2>Du bestemmer selv prisen<\/h2>\n<p>Du kan v\u00e6lge at opkr\u00e6ve pr. opkald eller pr. minut og selv bestemme pris og momssats for dit betalingsnummer, afh\u00e6ngig af den ydelse eller det produkt, du s\u00e6lger.<br \/>\n&#8211; V\u00e6lger du prismodellen &#8221;pris pr. minut&#8221;, m\u00e5 hvert opkald maksimalt koste 1.500 SEK, og n\u00e5r gr\u00e6nsen er n\u00e5et, afsluttes opkaldet automatisk.<br \/>\n&#8211; V\u00e6lger du prismodellen &#8221;pris pr. opkald&#8221;, kan du maksimalt opkr\u00e6ve 500 SEK pr. opkald.<br \/>\nAlt efter hvilken type service eller vare du s\u00e6lger, kan vi ogs\u00e5 tilbyde at opkr\u00e6ve h\u00f8jere bel\u00f8b efter aftale.<\/p>\n<h2>Bestem dine \u00e5bningstider<\/h2>\n<p>Har du s\u00e6rlige behov for \u00e5bningstider for dit betalingsnummer, kan du bruge mulighederne: planlagte \u00e5bningstider og manuel \u00e5ben\/lukket.<br \/>\nMed muligheden for planlagte \u00e5bningstider bestemmer du p\u00e5 forh\u00e5nd, hvorn\u00e5r betalingsnummeret skal v\u00e6re \u00e5bent, f.eks. hverdage kl 8.00 \u2013 17.00.<br \/>\nMed den manuelle \u00e5bne\/lukke mulighed g\u00e5r du selv ind og \u00e5bner\/lukker dit betalingsnummer p\u00e5 din kundehjemmeside.<\/p>\n<\/div><div class=\"fusion-clearfix\"><\/div><\/div><\/div><div class=\"fusion-layout-column fusion_builder_column fusion-builder-column-3 fusion_builder_column_1_2 1_2 fusion-one-half fusion-column-last\" style=\"width:48%;margin-top:0px;margin-bottom:20px;\"><div class=\"fusion-column-wrapper fusion-flex-column-wrapper-legacy\" style=\"background-position:left top;background-repeat:no-repeat;-webkit-background-size:cover;-moz-background-size:cover;-o-background-size:cover;background-size:cover;padding: 0px 0px 0px 0px;\"><div class=\"fusion-text fusion-text-3\"><h2>Kundeweb giver overblik<\/h2>\n<p>Som kunde hos os kan du nemt logge ind p\u00e5 vores kundehjemmeside og f\u00e5 et overskueligt og detaljeret overblik over din service. Her finder du f.eks. opkaldsstatistikker, der kan v\u00e6re til stor hj\u00e6lp til at optimere bemanding og markedsf\u00f8ring.<\/p>\n<h2>Administrer din service<\/h2>\n<p>P\u00e5 din kundehjemmeside kan du ogs\u00e5 administrere dit betalingsnummer. Du kan der f.eks. tilf\u00f8je og fjerne telefonnumre, som vi forbinder dine opkald til, og kreditere opkald med et par enkle knaptryk. Krediterede opkald sendes til forbrugerens operat\u00f8r, som tr\u00e6kker opkaldene fra forbrugerens telefonregning.<\/p>\n<h2>Hvordan bestiller jeg?<\/h2>\n<p>Ud fra dine behov kan vi skr\u00e6ddersy l\u00f8sninger til dine betalingsnumre. Den hurtigste m\u00e5de er, hvis du udfylder formularen p\u00e5 siden Kom i gang, s\u00e5 har vi alle informationer fra begyndelsen, men det er ogs\u00e5 godt at maile os p\u00e5 sales@viatel.se eller ringe til os p\u00e5 telefonnummer +46 8-50 60 10 00.<\/p>\n<\/div><div class=\"fusion-clearfix\"><\/div><\/div><\/div><\/div><\/div>\n","protected":false},"excerpt":{"rendered":"","protected":false},"author":1,"featured_media":0,"parent":0,"menu_order":0,"comment_status":"closed","ping_status":"closed","template":"","meta":{"footnotes":""},"class_list":["post-13","page","type-page","status-publish","hentry"],"yoast_head":"<!-- This site is optimized with the Yoast SEO plugin v25.1 - https:\/\/yoast.com\/wordpress\/plugins\/seo\/ -->\n<title>F\u00e5 betalingsnumre til markedets bedste vilk\u00e5r | Viatel<\/title>\n<meta name=\"description\" content=\"Betalingsnummer til de bedste vilk\u00e5r p\u00e5 markedet. Med et betalingsnummer eller betalingsopkald kan du nemt, sikkert og sikkert betale for dine ydelser via mobil og telefon.\" \/>\n<meta name=\"robots\" content=\"index, follow, max-snippet:-1, max-image-preview:large, max-video-preview:-1\" \/>\n<link rel=\"canonical\" href=\"https:\/\/www.viatel.se\/dk\/betalnummer\/\" \/>\n<meta property=\"og:locale\" content=\"sv_SE\" \/>\n<meta property=\"og:type\" content=\"article\" \/>\n<meta property=\"og:title\" content=\"F\u00e5 betalingsnumre til markedets bedste vilk\u00e5r | Viatel\" \/>\n<meta property=\"og:description\" content=\"Betalingsnummer til de bedste vilk\u00e5r p\u00e5 markedet. Med et betalingsnummer eller betalingsopkald kan du nemt, sikkert og sikkert betale for dine ydelser via mobil og telefon.\" \/>\n<meta property=\"og:url\" content=\"https:\/\/www.viatel.se\/dk\/betalnummer\/\" \/>\n<meta property=\"og:site_name\" content=\"Viatel DK\" \/>\n<meta property=\"article:modified_time\" content=\"2024-10-18T12:25:41+00:00\" \/>\n<meta property=\"og:image\" content=\"https:\/\/www.viatel.se\/dk\/wp-content\/uploads\/sites\/4\/Produktsida_Via900.jpg\" \/>\n<meta name=\"twitter:card\" content=\"summary_large_image\" \/>\n<meta name=\"twitter:label1\" content=\"Ber\u00e4knad l\u00e4stid\" \/>\n\t<meta name=\"twitter:data1\" content=\"4 minuter\" \/>\n<script type=\"application\/ld+json\" class=\"yoast-schema-graph\">{\"@context\":\"https:\/\/schema.org\",\"@graph\":[{\"@type\":\"WebPage\",\"@id\":\"https:\/\/www.viatel.se\/dk\/betalnummer\/\",\"url\":\"https:\/\/www.viatel.se\/dk\/betalnummer\/\",\"name\":\"F\u00e5 betalingsnumre til markedets bedste vilk\u00e5r | Viatel\",\"isPartOf\":{\"@id\":\"https:\/\/www.viatel.se\/dk\/#website\"},\"primaryImageOfPage\":{\"@id\":\"https:\/\/www.viatel.se\/dk\/betalnummer\/#primaryimage\"},\"image\":{\"@id\":\"https:\/\/www.viatel.se\/dk\/betalnummer\/#primaryimage\"},\"thumbnailUrl\":\"https:\/\/www.viatel.se\/dk\/wp-content\/uploads\/sites\/4\/Produktsida_Via900.jpg\",\"datePublished\":\"2011-12-21T18:24:43+00:00\",\"dateModified\":\"2024-10-18T12:25:41+00:00\",\"description\":\"Betalingsnummer til de bedste vilk\u00e5r p\u00e5 markedet. Med et betalingsnummer eller betalingsopkald kan du nemt, sikkert og sikkert betale for dine ydelser via mobil og telefon.\",\"breadcrumb\":{\"@id\":\"https:\/\/www.viatel.se\/dk\/betalnummer\/#breadcrumb\"},\"inLanguage\":\"sv-SE\",\"potentialAction\":[{\"@type\":\"ReadAction\",\"target\":[\"https:\/\/www.viatel.se\/dk\/betalnummer\/\"]}]},{\"@type\":\"ImageObject\",\"inLanguage\":\"sv-SE\",\"@id\":\"https:\/\/www.viatel.se\/dk\/betalnummer\/#primaryimage\",\"url\":\"https:\/\/www.viatel.se\/dk\/wp-content\/uploads\/sites\/4\/Produktsida_Via900.jpg\",\"contentUrl\":\"https:\/\/www.viatel.se\/dk\/wp-content\/uploads\/sites\/4\/Produktsida_Via900.jpg\",\"width\":210,\"height\":261},{\"@type\":\"BreadcrumbList\",\"@id\":\"https:\/\/www.viatel.se\/dk\/betalnummer\/#breadcrumb\",\"itemListElement\":[{\"@type\":\"ListItem\",\"position\":1,\"name\":\"Hem\",\"item\":\"https:\/\/www.viatel.se\/dk\/\"},{\"@type\":\"ListItem\",\"position\":2,\"name\":\"Betalnummer\"}]},{\"@type\":\"WebSite\",\"@id\":\"https:\/\/www.viatel.se\/dk\/#website\",\"url\":\"https:\/\/www.viatel.se\/dk\/\",\"name\":\"Viatel DK\",\"description\":\"Betalnummer i Sverige, Norge och Finland\",\"potentialAction\":[{\"@type\":\"SearchAction\",\"target\":{\"@type\":\"EntryPoint\",\"urlTemplate\":\"https:\/\/www.viatel.se\/dk\/?s={search_term_string}\"},\"query-input\":{\"@type\":\"PropertyValueSpecification\",\"valueRequired\":true,\"valueName\":\"search_term_string\"}}],\"inLanguage\":\"sv-SE\"}]}<\/script>\n<!-- \/ Yoast SEO plugin. -->","yoast_head_json":{"title":"F\u00e5 betalingsnumre til markedets bedste vilk\u00e5r | Viatel","description":"Betalingsnummer til de bedste vilk\u00e5r p\u00e5 markedet. Med et betalingsnummer eller betalingsopkald kan du nemt, sikkert og sikkert betale for dine ydelser via mobil og telefon.","robots":{"index":"index","follow":"follow","max-snippet":"max-snippet:-1","max-image-preview":"max-image-preview:large","max-video-preview":"max-video-preview:-1"},"canonical":"https:\/\/www.viatel.se\/dk\/betalnummer\/","og_locale":"sv_SE","og_type":"article","og_title":"F\u00e5 betalingsnumre til markedets bedste vilk\u00e5r | Viatel","og_description":"Betalingsnummer til de bedste vilk\u00e5r p\u00e5 markedet. Med et betalingsnummer eller betalingsopkald kan du nemt, sikkert og sikkert betale for dine ydelser via mobil og telefon.","og_url":"https:\/\/www.viatel.se\/dk\/betalnummer\/","og_site_name":"Viatel DK","article_modified_time":"2024-10-18T12:25:41+00:00","og_image":[{"url":"https:\/\/www.viatel.se\/dk\/wp-content\/uploads\/sites\/4\/Produktsida_Via900.jpg","type":"","width":"","height":""}],"twitter_card":"summary_large_image","twitter_misc":{"Ber\u00e4knad l\u00e4stid":"4 minuter"},"schema":{"@context":"https:\/\/schema.org","@graph":[{"@type":"WebPage","@id":"https:\/\/www.viatel.se\/dk\/betalnummer\/","url":"https:\/\/www.viatel.se\/dk\/betalnummer\/","name":"F\u00e5 betalingsnumre til markedets bedste vilk\u00e5r | Viatel","isPartOf":{"@id":"https:\/\/www.viatel.se\/dk\/#website"},"primaryImageOfPage":{"@id":"https:\/\/www.viatel.se\/dk\/betalnummer\/#primaryimage"},"image":{"@id":"https:\/\/www.viatel.se\/dk\/betalnummer\/#primaryimage"},"thumbnailUrl":"https:\/\/www.viatel.se\/dk\/wp-content\/uploads\/sites\/4\/Produktsida_Via900.jpg","datePublished":"2011-12-21T18:24:43+00:00","dateModified":"2024-10-18T12:25:41+00:00","description":"Betalingsnummer til de bedste vilk\u00e5r p\u00e5 markedet. Med et betalingsnummer eller betalingsopkald kan du nemt, sikkert og sikkert betale for dine ydelser via mobil og telefon.","breadcrumb":{"@id":"https:\/\/www.viatel.se\/dk\/betalnummer\/#breadcrumb"},"inLanguage":"sv-SE","potentialAction":[{"@type":"ReadAction","target":["https:\/\/www.viatel.se\/dk\/betalnummer\/"]}]},{"@type":"ImageObject","inLanguage":"sv-SE","@id":"https:\/\/www.viatel.se\/dk\/betalnummer\/#primaryimage","url":"https:\/\/www.viatel.se\/dk\/wp-content\/uploads\/sites\/4\/Produktsida_Via900.jpg","contentUrl":"https:\/\/www.viatel.se\/dk\/wp-content\/uploads\/sites\/4\/Produktsida_Via900.jpg","width":210,"height":261},{"@type":"BreadcrumbList","@id":"https:\/\/www.viatel.se\/dk\/betalnummer\/#breadcrumb","itemListElement":[{"@type":"ListItem","position":1,"name":"Hem","item":"https:\/\/www.viatel.se\/dk\/"},{"@type":"ListItem","position":2,"name":"Betalnummer"}]},{"@type":"WebSite","@id":"https:\/\/www.viatel.se\/dk\/#website","url":"https:\/\/www.viatel.se\/dk\/","name":"Viatel DK","description":"Betalnummer i Sverige, Norge och Finland","potentialAction":[{"@type":"SearchAction","target":{"@type":"EntryPoint","urlTemplate":"https:\/\/www.viatel.se\/dk\/?s={search_term_string}"},"query-input":{"@type":"PropertyValueSpecification","valueRequired":true,"valueName":"search_term_string"}}],"inLanguage":"sv-SE"}]}},"_links":{"self":[{"href":"https:\/\/www.viatel.se\/dk\/wp-json\/wp\/v2\/pages\/13","targetHints":{"allow":["GET"]}}],"collection":[{"href":"https:\/\/www.viatel.se\/dk\/wp-json\/wp\/v2\/pages"}],"about":[{"href":"https:\/\/www.viatel.se\/dk\/wp-json\/wp\/v2\/types\/page"}],"author":[{"embeddable":true,"href":"https:\/\/www.viatel.se\/dk\/wp-json\/wp\/v2\/users\/1"}],"replies":[{"embeddable":true,"href":"https:\/\/www.viatel.se\/dk\/wp-json\/wp\/v2\/comments?post=13"}],"version-history":[{"count":430,"href":"https:\/\/www.viatel.se\/dk\/wp-json\/wp\/v2\/pages\/13\/revisions"}],"predecessor-version":[{"id":3631,"href":"https:\/\/www.viatel.se\/dk\/wp-json\/wp\/v2\/pages\/13\/revisions\/3631"}],"wp:attachment":[{"href":"https:\/\/www.viatel.se\/dk\/wp-json\/wp\/v2\/media?parent=13"}],"curies":[{"name":"wp","href":"https:\/\/api.w.org\/{rel}","templated":true}]}}